{"id":2283,"date":"2020-12-15T11:59:09","date_gmt":"2020-12-15T09:59:09","guid":{"rendered":"https:\/\/luontoemo.demo4.xetnet.com\/tuote\/import-placeholder-for-816\/"},"modified":"2026-03-02T21:58:14","modified_gmt":"2026-03-02T19:58:14","slug":"honeysuckle-kuusama-lonicera-caprifolium","status":"publish","type":"product","link":"https:\/\/luontoemo.fi\/en\/tuote\/honeysuckle-kuusama-lonicera-caprifolium\/","title":{"rendered":"Honeysuckle (Kuusama &#8211; Lonicera caprifolium)"},"content":{"rendered":"<p>Honeysuckle on menneisyyden muistoihin liikaa kiinnittyneille. Honeysucklea tarvitsevilla ihmisill\u00e4 on taipumusta el\u00e4\u00e4 menneisyydess\u00e4, er\u00e4\u00e4nlaisessa koti-ik\u00e4v\u00e4n tai nostalgian tilassa. He ovat pahoillaan, mutta kyvytt\u00f6mi\u00e4 muuttamaan nykyisi\u00e4 olosuhteita, koska he katsovat jatkuvasti taakse menneisyyteen. He saattavat olla kiinni menetetyiss\u00e4 rakkaissaan tai onnellisimmissa p\u00e4iviss\u00e4, tai he ovat kyvytt\u00f6mi\u00e4 p\u00e4\u00e4sem\u00e4\u00e4n menneisyyden onnettomien kokemusten yli.<\/p>\n<p>Heid\u00e4n on vaikea p\u00e4\u00e4st\u00e4 menetysten yli, ja he viittaavat jatkuvasti keskustelussa menneisyyteen. Honeysuckle voi olla hy\u00f6dyllinen omaisensa menett\u00e4neille, ty\u00f6tt\u00f6mille tai niille, jotka ovat ep\u00e4onnistuneet liike-el\u00e4m\u00e4ss\u00e4, ja etenkin vanhemmille ihmisille, jotka el\u00e4v\u00e4t yksin<\/p>\n<p>Honeysucklen positiivisena mahdollisuutena on kyky el\u00e4\u00e4 nykyhetkess\u00e4 niin, ettei menneisyys en\u00e4\u00e4 tunnu ylivoimaiselta, vaan se n\u00e4ytt\u00e4ytyy arvokkaana kokemuksena, jonka kautta v\u00e4littyy l\u00e4ksyj\u00e4 t\u00e4h\u00e4n p\u00e4iv\u00e4\u00e4n. Henkil\u00f6 voi nyt siirty\u00e4 eteenp\u00e4in el\u00e4m\u00e4ss\u00e4\u00e4n ilman katumusta. Ik\u00e4\u00e4ntyminen hyv\u00e4ksyt\u00e4\u00e4n luonnollisena prosessina.<\/p>\n<p>20 ml pullo<\/p>\n<div>\n<div>Valmistaja: Original Bach Flower Remedies, Lontoo<\/div>\n<\/div>\n<p>Markkinoija: Aduki, Helsinki<\/p>\n","protected":false},"excerpt":{"rendered":"<p>Kuusamauute sopii menneisyydess\u00e4 el\u00e4v\u00e4lle ihmiselle, joka on menett\u00e4nyt kiinnostuksensa nykyhetkeen eik\u00e4 odota tulevaisuudelta mit\u00e4\u00e4n my\u00f6nteist\u00e4. Potee koti-ik\u00e4v\u00e4\u00e4, on nostalginen.<\/p>\n","protected":false},"featured_media":2352,"comment_status":"open","ping_status":"closed","template":"","meta":{"_et_pb_use_builder":"","_et_pb_old_content":"","_et_gb_content_width":""},"product_brand":[],"product_cat":[44,30],"product_tag":[226,225],"class_list":{"0":"post-2283","1":"product","2":"type-product","3":"status-publish","4":"has-post-thumbnail","6":"product_cat-bachin-kukkaterapia","7":"product_cat-kukkaterapia","8":"product_tag-bach","9":"product_tag-kukkaterapia","11":"first","12":"instock","13":"taxable","14":"shipping-taxable","15":"purchasable","16":"product-type-simple"},"_links":{"self":[{"href":"https:\/\/luontoemo.fi\/en\/wp-json\/wp\/v2\/product\/2283","targetHints":{"allow":["GET"]}}],"collection":[{"href":"https:\/\/luontoemo.fi\/en\/wp-json\/wp\/v2\/product"}],"about":[{"href":"https:\/\/luontoemo.fi\/en\/wp-json\/wp\/v2\/types\/product"}],"replies":[{"embeddable":true,"href":"https:\/\/luontoemo.fi\/en\/wp-json\/wp\/v2\/comments?post=2283"}],"wp:featuredmedia":[{"embeddable":true,"href":"https:\/\/luontoemo.fi\/en\/wp-json\/wp\/v2\/media\/2352"}],"wp:attachment":[{"href":"https:\/\/luontoemo.fi\/en\/wp-json\/wp\/v2\/media?parent=2283"}],"wp:term":[{"taxonomy":"product_brand","embeddable":true,"href":"https:\/\/luontoemo.fi\/en\/wp-json\/wp\/v2\/product_brand?post=2283"},{"taxonomy":"product_cat","embeddable":true,"href":"https:\/\/luontoemo.fi\/en\/wp-json\/wp\/v2\/product_cat?post=2283"},{"taxonomy":"product_tag","embeddable":true,"href":"https:\/\/luontoemo.fi\/en\/wp-json\/wp\/v2\/product_tag?post=2283"}],"curies":[{"name":"wp","href":"https:\/\/api.w.org\/{rel}","templated":true}]}}