{"id":2282,"date":"2020-12-15T11:59:08","date_gmt":"2020-12-15T09:59:08","guid":{"rendered":"https:\/\/luontoemo.demo4.xetnet.com\/tuote\/import-placeholder-for-815\/"},"modified":"2026-03-02T21:58:14","modified_gmt":"2026-03-02T19:58:14","slug":"holly-piikkipaatsama-orjanlaakeri-ilex-aquifolium","status":"publish","type":"product","link":"https:\/\/luontoemo.fi\/en\/tuote\/holly-piikkipaatsama-orjanlaakeri-ilex-aquifolium\/","title":{"rendered":"Holly (Piikkipaatsama\/Orjanlaakeri &#8211; Ilex aquifolium)"},"content":{"rendered":"<p>Holly on ihmisille, jotka voivat olla pahantuulisia, kovasyd\u00e4misi\u00e4, jopa julmia ja ajoittain v\u00e4kivaltaisia. He k\u00e4rsiv\u00e4t sis\u00e4isesti \u2013 usein ilman mit\u00e4\u00e4n hyv\u00e4\u00e4 syyt\u00e4. Heid\u00e4n on vaikea avata syd\u00e4nt\u00e4\u00e4n rakkaudelle. Negatiivisessa Holly-tilassa yksil\u00f6 on t\u00e4ynn\u00e4 vihaa, kateutta ja mustasukkaisuutta. Koska Holly-ihminen k\u00e4rsii ehk\u00e4 tiedostamattaan ep\u00e4varmuudesta, h\u00e4n on ep\u00e4luuloinen ja aggressiivinen. H\u00e4nelt\u00e4 puuttuu kyky rakastaa, ja h\u00e4n tuntee yleist\u00e4 vihaa kanssaihmisi\u00e4\u00e4n kohtaan. Holly on hyv\u00e4 uute lapsille, jotka ovat mustasukkaisia sisaruksilleen.<\/p>\n<p>Hollyn positiivisena mahdollisuutena on jalosyd\u00e4minen ihminen, joka kykenee antamaan ilman vaatimusta vastalahjasta. T\u00e4llaiset ihmiset ovat my\u00f6t\u00e4tuntoisia, rakastavia ja rakastettavia. He ovat valmiita jakamaan ja auttamaan muita, vaikka heill\u00e4 olisi omiakin ongelmia. Sis\u00e4isen harmonian aikaansaamana he tuntevat aitoa mielihyv\u00e4\u00e4 toisten ihmisten onnistumisista. Tri Bach kirjoitti: &#8220;Holly suojelee meit\u00e4 kaikelta, mik\u00e4 ei ole Universaalia Rakkautta. Holly avaa syd\u00e4men ja yhdist\u00e4\u00e4 meid\u00e4t Jumalalliseen Rakkauteen.&#8221;<\/p>\n<table border=\"0\">\n<tbody>\n<tr>\n<td><strong>Ominaisuudet<\/strong><\/td>\n<\/tr>\n<tr>\n<td>20 ml pullo<\/td>\n<\/tr>\n<\/tbody>\n<\/table>\n","protected":false},"excerpt":{"rendered":"<p>Piikkipaatsamaa suositellaan ihmiselle, joka k\u00e4rsii \u00e4\u00e4rimm\u00e4isest\u00e4 mustasukkaisuudesta, vihasta ja koston tunteista. On kateellinen ja ep\u00e4luuloinen, pelk\u00e4\u00e4 tulevansa petetyksi.<\/p>\n","protected":false},"featured_media":4655,"comment_status":"open","ping_status":"closed","template":"","meta":{"_et_pb_use_builder":"","_et_pb_old_content":"","_et_gb_content_width":""},"product_brand":[],"product_cat":[297,296],"product_tag":[278,468,339,469],"class_list":{"0":"post-2282","1":"product","2":"type-product","3":"status-publish","4":"has-post-thumbnail","6":"product_cat-bach-flower-remedies","7":"product_cat-flower-remedies","8":"product_tag-bach-en","9":"product_tag-holly","10":"product_tag-flower-therapy","11":"product_tag-piikkipaatsama","13":"first","14":"instock","15":"taxable","16":"shipping-taxable","17":"purchasable","18":"product-type-simple"},"_links":{"self":[{"href":"https:\/\/luontoemo.fi\/en\/wp-json\/wp\/v2\/product\/2282","targetHints":{"allow":["GET"]}}],"collection":[{"href":"https:\/\/luontoemo.fi\/en\/wp-json\/wp\/v2\/product"}],"about":[{"href":"https:\/\/luontoemo.fi\/en\/wp-json\/wp\/v2\/types\/product"}],"replies":[{"embeddable":true,"href":"https:\/\/luontoemo.fi\/en\/wp-json\/wp\/v2\/comments?post=2282"}],"wp:featuredmedia":[{"embeddable":true,"href":"https:\/\/luontoemo.fi\/en\/wp-json\/wp\/v2\/media\/4655"}],"wp:attachment":[{"href":"https:\/\/luontoemo.fi\/en\/wp-json\/wp\/v2\/media?parent=2282"}],"wp:term":[{"taxonomy":"product_brand","embeddable":true,"href":"https:\/\/luontoemo.fi\/en\/wp-json\/wp\/v2\/product_brand?post=2282"},{"taxonomy":"product_cat","embeddable":true,"href":"https:\/\/luontoemo.fi\/en\/wp-json\/wp\/v2\/product_cat?post=2282"},{"taxonomy":"product_tag","embeddable":true,"href":"https:\/\/luontoemo.fi\/en\/wp-json\/wp\/v2\/product_tag?post=2282"}],"curies":[{"name":"wp","href":"https:\/\/api.w.org\/{rel}","templated":true}]}}