{"id":2281,"date":"2020-12-15T11:59:08","date_gmt":"2020-12-15T09:59:08","guid":{"rendered":"https:\/\/luontoemo.demo4.xetnet.com\/tuote\/import-placeholder-for-814\/"},"modified":"2024-11-25T19:42:37","modified_gmt":"2024-11-25T17:42:37","slug":"heather-kanerva-calluna-vulgaris","status":"publish","type":"product","link":"https:\/\/luontoemo.fi\/en\/tuote\/heather-kanerva-calluna-vulgaris\/","title":{"rendered":"Heather (Kanerva &#8211; Calluna vulgaris)"},"content":{"rendered":"<p>Heather sopii niille, jotka ovat syventyneet omiin tilanteisiinsa tai vaivoihinsa ja ovat kyvytt\u00f6mi\u00e4 aitoon kahdensuuntaiseen kommunikointiin muiden kanssa. He ajavat muut pois \u00e4\u00e4rimm\u00e4isell\u00e4 takertumisellaan. He liioittelevat oireitaan tai tekev\u00e4t k\u00e4rp\u00e4sest\u00e4 h\u00e4rk\u00e4sen. Heill\u00e4 on pakonomainen tarve puhua, he tarvitsevat yleis\u00f6\u00e4 ja takertuvat ihmisiin kertoakseen pitki\u00e4 yksityiskohtia itsest\u00e4\u00e4n. Heill\u00e4 on tapana puhua nopeasti l\u00e4hell\u00e4 kuuntelijan kasvoja. <\/p>\n<p>He eiv\u00e4t pid\u00e4 yksinolosta, mutta eiv\u00e4t onnistu tajuamaan, ett\u00e4 heit\u00e4 v\u00e4ltet\u00e4\u00e4n, koska he kuluttavat toisten ihmisten elinvoiman loppuun, eiv\u00e4tk\u00e4 kiinnit\u00e4 mit\u00e4\u00e4n huomiota toisten ihmisten ongelmiin.<\/p>\n<p>Heatherin positiivisena mahdollisuutena on hyv\u00e4 kuuntelija, joka auttaa muita auliisti, ep\u00e4itsekk\u00e4\u00e4sti ja ymm\u00e4rt\u00e4en muitten ihmisten ongelmia. Positiiviset Heather-ihmiset kykenev\u00e4t k\u00e4\u00e4nt\u00e4m\u00e4\u00e4n oman k\u00e4rsimyksens\u00e4 hyv\u00e4\u00e4n k\u00e4ytt\u00f6\u00f6n osoittamalla my\u00f6t\u00e4tuntoa muille.<\/p>\n<\/p>\n<table border=\"0\">\n<tbody>\n<tr>\n<td><strong>Ominaisuudet<\/strong><\/td>\n<\/tr>\n<tr>\n<td>20 ml pullo\u00a0<\/td>\n<\/tr>\n<\/tbody>\n<\/table>\n","protected":false},"excerpt":{"rendered":"<p>Kanervauute on ihmiselle, joka on kiinnostunut vain itsest\u00e4\u00e4n eik\u00e4 kykene kuuntelemaan muita. Ei pid\u00e4 yksinolemisesta, on toisten ihmisten seurassakin yksin\u00e4inen ja puhuu liikaa.<\/p>\n","protected":false},"featured_media":0,"comment_status":"open","ping_status":"closed","template":"","meta":{"_et_pb_use_builder":"","_et_pb_old_content":"","_et_gb_content_width":""},"product_brand":[],"product_cat":[296],"product_tag":[278,339],"class_list":{"0":"post-2281","1":"product","2":"type-product","3":"status-publish","5":"product_cat-flower-remedies","6":"product_tag-bach-en","7":"product_tag-flower-therapy","9":"first","10":"outofstock","11":"taxable","12":"shipping-taxable","13":"purchasable","14":"product-type-simple"},"_links":{"self":[{"href":"https:\/\/luontoemo.fi\/en\/wp-json\/wp\/v2\/product\/2281","targetHints":{"allow":["GET"]}}],"collection":[{"href":"https:\/\/luontoemo.fi\/en\/wp-json\/wp\/v2\/product"}],"about":[{"href":"https:\/\/luontoemo.fi\/en\/wp-json\/wp\/v2\/types\/product"}],"replies":[{"embeddable":true,"href":"https:\/\/luontoemo.fi\/en\/wp-json\/wp\/v2\/comments?post=2281"}],"wp:attachment":[{"href":"https:\/\/luontoemo.fi\/en\/wp-json\/wp\/v2\/media?parent=2281"}],"wp:term":[{"taxonomy":"product_brand","embeddable":true,"href":"https:\/\/luontoemo.fi\/en\/wp-json\/wp\/v2\/product_brand?post=2281"},{"taxonomy":"product_cat","embeddable":true,"href":"https:\/\/luontoemo.fi\/en\/wp-json\/wp\/v2\/product_cat?post=2281"},{"taxonomy":"product_tag","embeddable":true,"href":"https:\/\/luontoemo.fi\/en\/wp-json\/wp\/v2\/product_tag?post=2281"}],"curies":[{"name":"wp","href":"https:\/\/api.w.org\/{rel}","templated":true}]}}