{"id":2277,"date":"2020-12-15T11:59:05","date_gmt":"2020-12-15T09:59:05","guid":{"rendered":"https:\/\/luontoemo.demo4.xetnet.com\/tuote\/import-placeholder-for-810\/"},"modified":"2026-03-02T21:58:14","modified_gmt":"2026-03-02T19:58:14","slug":"crab-apple-villiomenapuu-malus-pumila","status":"publish","type":"product","link":"https:\/\/luontoemo.fi\/en\/tuote\/crab-apple-villiomenapuu-malus-pumila\/","title":{"rendered":"Crab Apple (Villiomenapuu &#8211; Malus pumila)"},"content":{"rendered":"<p>Crab Apple on puhdistusuute mielelle ja keholle, ja sit\u00e4 suositellaan niille, jotka tuntevat itsens\u00e4 likaisiksi ja k\u00e4rsiv\u00e4t heikosta min\u00e4kuvasta. Crab Apple \u2013 ihmiset saattavat huolehtia pakkomielteisesti kotinsa siisteydest\u00e4, tai heill\u00e4 on mentaalinen pakkomielle siisteydest\u00e4 ja pikkuasioista. Crab Apple sopii ihmisille, jotka h\u00e4pe\u00e4v\u00e4t tai joita nolostuttavat fyysiset oireet, kuten erilaiset iho-ongelmat; he ovat masentuneita, jos hoito ep\u00e4onnistuu (ks. my\u00f6s Gentian).<\/p>\n<p>Ihmiset, joilla on iho-ongelmia, voivat k\u00e4ytt\u00e4\u00e4 Crab Applea ulkoisesti iholle (muutama tippa veteen), hauteena tai lis\u00e4t\u00e4 sit\u00e4 kylpyveteen (10 tippaa).<\/p>\n<p>Crab Applen positiivisena mahdollisuutena on hyv\u00e4ksy\u00e4 itsens\u00e4 ja ep\u00e4t\u00e4ydellisyytens\u00e4. Positiivisella Crab Apple-ihmisell\u00e4 on my\u00f6nteinen min\u00e4kuva ja he suhtautuvat rennosti ulkon\u00e4k\u00f6\u00f6ns\u00e4 ja ymp\u00e4rist\u00f6\u00f6ns\u00e4.<\/p>\n<table border=\"0\">\n<tbody>\n<tr>\n<td><strong>Ominaisuudet<\/strong><\/td>\n<\/tr>\n<tr>\n<td>20 ml pullo<\/td>\n<\/tr>\n<\/tbody>\n<\/table>\n","protected":false},"excerpt":{"rendered":"<p>Villiomenaa suositellaan ihmiselle, jolla on huono min\u00e4kuva ja hygieniapakkomielle. T\u00e4llainen henkil\u00f6 saattaa suhtautua sy\u00f6miseen tai seksiin vastenmielisesti eik\u00e4 sied\u00e4 j\u00e4rjestyksen puutetta.<\/p>\n","protected":false},"featured_media":3022,"comment_status":"open","ping_status":"closed","template":"","meta":{"_et_pb_use_builder":"","_et_pb_old_content":"","_et_gb_content_width":""},"product_brand":[],"product_cat":[30,44],"product_tag":[226,467,225,466],"class_list":{"0":"post-2277","1":"product","2":"type-product","3":"status-publish","4":"has-post-thumbnail","6":"product_cat-kukkaterapia","7":"product_cat-bachin-kukkaterapia","8":"product_tag-bach","9":"product_tag-carab-apple","10":"product_tag-kukkaterapia","11":"product_tag-villiomena","13":"first","14":"instock","15":"taxable","16":"shipping-taxable","17":"purchasable","18":"product-type-simple"},"_links":{"self":[{"href":"https:\/\/luontoemo.fi\/en\/wp-json\/wp\/v2\/product\/2277","targetHints":{"allow":["GET"]}}],"collection":[{"href":"https:\/\/luontoemo.fi\/en\/wp-json\/wp\/v2\/product"}],"about":[{"href":"https:\/\/luontoemo.fi\/en\/wp-json\/wp\/v2\/types\/product"}],"replies":[{"embeddable":true,"href":"https:\/\/luontoemo.fi\/en\/wp-json\/wp\/v2\/comments?post=2277"}],"wp:featuredmedia":[{"embeddable":true,"href":"https:\/\/luontoemo.fi\/en\/wp-json\/wp\/v2\/media\/3022"}],"wp:attachment":[{"href":"https:\/\/luontoemo.fi\/en\/wp-json\/wp\/v2\/media?parent=2277"}],"wp:term":[{"taxonomy":"product_brand","embeddable":true,"href":"https:\/\/luontoemo.fi\/en\/wp-json\/wp\/v2\/product_brand?post=2277"},{"taxonomy":"product_cat","embeddable":true,"href":"https:\/\/luontoemo.fi\/en\/wp-json\/wp\/v2\/product_cat?post=2277"},{"taxonomy":"product_tag","embeddable":true,"href":"https:\/\/luontoemo.fi\/en\/wp-json\/wp\/v2\/product_tag?post=2277"}],"curies":[{"name":"wp","href":"https:\/\/api.w.org\/{rel}","templated":true}]}}