{"id":2276,"date":"2020-12-15T11:59:04","date_gmt":"2020-12-15T09:59:04","guid":{"rendered":"https:\/\/luontoemo.demo4.xetnet.com\/tuote\/import-placeholder-for-809\/"},"modified":"2026-04-09T10:53:50","modified_gmt":"2026-04-09T07:53:50","slug":"clematis-elamanlanka-saksankarho-clematis-vitalba","status":"publish","type":"product","link":"https:\/\/luontoemo.fi\/en\/tuote\/clematis-elamanlanka-saksankarho-clematis-vitalba\/","title":{"rendered":"Clematis (El\u00e4m\u00e4nlanka\/ Saksank\u00e4rh\u00f6 &#8211; Clematis vitalba)"},"content":{"rendered":"<p>Clematis on ihmisille, jotka el\u00e4v\u00e4t omissa maailmoissaan osoittamatta lainkaan kiinnostusta todellista maailmaa kohtaan. Heid\u00e4n on vaikea el\u00e4\u00e4 nykyhetkess\u00e4. He eiv\u00e4t ole oikein onnellisia, vaan kaipaavat parempia aikoja; he eiv\u00e4t kuitenkaan tee mit\u00e4\u00e4n aktiivista niiden saavuttamiseksi. Heill\u00e4 on huono muisti ja huono p\u00e4\u00e4 yksityiskohtien ymm\u00e4rt\u00e4miseen. Heill\u00e4 on yleens\u00e4 energian puutetta, ja he vaikuttavat poissaolevilta. He pit\u00e4v\u00e4t yksinolosta ja v\u00e4ltt\u00e4v\u00e4t yhteenottoja vet\u00e4ytym\u00e4ll\u00e4. Sairastuessaan he eiv\u00e4t tee elett\u00e4k\u00e4\u00e4n parantuakseen. He saattavat olla voimakkaan romanttisia. Clematis sopii ihmisille, jotka ovat menett\u00e4neet rakkaansa ja kaipaavat h\u00e4nen luokseen. Keskittymisen puutteesta johtuen he saattavat olla tapaturmaalttiita.<\/p>\n<p>Clematis-lapsilla on keskittymisvaikeuksia, jotka johtuvat paremminkin taipumuksesta p\u00e4iv\u00e4unelmointiin kuin sis\u00e4isten kykyjen puutteesta. Clematiksen positiivisina mahdollisuuksina ovat vire\u00e4 kiinnostus ymp\u00e4r\u00f6iv\u00e4\u00e4 maailmaa kohtaan sek\u00e4 el\u00e4m\u00e4nnautinto.<\/p>\n<p>Positiiviset Clematis-ihmiset ovat avoimia vaikutteille ja k\u00e4ytt\u00e4v\u00e4t luovia mahdollisuuksiaan esimerkiksi taiteeseen, kirjoittamiseen, suunnitteluun, muotiin tai parantamiseen. Heill\u00e4 on realistisina ja maanl\u00e4heisin\u00e4 ihmisin\u00e4 k\u00e4sitys asioiden tarkoituksesta, ja he tunnistavat, ett\u00e4 nykyisyys muotoilee tulevaisuuden. He ovat hyvin maadoittuneita ja pystyv\u00e4t kontrolloimaan ajatuksiaan.<\/p>\n<table border=\"0\">\n<tbody>\n<tr>\n<td><strong>Ominaisuudet<\/strong><\/td>\n<\/tr>\n<tr>\n<td>20 ml pullo<\/td>\n<\/tr>\n<\/tbody>\n<\/table>\n","protected":false},"excerpt":{"rendered":"<p>Clematis sopii taiteelliselle haaveilijalle, jolla on taipumusta keskittymiskyvyn puutteeseen sek\u00e4 yleisesti hyvin v\u00e4h\u00e4n kiinnostusta nykyhetkeen ja todellisuuteen.<\/p>\n","protected":false},"featured_media":3024,"comment_status":"open","ping_status":"closed","template":"","meta":{"_et_pb_use_builder":"","_et_pb_old_content":"","_et_gb_content_width":""},"product_brand":[],"product_cat":[30,44],"product_tag":[226,470,471,225,472],"class_list":{"0":"post-2276","1":"product","2":"type-product","3":"status-publish","4":"has-post-thumbnail","6":"product_cat-kukkaterapia","7":"product_cat-bachin-kukkaterapia","8":"product_tag-bach","9":"product_tag-clematis","10":"product_tag-elamanlanka","11":"product_tag-kukkaterapia","12":"product_tag-saksankarho","14":"first","15":"outofstock","16":"taxable","17":"shipping-taxable","18":"purchasable","19":"product-type-simple"},"_links":{"self":[{"href":"https:\/\/luontoemo.fi\/en\/wp-json\/wp\/v2\/product\/2276","targetHints":{"allow":["GET"]}}],"collection":[{"href":"https:\/\/luontoemo.fi\/en\/wp-json\/wp\/v2\/product"}],"about":[{"href":"https:\/\/luontoemo.fi\/en\/wp-json\/wp\/v2\/types\/product"}],"replies":[{"embeddable":true,"href":"https:\/\/luontoemo.fi\/en\/wp-json\/wp\/v2\/comments?post=2276"}],"wp:featuredmedia":[{"embeddable":true,"href":"https:\/\/luontoemo.fi\/en\/wp-json\/wp\/v2\/media\/3024"}],"wp:attachment":[{"href":"https:\/\/luontoemo.fi\/en\/wp-json\/wp\/v2\/media?parent=2276"}],"wp:term":[{"taxonomy":"product_brand","embeddable":true,"href":"https:\/\/luontoemo.fi\/en\/wp-json\/wp\/v2\/product_brand?post=2276"},{"taxonomy":"product_cat","embeddable":true,"href":"https:\/\/luontoemo.fi\/en\/wp-json\/wp\/v2\/product_cat?post=2276"},{"taxonomy":"product_tag","embeddable":true,"href":"https:\/\/luontoemo.fi\/en\/wp-json\/wp\/v2\/product_tag?post=2276"}],"curies":[{"name":"wp","href":"https:\/\/api.w.org\/{rel}","templated":true}]}}