{"id":2274,"date":"2020-12-15T11:59:03","date_gmt":"2020-12-15T09:59:03","guid":{"rendered":"https:\/\/luontoemo.demo4.xetnet.com\/tuote\/import-placeholder-for-807\/"},"modified":"2026-03-02T21:58:15","modified_gmt":"2026-03-02T19:58:15","slug":"chestnut-bud-kastanjannuppu-aesculus-hippocastanum","status":"publish","type":"product","link":"https:\/\/luontoemo.fi\/en\/tuote\/chestnut-bud-kastanjannuppu-aesculus-hippocastanum\/","title":{"rendered":"Chestnut Bud (Kastanjannuppu &#8211; Aesculus hippocastanum)"},"content":{"rendered":"<p>Chestnut Bud on niille, jotka eiv\u00e4t ota kokemuksesta opikseen. T\u00e4m\u00e4 tekee heid\u00e4t kyvytt\u00f6miksi edistym\u00e4\u00e4n el\u00e4m\u00e4ss\u00e4\u00e4n. Henkil\u00f6 toistaa aina vain samoja virheit\u00e4, kuten kompastuu uudelleen ja uudelleen v\u00e4\u00e4r\u00e4nlaiseen kumppaniin tai jatkaa ty\u00f6ntekoa h\u00e4nelle sopimattomassa ty\u00f6ss\u00e4. Sen sijaan, ett\u00e4 oppisivat menneist\u00e4 virheist\u00e4, Chestnut Bud \u2013 ihmiset yritt\u00e4v\u00e4t unohtaa ne, eik\u00e4 heill\u00e4 sen t\u00e4hden ole mit\u00e4\u00e4n perustaa, jolle tehd\u00e4 tulevaisuuden p\u00e4\u00e4t\u00f6ksi\u00e4.<\/p>\n<p>He saattavat k\u00e4rsi\u00e4 toistuvista oireista, mutta eiv\u00e4t koskaan kyseenalaista sit\u00e4, miksi he aina toistavat menneisyyden malleja. T\u00e4ll\u00e4 tavoin he ep\u00e4onnistuvat perimm\u00e4isen syyn k\u00e4sittelyss\u00e4. Positiiviset mahdollisuudet: Tri Bach kirjoitti: \u201eT\u00e4m\u00e4 uute auttaa meit\u00e4 saamaan t\u00e4yden hy\u00f6dyn p\u00e4ivitt\u00e4isist\u00e4 kokemuksista ja n\u00e4kem\u00e4\u00e4n itsemme ja virheemme niin kuin muut ne n\u00e4kev\u00e4t.\u201c Positiivinen Chestnut Bud \u2013 persoonallisuus huomaa omat virheens\u00e4 objektiivisesti ja oppii jokaisesta kokemuksesta. H\u00e4n saa tiet\u00e4myst\u00e4 ja viisautta edet\u00e4kseen el\u00e4m\u00e4ss\u00e4\u00e4n eteenp\u00e4in. Koska h\u00e4n on mentaalisesti aktiivinen, h\u00e4n my\u00f6s tarkkailee ja oppii toisilta.<\/p>\n<table border=\"0\">\n<tbody>\n<tr>\n<td><strong>Ominaisuudet<\/strong><\/td>\n<\/tr>\n<tr>\n<td>20 ml pullo<\/td>\n<\/tr>\n<\/tbody>\n<\/table>\n","protected":false},"excerpt":{"rendered":"<p>Kastanjannuppu on ihmiselle, joka ei kykene oppimaan eik\u00e4 sulattamaan aikaisempia kokemuksiaan. Toistaa samoja virheit\u00e4 ajatusten kulkiessa askeleen edell\u00e4 todellisuutta.<\/p>\n","protected":false},"featured_media":3028,"comment_status":"open","ping_status":"closed","template":"","meta":{"_et_pb_use_builder":"","_et_pb_old_content":"","_et_gb_content_width":""},"product_brand":[],"product_cat":[297,296],"product_tag":[278,477,478,339],"class_list":{"0":"post-2274","1":"product","2":"type-product","3":"status-publish","4":"has-post-thumbnail","6":"product_cat-bach-flower-remedies","7":"product_cat-flower-remedies","8":"product_tag-bach-en","9":"product_tag-chestnut-bud","10":"product_tag-kastanjannuppu","11":"product_tag-flower-therapy","13":"first","14":"instock","15":"taxable","16":"shipping-taxable","17":"purchasable","18":"product-type-simple"},"_links":{"self":[{"href":"https:\/\/luontoemo.fi\/en\/wp-json\/wp\/v2\/product\/2274","targetHints":{"allow":["GET"]}}],"collection":[{"href":"https:\/\/luontoemo.fi\/en\/wp-json\/wp\/v2\/product"}],"about":[{"href":"https:\/\/luontoemo.fi\/en\/wp-json\/wp\/v2\/types\/product"}],"replies":[{"embeddable":true,"href":"https:\/\/luontoemo.fi\/en\/wp-json\/wp\/v2\/comments?post=2274"}],"wp:featuredmedia":[{"embeddable":true,"href":"https:\/\/luontoemo.fi\/en\/wp-json\/wp\/v2\/media\/3028"}],"wp:attachment":[{"href":"https:\/\/luontoemo.fi\/en\/wp-json\/wp\/v2\/media?parent=2274"}],"wp:term":[{"taxonomy":"product_brand","embeddable":true,"href":"https:\/\/luontoemo.fi\/en\/wp-json\/wp\/v2\/product_brand?post=2274"},{"taxonomy":"product_cat","embeddable":true,"href":"https:\/\/luontoemo.fi\/en\/wp-json\/wp\/v2\/product_cat?post=2274"},{"taxonomy":"product_tag","embeddable":true,"href":"https:\/\/luontoemo.fi\/en\/wp-json\/wp\/v2\/product_tag?post=2274"}],"curies":[{"name":"wp","href":"https:\/\/api.w.org\/{rel}","templated":true}]}}