{"id":2273,"date":"2020-12-15T11:59:03","date_gmt":"2020-12-15T09:59:03","guid":{"rendered":"https:\/\/luontoemo.demo4.xetnet.com\/tuote\/import-placeholder-for-806\/"},"modified":"2026-03-02T21:58:15","modified_gmt":"2026-03-02T19:58:15","slug":"cherry-plum-mustaluumu-prunus-cerasifera","status":"publish","type":"product","link":"https:\/\/luontoemo.fi\/en\/tuote\/cherry-plum-mustaluumu-prunus-cerasifera\/","title":{"rendered":"Cherry Plum (Mustaluumu &#8211; Prunus cerasifera)"},"content":{"rendered":"<p>Cherry Plum on ihmisille, jotka pelk\u00e4\u00e4v\u00e4t menett\u00e4v\u00e4ns\u00e4 kontrollin omasta k\u00e4yt\u00f6ksest\u00e4\u00e4n. He saattavat olla romahduksen partaalla, syv\u00e4sti ep\u00e4toivoissaan ja pelk\u00e4\u00e4v\u00e4t menett\u00e4v\u00e4ns\u00e4 j\u00e4rkens\u00e4. Aikoina, jolloin Cherry Plum on tarpeen, he saattavat tuntea olevansa r\u00e4j\u00e4ht\u00e4m\u00e4isill\u00e4\u00e4n ja pelk\u00e4\u00e4v\u00e4t saavansa v\u00e4kivaltaisia impulsseja. He voivat todellakin kohdella yst\u00e4vi\u00e4\u00e4n ja perhett\u00e4\u00e4n normaalia huonommin saaden yht\u00e4kkisi\u00e4 raivokohtauksia.<\/p>\n<p>Cherry Plumin positiivisena mahdollisuutena on henkil\u00f6, jolla on rauhallinen mieli ja joka pystyy ajattelemaan ja k\u00e4ytt\u00e4ytym\u00e4\u00e4n j\u00e4rkev\u00e4sti. Jos tilanne on hyvin vakava, suosittelemme hyv\u00e4n terapeutin puoleen k\u00e4\u00e4ntymist\u00e4.<\/p>\n<table border=\"0\">\n<tbody>\n<tr>\n<td><strong>Ominaisuudet<\/strong><\/td>\n<\/tr>\n<tr>\n<td>20 ml pullo<\/td>\n<\/tr>\n<\/tbody>\n<\/table>\n","protected":false},"excerpt":{"rendered":"<p>Mustaluumua suositellaan masentuneelle ja ahdistuneelle ihmiselle, joka pelk\u00e4\u00e4 hermojensa ja k\u00e4yt\u00f6ksens\u00e4 kontrollin menett\u00e4mist\u00e4 sek\u00e4 omaa pakkomielteit\u00e4.<\/p>\n","protected":false},"featured_media":3030,"comment_status":"open","ping_status":"closed","template":"","meta":{"_et_pb_use_builder":"","_et_pb_old_content":"","_et_gb_content_width":""},"product_brand":[],"product_cat":[297,296],"product_tag":[278,473,339,474],"class_list":{"0":"post-2273","1":"product","2":"type-product","3":"status-publish","4":"has-post-thumbnail","6":"product_cat-bach-flower-remedies","7":"product_cat-flower-remedies","8":"product_tag-bach-en","9":"product_tag-cherry-plu","10":"product_tag-flower-therapy","11":"product_tag-mustaluumu","13":"first","14":"instock","15":"taxable","16":"shipping-taxable","17":"purchasable","18":"product-type-simple"},"_links":{"self":[{"href":"https:\/\/luontoemo.fi\/en\/wp-json\/wp\/v2\/product\/2273","targetHints":{"allow":["GET"]}}],"collection":[{"href":"https:\/\/luontoemo.fi\/en\/wp-json\/wp\/v2\/product"}],"about":[{"href":"https:\/\/luontoemo.fi\/en\/wp-json\/wp\/v2\/types\/product"}],"replies":[{"embeddable":true,"href":"https:\/\/luontoemo.fi\/en\/wp-json\/wp\/v2\/comments?post=2273"}],"wp:featuredmedia":[{"embeddable":true,"href":"https:\/\/luontoemo.fi\/en\/wp-json\/wp\/v2\/media\/3030"}],"wp:attachment":[{"href":"https:\/\/luontoemo.fi\/en\/wp-json\/wp\/v2\/media?parent=2273"}],"wp:term":[{"taxonomy":"product_brand","embeddable":true,"href":"https:\/\/luontoemo.fi\/en\/wp-json\/wp\/v2\/product_brand?post=2273"},{"taxonomy":"product_cat","embeddable":true,"href":"https:\/\/luontoemo.fi\/en\/wp-json\/wp\/v2\/product_cat?post=2273"},{"taxonomy":"product_tag","embeddable":true,"href":"https:\/\/luontoemo.fi\/en\/wp-json\/wp\/v2\/product_tag?post=2273"}],"curies":[{"name":"wp","href":"https:\/\/api.w.org\/{rel}","templated":true}]}}