{"id":2270,"date":"2020-12-15T11:59:01","date_gmt":"2020-12-15T09:59:01","guid":{"rendered":"https:\/\/luontoemo.demo4.xetnet.com\/tuote\/import-placeholder-for-803\/"},"modified":"2026-03-02T21:58:16","modified_gmt":"2026-03-02T19:58:16","slug":"beech-pyokki-fagus-sylvatica","status":"publish","type":"product","link":"https:\/\/luontoemo.fi\/en\/tuote\/beech-pyokki-fagus-sylvatica\/","title":{"rendered":"Beech (Py\u00f6kki &#8211; Fagus sylvatica"},"content":{"rendered":"<p>Beech on ihmisille, jotka jatkuvasti kritisoivat, ovat k\u00e4rsim\u00e4tt\u00f6mi\u00e4 toisten ihmisten puutteita kohtaan ja kyvytt\u00f6mi\u00e4 tekem\u00e4\u00e4n my\u00f6nnytyksi\u00e4. Heid\u00e4n on vaikea n\u00e4hd\u00e4 toisten ihmisten hyvyytt\u00e4. Heill\u00e4 on vahva tunne omasta paremmuudestaan, he voivat olla tuomitsevia ja ylimielisi\u00e4 ja \u00e4rsyyntyv\u00e4t helposti toisten ihmisten maneereista tai tavoista. He ovat vakuuttuneita, ett\u00e4 he ovat aina oikeassa ja kaikki muut v\u00e4\u00e4r\u00e4ss\u00e4 (ks. my\u00f6s Impatiens).<\/p>\n<p>Beechin positiivisina mahdollisuuksina ovat k\u00e4rsiv\u00e4llisyys ja my\u00f6t\u00e4tunto sek\u00e4 yhteyden tunne toisia kohtaan; positiivinen Beech-henkil\u00f6 voi n\u00e4hd\u00e4 hyv\u00e4t puolet muissa ihmisiss\u00e4 heid\u00e4n ep\u00e4t\u00e4ydellisyyksist\u00e4\u00e4n huolimatta.<\/p>\n<p>20 ml pullo<\/p>\n<div>\n<div>Valmistaja: Original Bach Flower Remedies, Lontoo<\/div>\n<\/div>\n<p>Markkinoija: Aduki, Helsinki<\/p>\n","protected":false},"excerpt":{"rendered":"<p>Py\u00f6kki on t\u00e4ydellisyyden tavoittelijoille, jotka ovat kriittisi\u00e4 ja suvaitsemattomia muita kohtaan. Py\u00f6kkiuute tuo iloa ja v\u00e4ri\u00e4 el\u00e4m\u00e4\u00e4n henkil\u00f6lle, jonka on vaikea hyv\u00e4ksy\u00e4 toisten puutteita.<\/p>\n","protected":false},"featured_media":3034,"comment_status":"open","ping_status":"closed","template":"","meta":{"_et_pb_use_builder":"","_et_pb_old_content":"","_et_gb_content_width":""},"product_brand":[],"product_cat":[297,296],"product_tag":[278,339,364],"class_list":{"0":"post-2270","1":"product","2":"type-product","3":"status-publish","4":"has-post-thumbnail","6":"product_cat-bach-flower-remedies","7":"product_cat-flower-remedies","8":"product_tag-bach-en","9":"product_tag-flower-therapy","10":"product_tag-pyokki","12":"first","13":"instock","14":"taxable","15":"shipping-taxable","16":"purchasable","17":"product-type-simple"},"_links":{"self":[{"href":"https:\/\/luontoemo.fi\/en\/wp-json\/wp\/v2\/product\/2270","targetHints":{"allow":["GET"]}}],"collection":[{"href":"https:\/\/luontoemo.fi\/en\/wp-json\/wp\/v2\/product"}],"about":[{"href":"https:\/\/luontoemo.fi\/en\/wp-json\/wp\/v2\/types\/product"}],"replies":[{"embeddable":true,"href":"https:\/\/luontoemo.fi\/en\/wp-json\/wp\/v2\/comments?post=2270"}],"wp:featuredmedia":[{"embeddable":true,"href":"https:\/\/luontoemo.fi\/en\/wp-json\/wp\/v2\/media\/3034"}],"wp:attachment":[{"href":"https:\/\/luontoemo.fi\/en\/wp-json\/wp\/v2\/media?parent=2270"}],"wp:term":[{"taxonomy":"product_brand","embeddable":true,"href":"https:\/\/luontoemo.fi\/en\/wp-json\/wp\/v2\/product_brand?post=2270"},{"taxonomy":"product_cat","embeddable":true,"href":"https:\/\/luontoemo.fi\/en\/wp-json\/wp\/v2\/product_cat?post=2270"},{"taxonomy":"product_tag","embeddable":true,"href":"https:\/\/luontoemo.fi\/en\/wp-json\/wp\/v2\/product_tag?post=2270"}],"curies":[{"name":"wp","href":"https:\/\/api.w.org\/{rel}","templated":true}]}}