{"id":2096,"date":"2020-12-08T21:39:34","date_gmt":"2020-12-08T19:39:34","guid":{"rendered":"https:\/\/luontoemo.demo4.xetnet.com\/tuote\/import-placeholder-for-701\/"},"modified":"2026-03-05T20:01:49","modified_gmt":"2026-03-05T18:01:49","slug":"carmolis-yrttisuihke","status":"publish","type":"product","link":"https:\/\/luontoemo.fi\/en\/tuote\/carmolis-yrttisuihke\/","title":{"rendered":"Carmolis Yrttisuihke"},"content":{"rendered":"<p>Carmolis on valmistettu vanhan luostarireseptin mukaan perinteisten rohdosyrttien eteerisist\u00e4 \u00f6ljyist\u00e4. Se helpottaa vilustumisoireita ja ruoansulatush\u00e4iri\u00f6it\u00e4.<\/p>\n<p>Carmolis Yrttitipat sis\u00e4lt\u00e4v\u00e4t haihtuvia eli eteerisi\u00e4 \u00f6ljyj\u00e4 yhdest\u00e4toista yrtist\u00e4. Tehon perustana ovat: piparminttu (mentoli), laventeli, kaneli, neilikka, sitruunamelissa, muskotti, salvia, sitruunaruoho, anis, sitruuna ja timjami. Yrttien yhdistelm\u00e4 tekee siit\u00e4 ainutlaatuisen ja k\u00e4ytt\u00f6tarkoituksiltaan monipuolisen.<\/p>\n<p>K\u00c4YTT\u00d6:<br \/>\nHengitysteille<br \/>\nTukkoiseen oloon<br \/>\nKarhealle kurkulle<br \/>\nHengityksen raikastamiseen<\/p>\n<p>KENELLE:<br \/>\nTukkoisesta olosta k\u00e4rsiville<br \/>\nPuhety\u00f6t\u00e4 tekeville<br \/>\nLaulajille<\/p>\n<p>Annostusohje:<br \/>\nSuihkutetaan suuhun; 1-3 suihkausta korkeintaan 5 kertaa vuorokaudessa.<br \/>\nK\u00e4ytet\u00e4\u00e4n akuuttiin, tilap\u00e4iseen tarpeeseen.<br \/>\n1 suihkaus (n. 0,13 ml) = 120 mg<\/p>\n<p>Tuotteen ainesosat ja s\u00e4ilytys:<br \/>\nEtanoli, vesi, piparmintusta uutettu mentoli (1,7 %), eteeristen \u00f6ljyjen seos (1,0 %); laventeli, kaneli, neilikka, sitruunamelissa, muskotti, salvia, sitruunaruoho, anis, sitruuna ja timjami.<br \/>\nAlkoholipitoisuus 65 tilavuus-% \/ 57 paino-%.<br \/>\nS\u00e4ilyt\u00e4 tuote huoneenl\u00e4mm\u00f6ss\u00e4 valolta suojassa.<\/p>\n<p>Pakkauskoko: 30 ml<\/p>\n<p>Valmistaja: Bertil&#8217;s Health, Suomi<\/p>\n","protected":false},"excerpt":{"rendered":"<p>Carmolis-suihke on k\u00e4tev\u00e4 tapa annostella perinteisi\u00e4 Carmolis Yrttitippoja.<\/p>\n","protected":false},"featured_media":2105,"comment_status":"open","ping_status":"closed","template":"","meta":{"_et_pb_use_builder":"","_et_pb_old_content":"","_et_gb_content_width":""},"product_brand":[],"product_cat":[32],"product_tag":[196,50,198,199,197],"class_list":{"0":"post-2096","1":"product","2":"type-product","3":"status-publish","4":"has-post-thumbnail","6":"product_cat-ravintolisat","7":"product_tag-carmolis","8":"product_tag-eteerinen-oljy","9":"product_tag-ravintolisa","10":"product_tag-vilustuminen","11":"product_tag-yrttitipat","13":"first","14":"instock","15":"taxable","16":"shipping-taxable","17":"purchasable","18":"product-type-simple"},"_links":{"self":[{"href":"https:\/\/luontoemo.fi\/en\/wp-json\/wp\/v2\/product\/2096","targetHints":{"allow":["GET"]}}],"collection":[{"href":"https:\/\/luontoemo.fi\/en\/wp-json\/wp\/v2\/product"}],"about":[{"href":"https:\/\/luontoemo.fi\/en\/wp-json\/wp\/v2\/types\/product"}],"replies":[{"embeddable":true,"href":"https:\/\/luontoemo.fi\/en\/wp-json\/wp\/v2\/comments?post=2096"}],"wp:featuredmedia":[{"embeddable":true,"href":"https:\/\/luontoemo.fi\/en\/wp-json\/wp\/v2\/media\/2105"}],"wp:attachment":[{"href":"https:\/\/luontoemo.fi\/en\/wp-json\/wp\/v2\/media?parent=2096"}],"wp:term":[{"taxonomy":"product_brand","embeddable":true,"href":"https:\/\/luontoemo.fi\/en\/wp-json\/wp\/v2\/product_brand?post=2096"},{"taxonomy":"product_cat","embeddable":true,"href":"https:\/\/luontoemo.fi\/en\/wp-json\/wp\/v2\/product_cat?post=2096"},{"taxonomy":"product_tag","embeddable":true,"href":"https:\/\/luontoemo.fi\/en\/wp-json\/wp\/v2\/product_tag?post=2096"}],"curies":[{"name":"wp","href":"https:\/\/api.w.org\/{rel}","templated":true}]}}