{"id":1948,"date":"2020-11-22T18:36:32","date_gmt":"2020-11-22T16:36:32","guid":{"rendered":"https:\/\/luontoemo.demo4.xetnet.com\/tuote\/import-placeholder-for-632\/"},"modified":"2026-03-02T21:28:26","modified_gmt":"2026-03-02T19:28:26","slug":"ipecacuanha","status":"publish","type":"product","link":"https:\/\/luontoemo.fi\/en\/tuote\/ipecacuanha\/","title":{"rendered":"Ipecacuanha D30"},"content":{"rendered":"<p>Luontoemossa myyt\u00e4v\u00e4t\u00a0\u00a0homeopaattiset valmisteet noudattavat standardisoidun\u00a0farmakopean (HAB, Homeopatische Arzneimittel Buch)\u00a0p\u00e4\u00e4periaatteita. Homeopaattiset valmisteet ovat\u00a0l\u00e4\u00e4kevalmisteita, joiden rekister\u00f6inti\u00e4 L\u00e4\u00e4kealan turvallisuus- ja kehitt\u00e4miskeskus valvoo.<\/p>\n<p>Akuutteja ja lievi\u00e4 sairastumisia voidaan homeopaattisilla valmisteilla hoitaa itse, mutta vakavammissa sek\u00e4 pitk\u00e4\u00e4n jatkuneissa vaivoissa on syyt\u00e4 k\u00e4\u00e4nty\u00e4 kokeneen homeopaatin puoleen.<\/p>\n<p><strong>Annostus:<\/strong> 2-3 pilleri\u00e4 3 kertaa vuorokaudessa. Akuuteissa oireissa 8 pilleri\u00e4 3 &#8211; 6 kertaa vuorokaudessa. Valmiste sulatetaan suussa. Ei ruokailun yhteydess\u00e4!<\/p>\n<p><strong>Pakkaus:<\/strong> 20 g (sis\u00e4lt\u00f6) lasipullo<\/p>\n<p><strong>Valmistaja:<\/strong> DCG Nordic, Ruotsi<\/p>\n<p><strong>Maahantuoja:<\/strong> Midsona Finland<\/p>\n","protected":false},"excerpt":{"rendered":"<p>Homeopaattinen, itsehoitoon soveltuva yksitt\u00e4isvalmiste\u00a0D30 tai C30 laimennuksella<\/p>\n","protected":false},"featured_media":480,"comment_status":"open","ping_status":"closed","template":"","meta":{"_et_pb_use_builder":"","_et_pb_old_content":"","_et_gb_content_width":""},"product_brand":[],"product_cat":[294,293],"product_tag":[337,338],"class_list":{"0":"post-1948","1":"product","2":"type-product","3":"status-publish","4":"has-post-thumbnail","6":"product_cat-homeopathic-single-remedies","7":"product_cat-homeopathy","8":"product_tag-homeopathy","9":"product_tag-single-remedy","11":"first","12":"instock","13":"taxable","14":"shipping-taxable","15":"purchasable","16":"product-type-simple"},"_links":{"self":[{"href":"https:\/\/luontoemo.fi\/en\/wp-json\/wp\/v2\/product\/1948","targetHints":{"allow":["GET"]}}],"collection":[{"href":"https:\/\/luontoemo.fi\/en\/wp-json\/wp\/v2\/product"}],"about":[{"href":"https:\/\/luontoemo.fi\/en\/wp-json\/wp\/v2\/types\/product"}],"replies":[{"embeddable":true,"href":"https:\/\/luontoemo.fi\/en\/wp-json\/wp\/v2\/comments?post=1948"}],"wp:featuredmedia":[{"embeddable":true,"href":"https:\/\/luontoemo.fi\/en\/wp-json\/wp\/v2\/media\/480"}],"wp:attachment":[{"href":"https:\/\/luontoemo.fi\/en\/wp-json\/wp\/v2\/media?parent=1948"}],"wp:term":[{"taxonomy":"product_brand","embeddable":true,"href":"https:\/\/luontoemo.fi\/en\/wp-json\/wp\/v2\/product_brand?post=1948"},{"taxonomy":"product_cat","embeddable":true,"href":"https:\/\/luontoemo.fi\/en\/wp-json\/wp\/v2\/product_cat?post=1948"},{"taxonomy":"product_tag","embeddable":true,"href":"https:\/\/luontoemo.fi\/en\/wp-json\/wp\/v2\/product_tag?post=1948"}],"curies":[{"name":"wp","href":"https:\/\/api.w.org\/{rel}","templated":true}]}}