{"id":1894,"date":"2020-11-22T15:58:01","date_gmt":"2020-11-22T13:58:01","guid":{"rendered":"https:\/\/luontoemo.demo4.xetnet.com\/tuote\/import-placeholder-for-434\/"},"modified":"2025-11-17T09:35:25","modified_gmt":"2025-11-17T07:35:25","slug":"dr-reckeweg-r8-jutussin-ysknsiirappi","status":"publish","type":"product","link":"https:\/\/luontoemo.fi\/en\/tuote\/dr-reckeweg-r8-jutussin-ysknsiirappi\/","title":{"rendered":"Dr. Reckeweg R8 Jutussin-ysk\u00e4nsiirappi"},"content":{"rendered":"<p>Yrttinen ysk\u00e4nsiirappi hengitysteille.<br \/>\n<strong>Pakkaus:<\/strong> 150 ml pullo<\/p>\n<p><strong>Annostus:<\/strong> 1\/2tl -1tl 3-6 krt\/pv<\/p>\n<p><strong>Ainesosat:<\/strong> Vesi, sokeri, etanoli, timjami-, kamomilla-, malva-, apila-, karhuvatukanlehti-, nokkos-, ratamo-, islanninj\u00e4k\u00e4l\u00e4- ja unikonkukkauute, Liquor Amonii anisatus, Belladonna < 0,01%, Bryonia < 0,01%, Coccus cacti < 0,01%, Drosera < 0,01%, Spongia < 0,01%, Sticta < 0,01%, Ipecacuanha < 0,01%, Corallium rubrum < 0,01%, Cuprum aceticum < 0,01%.\n\n<strong>Valmistaja:<\/strong> Dr. Reckeweg &amp; Co GmbH<\/p>\n<p><strong>Maahantuoja:<\/strong> Circlum Farmasia Oy, Helsinki<\/p>\n","protected":false},"excerpt":{"rendered":"<p>Homeopaattinen itsehoitovalmiste<\/p>\n","protected":false},"featured_media":1329,"comment_status":"open","ping_status":"closed","template":"","meta":{"_et_pb_use_builder":"","_et_pb_old_content":"","_et_gb_content_width":""},"product_brand":[],"product_cat":[15],"product_tag":[189,337],"class_list":{"0":"post-1894","1":"product","2":"type-product","3":"status-publish","4":"has-post-thumbnail","6":"product_cat-uncategorized","7":"product_tag-dr-reckeweg","8":"product_tag-homeopathy","10":"first","11":"outofstock","12":"taxable","13":"shipping-taxable","14":"purchasable","15":"product-type-simple"},"_links":{"self":[{"href":"https:\/\/luontoemo.fi\/en\/wp-json\/wp\/v2\/product\/1894","targetHints":{"allow":["GET"]}}],"collection":[{"href":"https:\/\/luontoemo.fi\/en\/wp-json\/wp\/v2\/product"}],"about":[{"href":"https:\/\/luontoemo.fi\/en\/wp-json\/wp\/v2\/types\/product"}],"replies":[{"embeddable":true,"href":"https:\/\/luontoemo.fi\/en\/wp-json\/wp\/v2\/comments?post=1894"}],"wp:featuredmedia":[{"embeddable":true,"href":"https:\/\/luontoemo.fi\/en\/wp-json\/wp\/v2\/media\/1329"}],"wp:attachment":[{"href":"https:\/\/luontoemo.fi\/en\/wp-json\/wp\/v2\/media?parent=1894"}],"wp:term":[{"taxonomy":"product_brand","embeddable":true,"href":"https:\/\/luontoemo.fi\/en\/wp-json\/wp\/v2\/product_brand?post=1894"},{"taxonomy":"product_cat","embeddable":true,"href":"https:\/\/luontoemo.fi\/en\/wp-json\/wp\/v2\/product_cat?post=1894"},{"taxonomy":"product_tag","embeddable":true,"href":"https:\/\/luontoemo.fi\/en\/wp-json\/wp\/v2\/product_tag?post=1894"}],"curies":[{"name":"wp","href":"https:\/\/api.w.org\/{rel}","templated":true}]}}