{"id":1886,"date":"2020-11-22T15:57:32","date_gmt":"2020-11-22T13:57:32","guid":{"rendered":"https:\/\/luontoemo.demo4.xetnet.com\/tuote\/import-placeholder-for-426\/"},"modified":"2026-03-05T20:34:55","modified_gmt":"2026-03-05T18:34:55","slug":"dr-reckeweg-r6-tipat","status":"publish","type":"product","link":"https:\/\/luontoemo.fi\/en\/tuote\/dr-reckeweg-r6-tipat\/","title":{"rendered":"Dr. Reckeweg R6 tipat"},"content":{"rendered":"<p><strong>Pakkaus:<\/strong> 50 ml pullo<\/p>\n<p><strong>Annostus:<\/strong> 10-15 tippaa kolmesti p\u00e4iv\u00e4ss\u00e4, pieness\u00e4 vesim\u00e4\u00e4r\u00e4ss\u00e4.<\/p>\n<p><strong>Ainesosat:<\/strong> Aconitum., Bryonia., Camphora., Causticum., Baptisia., Eupator. perf., Ferrum. phos., Gelsemium, Eucalyptus, Sabadilla<\/p>\n<p><strong>Valmistaja:<\/strong> Dr. Reckeweg &amp; Co GmbH<\/p>\n<p><strong>Maahantuoja:<\/strong> Circlum Farmasia Oy, Helsinki<\/p>\n","protected":false},"excerpt":{"rendered":"<p>Homeopaattinen itsehoitovalmiste<\/p>\n","protected":false},"featured_media":1325,"comment_status":"open","ping_status":"closed","template":"","meta":{"_et_pb_use_builder":"","_et_pb_old_content":"","_et_gb_content_width":""},"product_brand":[],"product_cat":[29,42],"product_tag":[189,188],"class_list":{"0":"post-1886","1":"product","2":"type-product","3":"status-publish","4":"has-post-thumbnail","6":"product_cat-homeopatia","7":"product_cat-reckeweg-yhdistelmavalmisteet","8":"product_tag-dr-reckeweg","9":"product_tag-homeopatia","11":"first","12":"instock","13":"taxable","14":"shipping-taxable","15":"purchasable","16":"product-type-simple"},"_links":{"self":[{"href":"https:\/\/luontoemo.fi\/en\/wp-json\/wp\/v2\/product\/1886","targetHints":{"allow":["GET"]}}],"collection":[{"href":"https:\/\/luontoemo.fi\/en\/wp-json\/wp\/v2\/product"}],"about":[{"href":"https:\/\/luontoemo.fi\/en\/wp-json\/wp\/v2\/types\/product"}],"replies":[{"embeddable":true,"href":"https:\/\/luontoemo.fi\/en\/wp-json\/wp\/v2\/comments?post=1886"}],"wp:featuredmedia":[{"embeddable":true,"href":"https:\/\/luontoemo.fi\/en\/wp-json\/wp\/v2\/media\/1325"}],"wp:attachment":[{"href":"https:\/\/luontoemo.fi\/en\/wp-json\/wp\/v2\/media?parent=1886"}],"wp:term":[{"taxonomy":"product_brand","embeddable":true,"href":"https:\/\/luontoemo.fi\/en\/wp-json\/wp\/v2\/product_brand?post=1886"},{"taxonomy":"product_cat","embeddable":true,"href":"https:\/\/luontoemo.fi\/en\/wp-json\/wp\/v2\/product_cat?post=1886"},{"taxonomy":"product_tag","embeddable":true,"href":"https:\/\/luontoemo.fi\/en\/wp-json\/wp\/v2\/product_tag?post=1886"}],"curies":[{"name":"wp","href":"https:\/\/api.w.org\/{rel}","templated":true}]}}