{"id":1132,"date":"2020-11-08T21:54:15","date_gmt":"2020-11-08T19:54:15","guid":{"rendered":"https:\/\/luontoemo.demo4.xetnet.com\/tuote\/import-placeholder-for-240\/"},"modified":"2026-03-02T21:56:02","modified_gmt":"2026-03-02T19:56:02","slug":"setripuu-eteerinen-oljy","status":"publish","type":"product","link":"https:\/\/luontoemo.fi\/en\/tuote\/setripuu-eteerinen-oljy\/","title":{"rendered":"Setripuu eteerinen \u00f6ljy"},"content":{"rendered":"<p>Setri\u00f6ljy on antiseptinen, kutinaa ja limakalvoja rauhoittava \u00f6ljy. <span style=\"background-color: #ffffff; font-family: 'trebuchet ms'; font-size: 13px;\">Sen avulla hoidetaan ihosairauksia kuten psoriasista, sieni-infektioita, ihon kutinaa, rasvaista ihoa ja p\u00e4\u00e4nahkaa, hilseily\u00e4 sek\u00e4 p\u00e4lvikaljuisuutta. N\u00e4iden ominaisuuksien vuoksi sit\u00e4 on k\u00e4ytetty paljon my\u00f6s partavesiin.<br \/>\nSetri &#8211; puu, jota kaikki tuholaiset karttavat &#8211; torjuu erilaisia eli\u00f6it\u00e4 tehokkaasti erityisesti sitronella-<\/span><span style=\"background-color: #ffffff; font-family: 'trebuchet ms'; font-size: 13px;\">tuoksuyhdistelm\u00e4n\u00e4.<\/span><span style=\"background-color: #ffffff; font-family: 'trebuchet ms'; font-size: 13px;\"> Setri\u00e4 k\u00e4ytet\u00e4\u00e4n t\u00e4n\u00e4 p\u00e4iv\u00e4n\u00e4, kuten jo vuosisatojen ajan, temppelituoksuna meditoimiseen. Kokoamalla harhailevat ajatukset ja keskitt\u00e4m\u00e4ll\u00e4 ne t\u00e4rkeimp\u00e4\u00e4n, se auttaa saavuttamaan tasapainon ja tunteen el\u00e4m\u00e4n hallitsemisesta. Setri symboloi <\/span><span style=\"background-color: #ffffff; font-family: 'trebuchet ms'; font-size: 13px;\">pitk\u00e4\u00e4 ik\u00e4\u00e4,<\/span><span style=\"background-color: #ffffff; font-family: 'trebuchet ms'; font-size: 13px;\"> voimaa, kunniaa, arvokkuutta, ylevyytt\u00e4. <\/span><span style=\"font-family: 'trebuchet ms'; font-size: 13px; background-color: #ffffff;\">Setrien pyh\u00e4ss\u00e4 suitsuketuoksussa ovat hiljentyneet niin lamat, papit, munkit kuin Amerikan intiaanip\u00e4\u00e4llik\u00f6t. <\/span><span style=\"background-color: #ffffff; font-family: 'trebuchet ms'; font-size: 13px;\">Punasetri\u00e4 ei k\u00e4ytet\u00e4 aromaterapiassa.<\/span><br \/>\n10 ml pullo<\/p>\n<p><strong>K\u00e4ytt\u00f6:<\/strong> Suoraan pullosta ei saa laittaa iholle, vaan tehd\u00e4\u00e4n laimennos; 1 rkl kylm\u00e4puristettua ruoka\u00f6ljy\u00e4 ja 2 tippaa eteerist\u00e4 \u00f6ljy\u00e4. T\u00e4m\u00e4 on peruslaimennusohje.<\/p>\n<p><strong>Hieronta\u00f6ljy:<\/strong> enint\u00e4\u00e4n 20 tippaa 50 ml:aan perus\u00f6ljy\u00e4<\/p>\n<p><strong>Tuoksulyhtyyn:<\/strong> 1-5 tippaan valittua \u00f6ljy\u00e4 veden pinnalle<\/p>\n<p><strong>Kylpyyn:<\/strong> 3-6 tippaa veteen. Mik\u00e4li haluat emulgoida \u00f6ljyn veden sekaan, siihen k\u00e4y kerma,alkoholi tai valmis kylpy\u00f6ljy.<\/p>\n<p><strong>Jalkakylpyyn:<\/strong> 5-15 tippaa vatiin, kermaan emulgoituna<\/p>\n<p>Huoneeseen saa tuoksun tuoksulyhdyn kautta. My\u00f6s matoille voit pirskotella muutaman tipan eteerist\u00e4 \u00f6ljy\u00e4. Imuriin tulee hyv\u00e4 tuoksu, kun tiputat suodattimeen muutaman tipan \u00f6ljy\u00e4.<\/p>\n<p><strong>Maahantuoja:<\/strong> Aduki Oy Valmistaja: Aqua Oleum, UK<\/p>\n","protected":false},"excerpt":{"rendered":"<p>Setri\u00f6ljyll\u00e4 lievitet\u00e4\u00e4n keuhkoputkentulehdusta, kurkkukipua ja ysk\u00e4\u00e4.<\/p>\n","protected":false},"featured_media":615,"comment_status":"open","ping_status":"closed","template":"","meta":{"_et_pb_use_builder":"","_et_pb_old_content":"","_et_gb_content_width":""},"product_brand":[],"product_cat":[292],"product_tag":[437,324,171,173,170,169,168,172],"class_list":{"0":"post-1132","1":"product","2":"type-product","3":"status-publish","4":"has-post-thumbnail","6":"product_cat-essential-oils","7":"product_tag-essential","8":"product_tag-essential-oil","9":"product_tag-keuhkoputkentulehdus","10":"product_tag-kurkkukipu","11":"product_tag-seetri","12":"product_tag-setri","13":"product_tag-setripuu","14":"product_tag-yska","16":"first","17":"instock","18":"taxable","19":"shipping-taxable","20":"purchasable","21":"product-type-simple"},"_links":{"self":[{"href":"https:\/\/luontoemo.fi\/en\/wp-json\/wp\/v2\/product\/1132","targetHints":{"allow":["GET"]}}],"collection":[{"href":"https:\/\/luontoemo.fi\/en\/wp-json\/wp\/v2\/product"}],"about":[{"href":"https:\/\/luontoemo.fi\/en\/wp-json\/wp\/v2\/types\/product"}],"replies":[{"embeddable":true,"href":"https:\/\/luontoemo.fi\/en\/wp-json\/wp\/v2\/comments?post=1132"}],"wp:featuredmedia":[{"embeddable":true,"href":"https:\/\/luontoemo.fi\/en\/wp-json\/wp\/v2\/media\/615"}],"wp:attachment":[{"href":"https:\/\/luontoemo.fi\/en\/wp-json\/wp\/v2\/media?parent=1132"}],"wp:term":[{"taxonomy":"product_brand","embeddable":true,"href":"https:\/\/luontoemo.fi\/en\/wp-json\/wp\/v2\/product_brand?post=1132"},{"taxonomy":"product_cat","embeddable":true,"href":"https:\/\/luontoemo.fi\/en\/wp-json\/wp\/v2\/product_cat?post=1132"},{"taxonomy":"product_tag","embeddable":true,"href":"https:\/\/luontoemo.fi\/en\/wp-json\/wp\/v2\/product_tag?post=1132"}],"curies":[{"name":"wp","href":"https:\/\/api.w.org\/{rel}","templated":true}]}}