{"id":1131,"date":"2020-11-08T21:54:15","date_gmt":"2020-11-08T19:54:15","guid":{"rendered":"https:\/\/luontoemo.demo4.xetnet.com\/tuote\/import-placeholder-for-239\/"},"modified":"2026-03-02T21:56:00","modified_gmt":"2026-03-02T19:56:00","slug":"seetri-eteerinen-oljy-frantsila","status":"publish","type":"product","link":"https:\/\/luontoemo.fi\/en\/tuote\/seetri-eteerinen-oljy-frantsila\/","title":{"rendered":"Seetri eteerinen \u00f6ljy, Frantsila"},"content":{"rendered":"<p>Setri\u00f6ljy, Cedrus atlantica, on antiseptinen, kutinaa ja limakalvoja rauhoittava \u00f6ljy.\u00a0<span style=\"background-color: #ffffff; font-family: 'trebuchet ms'; font-size: 13px;\">Sen avulla hoidetaan ihosairauksia kuten psoriasista, sieni-infektioita, ihon kutinaa, rasvaista ihoa ja p\u00e4\u00e4nahkaa, hilseily\u00e4 sek\u00e4 p\u00e4lvikaljuisuutta. N\u00e4iden ominaisuuksien vuoksi sit\u00e4 on k\u00e4ytetty paljon my\u00f6s partavesiin.\u00a0<\/span> <span style=\"background-color: #ffffff; font-family: 'trebuchet ms'; font-size: 13px;\">Setri &#8211; puu, jota kaikki tuholaiset karttavat &#8211; torjuu erilaisia eli\u00f6it\u00e4\u00a0<\/span><span style=\"background-color: #ffffff; font-family: 'trebuchet ms'; font-size: 13px;\">tehokkaasti\u00a0<\/span><span style=\"background-color: #ffffff; font-family: 'trebuchet ms'; font-size: 13px;\">erityisesti sitronella-<\/span><span style=\"background-color: #ffffff; font-family: 'trebuchet ms'; font-size: 13px;\">tuoksuyhdistelm\u00e4n\u00e4.<\/span><span style=\"background-color: #ffffff; font-family: 'trebuchet ms'; font-size: 13px;\"><br \/><\/span> <span style=\"background-color: #ffffff; font-family: 'trebuchet ms'; font-size: 13px;\"><span>Setrin eteerinen \u00f6ljy h\u00f6yrytislataan setrin puusta, kannoista ja sahanpurusta. 10 ml pullo  K\u00e4ytt\u00f6: Suoraan pullosta ei saa laittaa iholle, vaan tehd\u00e4\u00e4n laimennos; 1 rkl kylm\u00e4puristettua ruoka\u00f6ljy\u00e4 ja 2 tippaa eteerist\u00e4 \u00f6ljy\u00e4. T\u00e4m\u00e4 on peruslaimennusohje. Hieronta\u00f6ljy: enint\u00e4\u00e4n 20 tippaa 50 ml:aan perus\u00f6ljy\u00e4 Tuoksulyhtyyn: 1-5 tippaan valittua \u00f6ljy\u00e4 veden pinnalle Kylpyyn: 3-6 tippaa veteen. Mik\u00e4li haluat emulgoida \u00f6ljyn veden sekaan, siihen k\u00e4y kerma, alkoholi tai valmis kylpy\u00f6ljy. Jalkakylpyyn: 5-15 tippaa vatiin, kermaan emulgoituna Huoneeseen saa tuoksun tuoksulyhdyn kautta. My\u00f6s matoille voit pirskotella muutaman tipan eteerist\u00e4 \u00f6ljy\u00e4. Imuriin tulee hyv\u00e4 tuoksu, kun tiputat suodattimeen muutaman tipan \u00f6ljy\u00e4.  Valmistaja\/Maahantuoja: Frantsila<\/p>\n","protected":false},"excerpt":{"rendered":"<p>Setri\u00f6ljyll\u00e4 lievitet\u00e4\u00e4n keuhkoputkentulehdusta, kurkkukipua ja ysk\u00e4\u00e4.<\/p>\n","protected":false},"featured_media":0,"comment_status":"open","ping_status":"closed","template":"","meta":{"_et_pb_use_builder":"","_et_pb_old_content":"","_et_gb_content_width":""},"product_brand":[],"product_cat":[28],"product_tag":[51,50,171,173,170,169,168,172],"class_list":{"0":"post-1131","1":"product","2":"type-product","3":"status-publish","5":"product_cat-eteeriset-oljyt","6":"product_tag-eteerinen","7":"product_tag-eteerinen-oljy","8":"product_tag-keuhkoputkentulehdus","9":"product_tag-kurkkukipu","10":"product_tag-seetri","11":"product_tag-setri","12":"product_tag-setripuu","13":"product_tag-yska","15":"first","16":"instock","17":"taxable","18":"shipping-taxable","19":"purchasable","20":"product-type-simple"},"_links":{"self":[{"href":"https:\/\/luontoemo.fi\/en\/wp-json\/wp\/v2\/product\/1131","targetHints":{"allow":["GET"]}}],"collection":[{"href":"https:\/\/luontoemo.fi\/en\/wp-json\/wp\/v2\/product"}],"about":[{"href":"https:\/\/luontoemo.fi\/en\/wp-json\/wp\/v2\/types\/product"}],"replies":[{"embeddable":true,"href":"https:\/\/luontoemo.fi\/en\/wp-json\/wp\/v2\/comments?post=1131"}],"wp:attachment":[{"href":"https:\/\/luontoemo.fi\/en\/wp-json\/wp\/v2\/media?parent=1131"}],"wp:term":[{"taxonomy":"product_brand","embeddable":true,"href":"https:\/\/luontoemo.fi\/en\/wp-json\/wp\/v2\/product_brand?post=1131"},{"taxonomy":"product_cat","embeddable":true,"href":"https:\/\/luontoemo.fi\/en\/wp-json\/wp\/v2\/product_cat?post=1131"},{"taxonomy":"product_tag","embeddable":true,"href":"https:\/\/luontoemo.fi\/en\/wp-json\/wp\/v2\/product_tag?post=1131"}],"curies":[{"name":"wp","href":"https:\/\/api.w.org\/{rel}","templated":true}]}}