{"id":1130,"date":"2020-11-08T21:54:14","date_gmt":"2020-11-08T19:54:14","guid":{"rendered":"https:\/\/luontoemo.demo4.xetnet.com\/tuote\/import-placeholder-for-238\/"},"modified":"2026-04-01T16:46:00","modified_gmt":"2026-04-01T13:46:00","slug":"santelipuu-5-eteerinen-oljy","status":"publish","type":"product","link":"https:\/\/luontoemo.fi\/en\/tuote\/santelipuu-5-eteerinen-oljy\/","title":{"rendered":"Santelipuu (5 %) eteerinen \u00f6ljy"},"content":{"rendered":"<p>Santelipuuta k\u00e4ytet\u00e4\u00e4n suitsukkeiden ja hajuvesien valmistukseen.<br \/>\n<span style=\"font-size: small; font-family: Arial, sans-serif;\">Ruumiillisessa hoidossa santelipuu\u00f6ljyll\u00e4 hoidetaan virtsatie- ja sukuelintulehduksia. Ihonhoidossa sit\u00e4 k\u00e4ytet\u00e4\u00e4n sen antiseptisten ominaisuuksien vuoksi erilaisten ihotulehdusten ja -allergioiden sek\u00e4 sienitulehdusten hoitoon. Kasvonhoidossa santelipuu\u00f6ljy\u00e4 k\u00e4ytet\u00e4\u00e4n ihovoiteissa ik\u00e4ntynytt\u00e4, kuivaa ja herkk\u00e4\u00e4 ihoa kosteuttamaan, miesten partavesiss\u00e4 <\/span><span style=\"font-family: Arial, sans-serif; font-size: small;\">\u00e4rsytetty\u00e4 ihoa <\/span><span style=\"font-size: small; font-family: Arial, sans-serif;\">rauhoittamaan. <\/span><span style=\"background-color: #ffffff; font-family: 'trebuchet ms'; font-size: 13px;\">Santelipuu\u00f6ljy tehostaa immuunipuolustusta ja irrottaa limaa; sill\u00e4 hoidetaan hengitystietulehduksia, nielutulehduksia ja \u00e4\u00e4nen k\u00e4heytt\u00e4.<\/span><br \/>\n<span style=\"font-family: 'trebuchet ms'; font-size: 13px; background-color: #ffffff;\">Santelipuuta on vuosituhansien ajan <\/span><span style=\"background-color: #ffffff; font-family: 'trebuchet ms'; font-size: 13px;\">poltettu<\/span><span style=\"background-color: #ffffff; font-family: 'trebuchet ms'; font-size: 13px;\"> <\/span><span style=\"background-color: #ffffff; font-family: 'trebuchet ms'; font-size: 13px;\">temppelisuitsukkeena rauhan ja hiljaisuuden saavuttamiseksi. Vuosisatojen ajan sen avulla on her\u00e4telty aidon ilon ja onnen tunnetta. Sit\u00e4 k\u00e4ytet\u00e4\u00e4n apuna nykyisinkin masentuneisuuteen, tunne-el\u00e4m\u00e4n ep\u00e4varmuuteen ja stressiin. Sen tuoksu rauhoittaa, vahvistaa hermoja, auttaa j\u00e4nnittyneisyyteen ja tasapainottaa mielt\u00e4. Santelipuu\u00f6ljyn avulla voi vahvistaa sis\u00e4ist\u00e4 n\u00e4kemyst\u00e4 ja herkisty\u00e4 henkiselle kasvulle.<\/span><br \/>\n10 ml pullo<\/p>\n<p><strong>K\u00e4ytt\u00f6:<\/strong> Suoraan pullosta ei saa laittaa iholle, vaan tehd\u00e4\u00e4n laimennos; 1 rkl kylm\u00e4puristettua ruoka\u00f6ljy\u00e4 ja 2 tippaa eteerist\u00e4 \u00f6ljy\u00e4. T\u00e4m\u00e4 on peruslaimennusohje.<\/p>\n<p><strong>Hieronta\u00f6ljy:<\/strong> enint\u00e4\u00e4n 20 tippaa 50 ml:aan perus\u00f6ljy\u00e4<\/p>\n<p><strong>Tuoksulyhtyyn:<\/strong> 1-5 tippaan valittua \u00f6ljy\u00e4 veden pinnalle<\/p>\n<p><strong>Kylpyyn:<\/strong> 3-6 tippaa veteen. Mik\u00e4li haluat emulgoida \u00f6ljyn veden sekaan, siihen k\u00e4y kerma,alkoholi tai valmis kylpy\u00f6ljy.<\/p>\n<p><strong>Jalkakylpyyn:<\/strong> 5-15 tippaa vatiin, kermaan emulgoituna<\/p>\n<p>Huoneeseen saa tuoksun tuoksulyhdyn kautta. My\u00f6s matoille voit pirskotella muutaman tipan eteerist\u00e4 \u00f6ljy\u00e4. Imuriin tulee hyv\u00e4 tuoksu, kun tiputat suodattimeen muutaman tipan \u00f6ljy\u00e4.<\/p>\n<p><strong>Maahantuoja:<\/strong> Aduki Oy Valmistaja: Aqua Oleum, UK<\/p>\n","protected":false},"excerpt":{"rendered":"<p>Santelipuun makeanl\u00e4mmin tuoksu tasapainottaa turvallisuuden tarvetta, rohkaisee luovuuteen ja karkoittaa pelkoja.<\/p>\n","protected":false},"featured_media":679,"comment_status":"open","ping_status":"closed","template":"","meta":{"_et_pb_use_builder":"","_et_pb_old_content":"","_et_gb_content_width":""},"product_brand":[],"product_cat":[292],"product_tag":[437,324,166,167,164,165],"class_list":{"0":"post-1130","1":"product","2":"type-product","3":"status-publish","4":"has-post-thumbnail","6":"product_cat-essential-oils","7":"product_tag-essential","8":"product_tag-essential-oil","9":"product_tag-luovuus","10":"product_tag-pelot","11":"product_tag-santelipuu","12":"product_tag-turvallisuus","14":"first","15":"instock","16":"taxable","17":"shipping-taxable","18":"purchasable","19":"product-type-simple"},"_links":{"self":[{"href":"https:\/\/luontoemo.fi\/en\/wp-json\/wp\/v2\/product\/1130","targetHints":{"allow":["GET"]}}],"collection":[{"href":"https:\/\/luontoemo.fi\/en\/wp-json\/wp\/v2\/product"}],"about":[{"href":"https:\/\/luontoemo.fi\/en\/wp-json\/wp\/v2\/types\/product"}],"replies":[{"embeddable":true,"href":"https:\/\/luontoemo.fi\/en\/wp-json\/wp\/v2\/comments?post=1130"}],"wp:featuredmedia":[{"embeddable":true,"href":"https:\/\/luontoemo.fi\/en\/wp-json\/wp\/v2\/media\/679"}],"wp:attachment":[{"href":"https:\/\/luontoemo.fi\/en\/wp-json\/wp\/v2\/media?parent=1130"}],"wp:term":[{"taxonomy":"product_brand","embeddable":true,"href":"https:\/\/luontoemo.fi\/en\/wp-json\/wp\/v2\/product_brand?post=1130"},{"taxonomy":"product_cat","embeddable":true,"href":"https:\/\/luontoemo.fi\/en\/wp-json\/wp\/v2\/product_cat?post=1130"},{"taxonomy":"product_tag","embeddable":true,"href":"https:\/\/luontoemo.fi\/en\/wp-json\/wp\/v2\/product_tag?post=1130"}],"curies":[{"name":"wp","href":"https:\/\/api.w.org\/{rel}","templated":true}]}}