{"id":1127,"date":"2020-11-08T21:53:47","date_gmt":"2020-11-08T19:53:47","guid":{"rendered":"https:\/\/luontoemo.demo4.xetnet.com\/tuote\/import-placeholder-for-235\/"},"modified":"2026-03-02T21:56:03","modified_gmt":"2026-03-02T19:56:03","slug":"ruusu-maroc-rosa-centifolia-5-eteerinen-oljy","status":"publish","type":"product","link":"https:\/\/luontoemo.fi\/en\/tuote\/ruusu-maroc-rosa-centifolia-5-eteerinen-oljy\/","title":{"rendered":"Ruusu Maroc &#8211; Rosa Centifolia (5 %) eteerinen \u00f6ljy"},"content":{"rendered":"<p>Ruusu on kukkien kuningattarena ajaton rakkauden ja my\u00f6t\u00e4tunnon symboli. Sen makea, lempe\u00e4n kukikas tuoksu l\u00e4mmitt\u00e4\u00e4 sielua hoitaen siten emotionaalisia haavoja ja palauttaen luottamuksen el\u00e4m\u00e4\u00e4n. Ruusun aromi helpottaa ja rauhoittaa kaikenlaisissa suruissa, pettymyksiss\u00e4 ja masennuksessa, tuoksu muistuttaa sielun yksil\u00f6llisest\u00e4 t\u00e4ydellisyydest\u00e4.<br \/>\n<span style=\"font-family: Arial, Helvetica, sans-serif; font-size: 12px;\" face=\"Arial, sans-serif\"><span size=\"2\">Fyysisell\u00e4 tasolla ruusua arvostetaan feminiinist\u00e4 elinvoimaa kohottavana ja hormonaalista tasapainoa elvytt\u00e4v\u00e4n\u00e4. Eteerisen\u00e4 \u00f6ljyn\u00e4 ruusu on ik\u00e4\u00e4ntyv\u00e4\u00e4 ihoa uudistava ja ryppyj\u00e4 silottava, rakkauden kallisarvoinen \u00f6ljy.<br \/>\n10 ml pullo<\/p>\n<p><strong>K\u00e4ytt\u00f6:<\/strong> Suoraan pullosta ei saa laittaa iholle, vaan tehd\u00e4\u00e4n laimennos; 1 rkl kylm\u00e4puristettua ruoka\u00f6ljy\u00e4 ja 2 tippaa eteerist\u00e4 \u00f6ljy\u00e4. T\u00e4m\u00e4 on peruslaimennusohje.<\/p>\n<p><strong>Hieronta\u00f6ljy:<\/strong> enint\u00e4\u00e4n 20 tippaa 50 ml:aan perus\u00f6ljy\u00e4<\/p>\n<p><strong>Tuoksulyhtyyn:<\/strong> 1-5 tippaan valittua \u00f6ljy\u00e4 veden pinnalle<\/p>\n<p><strong>Kylpyyn:<\/strong> 3-6 tippaa veteen. Mik\u00e4li haluat emulgoida \u00f6ljyn veden sekaan, siihen k\u00e4y kerma,alkoholi tai valmis kylpy\u00f6ljy.<\/p>\n<p><strong>Jalkakylpyyn:<\/strong> 5-15 tippaa vatiin, kermaan emulgoituna<\/p>\n<p>Huoneeseen saa tuoksun tuoksulyhdyn kautta. My\u00f6s matoille voit pirskotella muutaman tipan eteerist\u00e4 \u00f6ljy\u00e4. Imuriin tulee hyv\u00e4 tuoksu, kun tiputat suodattimeen muutaman tipan \u00f6ljy\u00e4.<\/p>\n<p><strong>Maahantuoja:<\/strong> Aduki Oy Valmistaja: Aqua Oleum, UK<\/p>\n","protected":false},"excerpt":{"rendered":"<p>Ruusun aromi helpottaa ja rauhoittaa kaikenlaisissa suruissa, pettymyksiss\u00e4 ja masennuksissa.<\/p>\n","protected":false},"featured_media":673,"comment_status":"open","ping_status":"closed","template":"","meta":{"_et_pb_use_builder":"","_et_pb_old_content":"","_et_gb_content_width":""},"product_brand":[],"product_cat":[292],"product_tag":[437,324,310,158,78,371,157,159,83],"class_list":{"0":"post-1127","1":"product","2":"type-product","3":"status-publish","4":"has-post-thumbnail","6":"product_cat-essential-oils","7":"product_tag-essential","8":"product_tag-essential-oil","9":"product_tag-skin-care","10":"product_tag-pettymys","11":"product_tag-rauhoittava","12":"product_tag-rose","13":"product_tag-suru","14":"product_tag-tunne","15":"product_tag-vanheneva","17":"first","18":"instock","19":"taxable","20":"shipping-taxable","21":"purchasable","22":"product-type-simple"},"_links":{"self":[{"href":"https:\/\/luontoemo.fi\/en\/wp-json\/wp\/v2\/product\/1127","targetHints":{"allow":["GET"]}}],"collection":[{"href":"https:\/\/luontoemo.fi\/en\/wp-json\/wp\/v2\/product"}],"about":[{"href":"https:\/\/luontoemo.fi\/en\/wp-json\/wp\/v2\/types\/product"}],"replies":[{"embeddable":true,"href":"https:\/\/luontoemo.fi\/en\/wp-json\/wp\/v2\/comments?post=1127"}],"wp:featuredmedia":[{"embeddable":true,"href":"https:\/\/luontoemo.fi\/en\/wp-json\/wp\/v2\/media\/673"}],"wp:attachment":[{"href":"https:\/\/luontoemo.fi\/en\/wp-json\/wp\/v2\/media?parent=1127"}],"wp:term":[{"taxonomy":"product_brand","embeddable":true,"href":"https:\/\/luontoemo.fi\/en\/wp-json\/wp\/v2\/product_brand?post=1127"},{"taxonomy":"product_cat","embeddable":true,"href":"https:\/\/luontoemo.fi\/en\/wp-json\/wp\/v2\/product_cat?post=1127"},{"taxonomy":"product_tag","embeddable":true,"href":"https:\/\/luontoemo.fi\/en\/wp-json\/wp\/v2\/product_tag?post=1127"}],"curies":[{"name":"wp","href":"https:\/\/api.w.org\/{rel}","templated":true}]}}