{"id":1124,"date":"2020-11-08T21:53:46","date_gmt":"2020-11-08T19:53:46","guid":{"rendered":"https:\/\/luontoemo.demo4.xetnet.com\/tuote\/import-placeholder-for-232\/"},"modified":"2026-03-02T21:56:15","modified_gmt":"2026-03-02T19:56:15","slug":"rosmariini-eteerinen-oljy","status":"publish","type":"product","link":"https:\/\/luontoemo.fi\/en\/tuote\/rosmariini-eteerinen-oljy\/","title":{"rendered":"Rosmariini eteerinen \u00f6ljy"},"content":{"rendered":"<p style=\"font-family: Arial, Helvetica, sans-serif; font-size: 12px;\"><span style=\"font-family: Arial, Helvetica, sans-serif; background-color: #ffffff; font-size: 12px;\">Rosmariini\u00f6ljyll\u00e4 kerrotaan olevan muistia virkist\u00e4vi\u00e4 ominaisuuksia v\u00e4symyksen poistamisen lis\u00e4ksi. Kest\u00e4vyytt\u00e4 lis\u00e4\u00e4v\u00e4n\u00e4 sen uskotaan edist\u00e4v\u00e4n stressinsietokyky\u00e4 ja kiihdytt\u00e4v\u00e4n aineenvaihduntaa. Toimintatarmoa saa lis\u00e4tty\u00e4 sekoittamalla rosmariinia mustapippurin kanssa. Rosmariini voimistaa fyysist\u00e4 valppautta ja lis\u00e4\u00e4 tehoa niin ruumiillista kuin henkist\u00e4 kest\u00e4vyytt\u00e4 vaativiin tilanteisiin.<\/span><\/p>\n<p style=\"font-family: Arial, Helvetica, sans-serif; font-size: 12px;\"><span style=\"font-family: Arial, Helvetica, sans-serif; background-color: #ffffff; font-size: 12px;\">Rosmariini\u00f6ljyll\u00e4 on hoidettu tehokkaasti hengityselinoireita; keuhkoputken- ja poskiontelotulehdusta. Astmaan ja ysk\u00e4\u00e4n on tehonnut rosmariini-myrtti\u00f6ljyseos. Niveltulehdukseen on l\u00f6ytynyt apu rosmariini-timjami\u00f6ljyseoksesta, samoin on pystytty lievitt\u00e4m\u00e4\u00e4n nivelreumakipuja. Rosmariini\u00f6ljy sopii eukalyptus\u00f6ljyyn sekoitettuna flunssatartuntoja torjumaan. Lasten akuuttia hammaskipua on helpotettu rosmariini\u00f6ljyll\u00e4. Lasten korva- ja kurkkutulehduskierteeseen on k\u00e4ytetty rosmariini\u00f6ljy\u00e4 laimennettuna ja korvan ymp\u00e4rille hierottuna tehokkain tuloksin. Lapsille voidaan k\u00e4ytt\u00e4\u00e4 vain kineolivoittoista Rosmarinus officinalista. <\/span><\/p>\n<div style=\"font-family: Arial, Helvetica, sans-serif; font-size: 12px;\">10 ml pullo<strong>K\u00e4ytt\u00f6:<\/strong> Suoraan pullosta ei saa laittaa iholle, vaan tehd\u00e4\u00e4n laimennos; 1 rkl kylm\u00e4puristettua ruoka\u00f6ljy\u00e4 ja 2 tippaa eteerist\u00e4 \u00f6ljy\u00e4. T\u00e4m\u00e4 on peruslaimennusohje.<\/p>\n<p><strong>Hieronta\u00f6ljy:<\/strong> enint\u00e4\u00e4n 20 tippaa 50 ml:aan perus\u00f6ljy\u00e4<\/p>\n<p><strong>Tuoksulyhtyyn:<\/strong> 1-5 tippaan valittua \u00f6ljy\u00e4 veden pinnalle<\/p>\n<p><strong>Kylpyyn:<\/strong> 3-6 tippaa veteen. Mik\u00e4li haluat emulgoida \u00f6ljyn veden sekaan, siihen k\u00e4y kerma,alkoholi tai valmis kylpy\u00f6ljy.<\/p>\n<p><strong>Jalkakylpyyn:<\/strong> 5-15 tippaa vatiin, kermaan emulgoituna<\/p>\n<p>Huoneeseen saa tuoksun tuoksulyhdyn kautta. My\u00f6s matoille voit pirskotella muutaman tipan eteerist\u00e4 \u00f6ljy\u00e4. Imuriin tulee hyv\u00e4 tuoksu, kun tiputat suodattimeen muutaman tipan \u00f6ljy\u00e4.<\/p>\n<p><strong>Maahantuoja:<\/strong> Aduki Oy Valmistaja: Aqua Oleum, UK<\/p>\n<\/div>\n","protected":false},"excerpt":{"rendered":"<p>Rosmariinista apua henkiseen uupumukseen ja liialliseen ajatusty\u00f6h\u00f6n sek\u00e4 virkistyst\u00e4 verenkiertoon ja ruoansulatukseen.<\/p>\n","protected":false},"featured_media":675,"comment_status":"open","ping_status":"closed","template":"","meta":{"_et_pb_use_builder":"","_et_pb_old_content":"","_et_gb_content_width":""},"product_brand":[],"product_cat":[292],"product_tag":[155,437,324,63,152,441,154,444,153],"class_list":{"0":"post-1124","1":"product","2":"type-product","3":"status-publish","4":"has-post-thumbnail","6":"product_cat-essential-oils","7":"product_tag-ajatustyo","8":"product_tag-essential","9":"product_tag-essential-oil","10":"product_tag-keskittymiskyky","11":"product_tag-rosmariini","12":"product_tag-aroma-oil","13":"product_tag-uupumis","14":"product_tag-blood-circulation","15":"product_tag-virkistava","17":"first","18":"instock","19":"taxable","20":"shipping-taxable","21":"purchasable","22":"product-type-variable"},"_links":{"self":[{"href":"https:\/\/luontoemo.fi\/en\/wp-json\/wp\/v2\/product\/1124","targetHints":{"allow":["GET"]}}],"collection":[{"href":"https:\/\/luontoemo.fi\/en\/wp-json\/wp\/v2\/product"}],"about":[{"href":"https:\/\/luontoemo.fi\/en\/wp-json\/wp\/v2\/types\/product"}],"replies":[{"embeddable":true,"href":"https:\/\/luontoemo.fi\/en\/wp-json\/wp\/v2\/comments?post=1124"}],"wp:featuredmedia":[{"embeddable":true,"href":"https:\/\/luontoemo.fi\/en\/wp-json\/wp\/v2\/media\/675"}],"wp:attachment":[{"href":"https:\/\/luontoemo.fi\/en\/wp-json\/wp\/v2\/media?parent=1124"}],"wp:term":[{"taxonomy":"product_brand","embeddable":true,"href":"https:\/\/luontoemo.fi\/en\/wp-json\/wp\/v2\/product_brand?post=1124"},{"taxonomy":"product_cat","embeddable":true,"href":"https:\/\/luontoemo.fi\/en\/wp-json\/wp\/v2\/product_cat?post=1124"},{"taxonomy":"product_tag","embeddable":true,"href":"https:\/\/luontoemo.fi\/en\/wp-json\/wp\/v2\/product_tag?post=1124"}],"curies":[{"name":"wp","href":"https:\/\/api.w.org\/{rel}","templated":true}]}}