{"id":1121,"date":"2020-11-08T21:53:44","date_gmt":"2020-11-08T19:53:44","guid":{"rendered":"https:\/\/luontoemo.demo4.xetnet.com\/tuote\/import-placeholder-for-229\/"},"modified":"2026-03-02T21:56:15","modified_gmt":"2026-03-02T19:56:15","slug":"piparminttu-eteerinen-oljy","status":"publish","type":"product","link":"https:\/\/luontoemo.fi\/en\/tuote\/piparminttu-eteerinen-oljy\/","title":{"rendered":"Piparminttu eteerinen \u00f6ljy"},"content":{"rendered":"<p><span style=\"font-family: 'trebuchet ms'; font-size: 13px; background-color: #ffffff;\">Monik\u00e4ytt\u00f6inen piparminttu\u00f6ljy vahvistaa hermoja ja voimistaa kehoa kokonaisvaltaisesti mm. <\/span><span style=\"background-color: #ffffff; font-family: 'trebuchet ms'; font-size: 13px;\">stimuloimalla elimist\u00f6n fysiologisia toimintoja. Se on <\/span><span style=\"background-color: #ffffff; font-family: 'trebuchet ms'; font-size: 13px;\">avuksi pitk\u00e4aikaisten sairauksien ja toipilaisuuden aikana. Henkiseen loppuunpalamiseen siit\u00e4 on l\u00f6ytynyt apua. <\/span><br \/>\n<span style=\"background-color: #ffffff; font-family: 'trebuchet ms'; font-size: 13px;\">Piparminttu\u00f6ljy irrottaa limaa ja vahvistaa limakalvoja. Se soveltuu hyvin erilaisten hengityselintulehdusten hoitoon. <\/span><span style=\"background-color: #ffffff; font-family: 'trebuchet ms'; font-size: 13px;\">Piparmintun tuoksu lis\u00e4\u00e4 keskittymiskyky\u00e4, kirkastaa ajatuksia ja helpottaa n\u00e4in p\u00e4\u00e4t\u00f6ksentekoa. Sen avulla voidaan virkist\u00e4\u00e4 muistia ja yleens\u00e4kin aktivoida a<\/span><span style=\"background-color: #ffffff; font-family: 'trebuchet ms'; font-size: 13px;\">ivotoimintaa. Sen k\u00e4ytt\u00f6 lis\u00e4\u00e4 muiden huomioonottamista, sek\u00e4 auttaa p\u00e4\u00e4sem\u00e4\u00e4n eroon alemmuudentunteesta.<\/span><br \/>\n<span style=\"background-color: #ffffff; font-family: 'trebuchet ms'; font-size: 13px;\">Piparminttu\u00f6ljy\u00e4 k\u00e4ytet\u00e4\u00e4n paljon <\/span><span style=\"background-color: #ffffff; font-family: 'trebuchet ms'; font-size: 13px;\">erilaisissa seoksissa. Yhdess\u00e4 sitruunan tai rosmariini\u00f6ljyn kanssa se puhdistaa tehokkaasti verta ja maksaa. T\u00e4llainen seos soveltuu k\u00e4ytett\u00e4v\u00e4ksi pitkien l\u00e4\u00e4kekuurien j\u00e4lkeen. Erityisen hyvin seos on soveltunut vanhusten suolisto-ongelmien hoitoon; vatsakivistyksiin, ilmavaivoihin, pahoinvointiin ja n\u00e4r\u00e4stykseen. Piparminttu on erinomainen kivunlievitt\u00e4j\u00e4 mm. poskionteloista tai heikosta ruoansulatuksesta aiheutuneeseen p\u00e4\u00e4ns\u00e4rkyyn, vatsakipuun ja hammass\u00e4rkyyn. Lihaskipuja voidaan lievitt\u00e4\u00e4 piparminttu-laventeli\u00f6ljyseoksella. Vy\u00f6ruusua on hoidettu kuisma-perus\u00f6ljyyn sekoitetulla piparminttu-eukalyptus citriodora-laventeli\u00f6ljyseoksella. <\/span><br \/>\n10 ml pullo<\/p>\n<p><strong>K\u00e4ytt\u00f6:<\/strong> Suoraan pullosta ei saa laittaa iholle, vaan tehd\u00e4\u00e4n laimennos; 1 rkl kylm\u00e4puristettua ruoka\u00f6ljy\u00e4 ja 2 tippaa eteerist\u00e4 \u00f6ljy\u00e4. T\u00e4m\u00e4 on peruslaimennusohje.<\/p>\n<p><strong>Hieronta\u00f6ljy:<\/strong> enint\u00e4\u00e4n 20 tippaa 50 ml:aan perus\u00f6ljy\u00e4<\/p>\n<p><strong>Tuoksulyhtyyn:<\/strong> 1-5 tippaan valittua \u00f6ljy\u00e4 veden pinnalle<\/p>\n<p><strong>Kylpyyn:<\/strong> 3-6 tippaa veteen. Mik\u00e4li haluat emulgoida \u00f6ljyn veden sekaan, siihen k\u00e4y kerma,alkoholi tai valmis kylpy\u00f6ljy.<\/p>\n<p><strong>Jalkakylpyyn:<\/strong> 5-15 tippaa vatiin, kermaan emulgoituna<\/p>\n<p>Huoneeseen saa tuoksun tuoksulyhdyn kautta. My\u00f6s matoille voit pirskotella muutaman tipan eteerist\u00e4 \u00f6ljy\u00e4. Imuriin tulee hyv\u00e4 tuoksu, kun tiputat suodattimeen muutaman tipan \u00f6ljy\u00e4.<\/p>\n<p><strong>Maahantuoja:<\/strong> Aduki Oy Valmistaja: Aqua Oleum, UK<\/p>\n","protected":false},"excerpt":{"rendered":"<p>Piparminttu\u00f6ljy nopeuttaa paranemista, parantaa immuunipuolustusta ja ehk\u00e4isee tartuntoja.<\/p>\n","protected":false},"featured_media":669,"comment_status":"open","ping_status":"closed","template":"","meta":{"_et_pb_use_builder":"","_et_pb_old_content":"","_et_gb_content_width":""},"product_brand":[],"product_cat":[292],"product_tag":[324,328,150,151,147,146,441,149,148],"class_list":{"0":"post-1121","1":"product","2":"type-product","3":"status-publish","4":"has-post-thumbnail","6":"product_cat-essential-oils","7":"product_tag-essential-oil","8":"product_tag-respiratory-system","9":"product_tag-hengitystievaivat","10":"product_tag-immuniteetti","11":"product_tag-minttu","12":"product_tag-piparminttu","13":"product_tag-aroma-oil","14":"product_tag-vastustuskyky","15":"product_tag-vatsakipu","17":"first","18":"instock","19":"taxable","20":"shipping-taxable","21":"purchasable","22":"product-type-variable"},"_links":{"self":[{"href":"https:\/\/luontoemo.fi\/en\/wp-json\/wp\/v2\/product\/1121","targetHints":{"allow":["GET"]}}],"collection":[{"href":"https:\/\/luontoemo.fi\/en\/wp-json\/wp\/v2\/product"}],"about":[{"href":"https:\/\/luontoemo.fi\/en\/wp-json\/wp\/v2\/types\/product"}],"replies":[{"embeddable":true,"href":"https:\/\/luontoemo.fi\/en\/wp-json\/wp\/v2\/comments?post=1121"}],"wp:featuredmedia":[{"embeddable":true,"href":"https:\/\/luontoemo.fi\/en\/wp-json\/wp\/v2\/media\/669"}],"wp:attachment":[{"href":"https:\/\/luontoemo.fi\/en\/wp-json\/wp\/v2\/media?parent=1121"}],"wp:term":[{"taxonomy":"product_brand","embeddable":true,"href":"https:\/\/luontoemo.fi\/en\/wp-json\/wp\/v2\/product_brand?post=1121"},{"taxonomy":"product_cat","embeddable":true,"href":"https:\/\/luontoemo.fi\/en\/wp-json\/wp\/v2\/product_cat?post=1121"},{"taxonomy":"product_tag","embeddable":true,"href":"https:\/\/luontoemo.fi\/en\/wp-json\/wp\/v2\/product_tag?post=1121"}],"curies":[{"name":"wp","href":"https:\/\/api.w.org\/{rel}","templated":true}]}}