{"id":1120,"date":"2020-11-08T21:53:43","date_gmt":"2020-11-08T19:53:43","guid":{"rendered":"https:\/\/luontoemo.demo4.xetnet.com\/tuote\/import-placeholder-for-228\/"},"modified":"2026-03-02T21:56:06","modified_gmt":"2026-03-02T19:56:06","slug":"patsuli-eteerinen-oljy","status":"publish","type":"product","link":"https:\/\/luontoemo.fi\/en\/tuote\/patsuli-eteerinen-oljy\/","title":{"rendered":"Patsuli eteerinen \u00f6ljy"},"content":{"rendered":"<p>font-size: 13px;&#8221;> k\u00e4ytetty patsuli\u00f6ljy jakaa ihmiset kahtia; sen tuoksusta joko pit\u00e4\u00e4 tai tuoksu ei ole mieleen sen voimakkuuden ja raskauden takia. <\/span><span style=\"background-color: #ffffff; font-family: sans-serif; font-size: 13px; line-height: 19.1875px;\">Perinteisesti kiinalaisessa l\u00e4\u00e4ketieteess\u00e4 patsulia k\u00e4ytet\u00e4\u00e4n yrttin\u00e4 mm. p\u00e4\u00e4ns\u00e4rkyyn, nuhakuumeeseen, pahoinvointiin, ripuliin ja yleens\u00e4 vatsavaivojen hoitoon. <\/span><br \/>\n<span style=\"background-color: #ffffff; font-family: 'trebuchet ms'; font-size: 13px;\">Ihonhoitoon <\/span><span style=\"background-color: #ffffff; font-family: 'trebuchet ms'; font-size: 13px;\">patsuli\u00f6ljy soveltuu mm. a<\/span><span style=\"background-color: #ffffff; font-family: 'trebuchet ms'; font-size: 13px;\">ntiseptisyytens\u00e4 sek\u00e4 tulehduksiin ja sieniin tehoavuutensa ansiosta erinomaisesti. Sit\u00e4 voidaan k\u00e4ytt\u00e4\u00e4 monipuolisesti esim. <\/span><span style=\"background-color: #ffffff; font-family: 'trebuchet ms'; font-size: 13px;\">sieni-infektioihin, <\/span><span style=\"background-color: #ffffff; font-family: 'trebuchet ms'; font-size: 13px;\">ihotulehduksiin, haavaisen, rasvaisen ja ahavoituneen ihon ja p\u00e4\u00e4nahan hoitoon, hilseen ja jalkasienen torjuntaan sek\u00e4 s\u00e4ilytt\u00e4m\u00e4\u00e4n ihon kimmoisana. <\/span><br \/>\n<span style=\"background-color: #ffffff; font-family: 'trebuchet ms'; font-size: 13px;\">P<\/span><span style=\"background-color: #ffffff; font-family: 'trebuchet ms'; font-size: 13px;\">atsuli\u00f6ljy <\/span><span style=\"background-color: #ffffff; font-family: 'trebuchet ms'; font-size: 13px;\">virkist\u00e4\u00e4 ja vahvistaa sek\u00e4 kirkastaa <\/span><span style=\"background-color: #ffffff; font-family: 'trebuchet ms'; font-size: 13px;\">mielt\u00e4. Se antaa voimia ja maadoittaa erityisesti liikaa unelmoivia henkil\u00f6it\u00e4. Rauhoittavuutensa vuoksi <\/span><span style=\"background-color: #ffffff; font-family: 'trebuchet ms'; font-size: 13px;\">patsulia on perinteisesti k\u00e4ytetty tantrajoogan <\/span><span style=\"background-color: #ffffff; font-family: 'trebuchet ms'; font-size: 13px;\">yhteydess\u00e4. <\/span><span style=\"background-color: #ffffff; font-family: 'trebuchet ms'; font-size: 13px;\">Patsuli\u00f6ljy <\/span><span style=\"background-color: #ffffff; font-family: 'trebuchet ms'; font-size: 13px;\">sopii herk\u00e4sti loukkaantuville ihmisille ja yleens\u00e4 <\/span><span style=\"background-color: #ffffff; font-family: 'trebuchet ms'; font-size: 13px;\">tasapainottamaan mielialavaihteluita. Patsuli voi auttaa <\/span><span style=\"background-color: #ffffff; font-family: 'trebuchet ms'; font-size: 13px;\">auttaa k\u00e4sittelem\u00e4\u00e4n omaan seksuaalisuuteen liittyv\u00e4\u00e4 ep\u00e4varmuutta ja traumoja.<\/span><span style=\"background-color: #ffffff; font-family: 'trebuchet ms'; font-size: 13px;\"> <\/span><br \/>\n<span style=\"background-color: #ffffff; font-family: 'trebuchet ms'; font-size: 13px;\">P<\/span><span style=\"background-color: #ffffff; font-family: 'trebuchet ms'; font-size: 13px;\">ainonpudotukseen sit\u00e4 on k\u00e4ytetty n<\/span><span style=\"background-color: #ffffff; font-family: 'trebuchet ms'; font-size: 13px;\">estett\u00e4 poistavien ja ruokahalua v\u00e4hent\u00e4vien ominaisuuksien vuoksi. <\/span><span style=\"font-family: sans-serif; font-size: 13px; line-height: 19.1875px; background-color: #ffffff;\">Monessa Aasian maassa sit\u00e4 on k\u00e4ytetty vastal\u00e4\u00e4kkeen\u00e4 k\u00e4\u00e4rmeen puremiin. <\/span><span style=\"background-color: #ffffff; font-family: sans-serif; font-size: 13px; line-height: 19.1875px;\">Sit\u00e4 k\u00e4ytet\u00e4\u00e4n paljon hajusteena esim. pyykinpesuaineissa, ilmanraikastimissa tai kylpy\u00f6ljytuotteissa.<\/span><br \/>\n10 ml pullo<\/p>\n<p><strong>K\u00e4ytt\u00f6:<\/strong> Suoraan pullosta ei saa laittaa iholle, vaan tehd\u00e4\u00e4n laimennos; 1 rkl kylm\u00e4puristettua ruoka\u00f6ljy\u00e4 ja 2 tippaa eteerist\u00e4 \u00f6ljy\u00e4. T\u00e4m\u00e4 on peruslaimennusohje.<\/p>\n<p><strong>Hieronta\u00f6ljy:<\/strong> enint\u00e4\u00e4n 20 tippaa 50 ml:aan perus\u00f6ljy\u00e4<\/p>\n<p><strong>Tuoksulyhtyyn:<\/strong> 1-5 tippaan valittua \u00f6ljy\u00e4 veden pinnalle<\/p>\n<p><strong>Kylpyyn:<\/strong> 3-6 tippaa veteen. Mik\u00e4li haluat emulgoida \u00f6ljyn veden sekaan, siihen k\u00e4y kerma,alkoholi tai valmis kylpy\u00f6ljy.<\/p>\n<p><strong>Jalkakylpyyn:<\/strong> 5-15 tippaa vatiin, kermaan emulgoituna<\/p>\n<p>Huoneeseen saa tuoksun tuoksulyhdyn kautta. My\u00f6s matoille voit pirskotella muutaman tipan eteerist\u00e4 \u00f6ljy\u00e4. Imuriin tulee hyv\u00e4 tuoksu, kun tiputat suodattimeen muutaman tipan \u00f6ljy\u00e4.<\/p>\n<p><strong>Maahantuoja:<\/strong> Aduki Oy Valmistaja: Aqua Oleum, UK<\/p>\n","protected":false},"excerpt":{"rendered":"<p>Monipuolinen patsuli tuo tasapainoa, kohottaa mielialaa, sopii laihdutukseen ja ihon hoitamiseen.<\/p>\n","protected":false},"featured_media":667,"comment_status":"open","ping_status":"closed","template":"","meta":{"_et_pb_use_builder":"","_et_pb_old_content":"","_et_gb_content_width":""},"product_brand":[],"product_cat":[28],"product_tag":[50,145,143,69,142,141,140,144,137],"class_list":{"0":"post-1120","1":"product","2":"type-product","3":"status-publish","4":"has-post-thumbnail","6":"product_cat-eteeriset-oljyt","7":"product_tag-eteerinen-oljy","8":"product_tag-kohottava","9":"product_tag-laihdutus","10":"product_tag-mieliala","11":"product_tag-patchouli","12":"product_tag-patchuli","13":"product_tag-patsuli","14":"product_tag-tasapaino","15":"product_tag-tuoksuoljy","17":"first","18":"instock","19":"taxable","20":"shipping-taxable","21":"purchasable","22":"product-type-simple"},"_links":{"self":[{"href":"https:\/\/luontoemo.fi\/en\/wp-json\/wp\/v2\/product\/1120","targetHints":{"allow":["GET"]}}],"collection":[{"href":"https:\/\/luontoemo.fi\/en\/wp-json\/wp\/v2\/product"}],"about":[{"href":"https:\/\/luontoemo.fi\/en\/wp-json\/wp\/v2\/types\/product"}],"replies":[{"embeddable":true,"href":"https:\/\/luontoemo.fi\/en\/wp-json\/wp\/v2\/comments?post=1120"}],"wp:featuredmedia":[{"embeddable":true,"href":"https:\/\/luontoemo.fi\/en\/wp-json\/wp\/v2\/media\/667"}],"wp:attachment":[{"href":"https:\/\/luontoemo.fi\/en\/wp-json\/wp\/v2\/media?parent=1120"}],"wp:term":[{"taxonomy":"product_brand","embeddable":true,"href":"https:\/\/luontoemo.fi\/en\/wp-json\/wp\/v2\/product_brand?post=1120"},{"taxonomy":"product_cat","embeddable":true,"href":"https:\/\/luontoemo.fi\/en\/wp-json\/wp\/v2\/product_cat?post=1120"},{"taxonomy":"product_tag","embeddable":true,"href":"https:\/\/luontoemo.fi\/en\/wp-json\/wp\/v2\/product_tag?post=1120"}],"curies":[{"name":"wp","href":"https:\/\/api.w.org\/{rel}","templated":true}]}}