{"id":1118,"date":"2020-11-08T21:53:42","date_gmt":"2020-11-08T19:53:42","guid":{"rendered":"https:\/\/luontoemo.demo4.xetnet.com\/tuote\/import-placeholder-for-226\/"},"modified":"2026-03-02T21:56:07","modified_gmt":"2026-03-02T19:56:07","slug":"neroli-5-eteerinen-oljy","status":"publish","type":"product","link":"https:\/\/luontoemo.fi\/en\/tuote\/neroli-5-eteerinen-oljy\/","title":{"rendered":"Neroli (5 %) eteerinen \u00f6ljy"},"content":{"rendered":"<p><span style=\"font-family: 'trebuchet ms'; font-size: 13px; background-color: #ffffff;\">Appelsiininkukista saatava neroli\u00f6ljy rauhoittaa j\u00e4nnitystilanteissa, auttaa erilaisissa tunne-el\u00e4m\u00e4n ongelmissa: peloissa, huolissa, stressiss\u00e4 ja masennuksessa.<\/span><br \/>\n<span style=\"font-family: 'trebuchet ms'; font-size: 13px; background-color: #ffffff;\">Nerolia on k\u00e4ytetty ihosolukon uudistamiseen mm. ehk\u00e4isem\u00e4\u00e4n ja parantamaan raskausarpia. Se soveltuu erityisen <\/span><span style=\"background-color: #ffffff; font-family: 'trebuchet ms'; font-size: 13px;\">hyvin<\/span><span style=\"background-color: #ffffff; font-family: 'trebuchet ms'; font-size: 13px;\"> <\/span><span style=\"background-color: #ffffff; font-family: 'trebuchet ms'; font-size: 13px;\">ik\u00e4\u00e4ntyv\u00e4lle iholle ehk\u00e4isem\u00e4\u00e4n ryppyjen muodostumista ja s\u00e4ilytt\u00e4m\u00e4\u00e4n ihon kimmoisuuden. Neroli\u00f6ljy suojaa ymp\u00e4rist\u00f6n negatiivisilta vaikutuksilta ja mielipahalta. Se avartaa henkist\u00e4 tietoisuutta ja edist\u00e4\u00e4 luovuutta, erityisesti kirjoittamista ja s\u00e4velt\u00e4mist\u00e4. <\/span><br \/>\n10 ml pullo<\/p>\n<p><strong>K\u00e4ytt\u00f6:<\/strong> Suoraan pullosta ei saa laittaa iholle, vaan tehd\u00e4\u00e4n laimennos; 1 rkl kylm\u00e4puristettua ruoka\u00f6ljy\u00e4 ja 2 tippaa eteerist\u00e4 \u00f6ljy\u00e4. T\u00e4m\u00e4 on peruslaimennusohje.<\/p>\n<p><strong>Hieronta\u00f6ljy:<\/strong> enint\u00e4\u00e4n 20 tippaa 50 ml:aan perus\u00f6ljy\u00e4<\/p>\n<p><strong>Tuoksulyhtyyn:<\/strong> 1-5 tippaan valittua \u00f6ljy\u00e4 veden pinnalle<\/p>\n<p><strong>Kylpyyn:<\/strong> 3-6 tippaa veteen. Mik\u00e4li haluat emulgoida \u00f6ljyn veden sekaan, siihen k\u00e4y kerma,alkoholi tai valmis kylpy\u00f6ljy.<\/p>\n<p><strong>Jalkakylpyyn:<\/strong> 5-15 tippaa vatiin, kermaan emulgoituna<\/p>\n<p>Huoneeseen saa tuoksun tuoksulyhdyn kautta. My\u00f6s matoille voit pirskotella muutaman tipan eteerist\u00e4 \u00f6ljy\u00e4. Imuriin tulee hyv\u00e4 tuoksu, kun tiputat suodattimeen muutaman tipan \u00f6ljy\u00e4.<\/p>\n<p><strong>Maahantuoja:<\/strong> Aduki Oy Valmistaja: Aqua Oleum, UK<\/p>\n","protected":false},"excerpt":{"rendered":"<p>Nerolin sitruunainen tuoksu auttaa rauhoittumaan.<\/p>\n","protected":false},"featured_media":665,"comment_status":"open","ping_status":"closed","template":"","meta":{"_et_pb_use_builder":"","_et_pb_old_content":"","_et_gb_content_width":""},"product_brand":[],"product_cat":[28],"product_tag":[136,50,135,78,137],"class_list":{"0":"post-1118","1":"product","2":"type-product","3":"status-publish","4":"has-post-thumbnail","6":"product_cat-eteeriset-oljyt","7":"product_tag-appelsiininkukka","8":"product_tag-eteerinen-oljy","9":"product_tag-neroli","10":"product_tag-rauhoittava","11":"product_tag-tuoksuoljy","13":"first","14":"instock","15":"taxable","16":"shipping-taxable","17":"purchasable","18":"product-type-simple"},"_links":{"self":[{"href":"https:\/\/luontoemo.fi\/en\/wp-json\/wp\/v2\/product\/1118","targetHints":{"allow":["GET"]}}],"collection":[{"href":"https:\/\/luontoemo.fi\/en\/wp-json\/wp\/v2\/product"}],"about":[{"href":"https:\/\/luontoemo.fi\/en\/wp-json\/wp\/v2\/types\/product"}],"replies":[{"embeddable":true,"href":"https:\/\/luontoemo.fi\/en\/wp-json\/wp\/v2\/comments?post=1118"}],"wp:featuredmedia":[{"embeddable":true,"href":"https:\/\/luontoemo.fi\/en\/wp-json\/wp\/v2\/media\/665"}],"wp:attachment":[{"href":"https:\/\/luontoemo.fi\/en\/wp-json\/wp\/v2\/media?parent=1118"}],"wp:term":[{"taxonomy":"product_brand","embeddable":true,"href":"https:\/\/luontoemo.fi\/en\/wp-json\/wp\/v2\/product_brand?post=1118"},{"taxonomy":"product_cat","embeddable":true,"href":"https:\/\/luontoemo.fi\/en\/wp-json\/wp\/v2\/product_cat?post=1118"},{"taxonomy":"product_tag","embeddable":true,"href":"https:\/\/luontoemo.fi\/en\/wp-json\/wp\/v2\/product_tag?post=1118"}],"curies":[{"name":"wp","href":"https:\/\/api.w.org\/{rel}","templated":true}]}}