{"id":1117,"date":"2020-11-08T21:53:42","date_gmt":"2020-11-08T19:53:42","guid":{"rendered":"https:\/\/luontoemo.demo4.xetnet.com\/tuote\/import-placeholder-for-225\/"},"modified":"2026-03-02T21:56:06","modified_gmt":"2026-03-02T19:56:06","slug":"neilikka-eteerinen-oljy","status":"publish","type":"product","link":"https:\/\/luontoemo.fi\/en\/tuote\/neilikka-eteerinen-oljy\/","title":{"rendered":"Neilikka eteerinen \u00f6ljy"},"content":{"rendered":"<p>akean mausteinen tuoksu. Virvoittava ja stimuloiva vaikutus. Auttaa helpottamaan hammass\u00e4rky\u00e4 ja toimii my\u00f6s huoneilman raikastajana.<br \/>\n10 ml pullo<\/p>\n<p><strong>K\u00e4ytt\u00f6:<\/strong> Suoraan pullosta ei saa laittaa iholle, vaan tehd\u00e4\u00e4n laimennos; 1 rkl kylm\u00e4puristettua ruoka\u00f6ljy\u00e4 ja 2 tippaa eteerist\u00e4 \u00f6ljy\u00e4. T\u00e4m\u00e4 on peruslaimennusohje.<\/p>\n<p><strong>Hieronta\u00f6ljy:<\/strong> enint\u00e4\u00e4n 20 tippaa 50 ml:aan perus\u00f6ljy\u00e4<\/p>\n<p><strong>Tuoksulyhtyyn:<\/strong> 1-5 tippaan valittua \u00f6ljy\u00e4 veden pinnalle<\/p>\n<p><strong>Kylpyyn:<\/strong> 3-6 tippaa veteen. Mik\u00e4li haluat emulgoida \u00f6ljyn veden sekaan, siihen k\u00e4y kerma,alkoholi tai valmis kylpy\u00f6ljy.<\/p>\n<p><strong>Jalkakylpyyn:<\/strong> 5-15 tippaa vatiin, kermaan emulgoituna<\/p>\n<p>Huoneeseen saa tuoksun tuoksulyhdyn kautta. My\u00f6s matoille voit pirskotella muutaman tipan eteerist\u00e4 \u00f6ljy\u00e4. Imuriin tulee hyv\u00e4 tuoksu, kun tiputat suodattimeen muutaman tipan \u00f6ljy\u00e4.<\/p>\n<p><strong>Maahantuoja:<\/strong> Aduki Oy Valmistaja: Aqua Oleum, UK<\/p>\n","protected":false},"excerpt":{"rendered":"<p>akean mausteinen tuoksu. Virvoittava ja stimuloiva vaikutus. Auttaa helpottamaan hammass\u00e4rky\u00e4 ja toimii my\u00f6s huoneilman raikastajana.<\/p>\n","protected":false},"featured_media":629,"comment_status":"open","ping_status":"closed","template":"","meta":{"_et_pb_use_builder":"","_et_pb_old_content":"","_et_gb_content_width":""},"product_brand":[],"product_cat":[28],"product_tag":[51,50,134,132,131,133],"class_list":{"0":"post-1117","1":"product","2":"type-product","3":"status-publish","4":"has-post-thumbnail","6":"product_cat-eteeriset-oljyt","7":"product_tag-eteerinen","8":"product_tag-eteerinen-oljy","9":"product_tag-hammassarky","10":"product_tag-mausteinen","11":"product_tag-neilikka","12":"product_tag-stimuloiva","14":"first","15":"instock","16":"taxable","17":"shipping-taxable","18":"purchasable","19":"product-type-simple"},"_links":{"self":[{"href":"https:\/\/luontoemo.fi\/en\/wp-json\/wp\/v2\/product\/1117","targetHints":{"allow":["GET"]}}],"collection":[{"href":"https:\/\/luontoemo.fi\/en\/wp-json\/wp\/v2\/product"}],"about":[{"href":"https:\/\/luontoemo.fi\/en\/wp-json\/wp\/v2\/types\/product"}],"replies":[{"embeddable":true,"href":"https:\/\/luontoemo.fi\/en\/wp-json\/wp\/v2\/comments?post=1117"}],"wp:featuredmedia":[{"embeddable":true,"href":"https:\/\/luontoemo.fi\/en\/wp-json\/wp\/v2\/media\/629"}],"wp:attachment":[{"href":"https:\/\/luontoemo.fi\/en\/wp-json\/wp\/v2\/media?parent=1117"}],"wp:term":[{"taxonomy":"product_brand","embeddable":true,"href":"https:\/\/luontoemo.fi\/en\/wp-json\/wp\/v2\/product_brand?post=1117"},{"taxonomy":"product_cat","embeddable":true,"href":"https:\/\/luontoemo.fi\/en\/wp-json\/wp\/v2\/product_cat?post=1117"},{"taxonomy":"product_tag","embeddable":true,"href":"https:\/\/luontoemo.fi\/en\/wp-json\/wp\/v2\/product_tag?post=1117"}],"curies":[{"name":"wp","href":"https:\/\/api.w.org\/{rel}","templated":true}]}}