{"id":1116,"date":"2020-11-08T21:53:41","date_gmt":"2020-11-08T19:53:41","guid":{"rendered":"https:\/\/luontoemo.demo4.xetnet.com\/tuote\/import-placeholder-for-223\/"},"modified":"2026-03-02T21:56:08","modified_gmt":"2026-03-02T19:56:08","slug":"myrtti-eteerinen-oljy","status":"publish","type":"product","link":"https:\/\/luontoemo.fi\/en\/tuote\/myrtti-eteerinen-oljy\/","title":{"rendered":"Myrtti eteerinen \u00f6ljy"},"content":{"rendered":"<p style=\"font-family: Arial, Helvetica, sans-serif; font-size: 12px;\"><span style=\"font-family: Arial,sans-serif; font-size: 12px;\" face=\"Arial, sans-serif\"><span style=\"font-size: small;\" size=\"2\">Myrtti\u00e4 voidaan k\u00e4ytt\u00e4\u00e4 flunssaoireisiin eucalyptuksen tai kajuputin sijaan. Sit\u00e4 on k\u00e4ytetty my\u00f6s ysk\u00e4\u00e4n, astmaan, nielu- ja keuhkoputkentulehduksiin. Sen avulla keuhkojen ja ihmisen sisimm\u00e4n sanotaan puhdistuvan.<\/p>\n<p style=\"font-family: Arial, Helvetica, sans-serif; font-size: 12px;\"><span style=\"font-family: Arial,sans-serif; font-size: 12px;\" face=\"Arial, sans-serif\"><span style=\"font-size: small;\" size=\"2\">Myrtti\u00f6ljyn avulla hoidetaan ja kirkastetaan suurihuokoista akneihoa. Koska kyseess\u00e4 on supistava \u00f6ljy, my\u00f6s per\u00e4pukamien hoitoon sit\u00e4 voidaan k\u00e4ytt\u00e4\u00e4.<\/p>\n<p style=\"font-family: Arial, Helvetica, sans-serif; font-size: 12px;\"><span style=\"font-family: Arial,sans-serif; font-size: 12px;\" face=\"Arial, sans-serif\"><span style=\"font-size: small;\" size=\"2\">Aikanaan myrtinoksia kannettiin laivoissa haaksirikkojen varalta; oksien tiedettiin suojaavan el\u00e4m\u00e4n muutoksissa ja siirtymiss\u00e4. Myrtti vahvistaa hermoja, rauhoittaa ja lepytt\u00e4\u00e4 voimakkaita tunteita.<\/p>\n<div style=\"font-family: Arial, Helvetica, sans-serif; font-size: 12px;\">\n10 ml pullo<\/p>\n<p><strong>K\u00e4ytt\u00f6:<\/strong> Suoraan pullosta ei saa laittaa iholle, vaan tehd\u00e4\u00e4n laimennos; 1 rkl kylm\u00e4puristettua ruoka\u00f6ljy\u00e4 ja 2 tippaa eteerist\u00e4 \u00f6ljy\u00e4. T\u00e4m\u00e4 on peruslaimennusohje.<\/p>\n<p><strong>Hieronta\u00f6ljy:<\/strong> enint\u00e4\u00e4n 20 tippaa 50 ml:aan perus\u00f6ljy\u00e4<\/p>\n<p><strong>Tuoksulyhtyyn:<\/strong> 1-5 tippaan valittua \u00f6ljy\u00e4 veden pinnalle<\/p>\n<p><strong>Kylpyyn:<\/strong> 3-6 tippaa veteen. Mik\u00e4li haluat emulgoida \u00f6ljyn veden sekaan, siihen k\u00e4y kerma,alkoholi tai valmis kylpy\u00f6ljy.<\/p>\n<p><strong>Jalkakylpyyn:<\/strong> 5-15 tippaa vatiin, kermaan emulgoituna<\/p>\n<p>Huoneeseen saa tuoksun tuoksulyhdyn kautta. My\u00f6s matoille voit pirskotella muutaman tipan eteerist\u00e4 \u00f6ljy\u00e4. Imuriin tulee hyv\u00e4 tuoksu, kun tiputat suodattimeen muutaman tipan \u00f6ljy\u00e4.<\/p>\n<p><strong>Maahantuoja:<\/strong> Aduki Oy Valmistaja: Aqua Oleum, UK<\/p>\n","protected":false},"excerpt":{"rendered":"<p>Lempe\u00e4 myrtti\u00f6ljy sopii hell\u00e4varaisuutensa vuoksi hyvin lapsille hoitamaan hengitysteit\u00e4.<\/p>\n","protected":false},"featured_media":663,"comment_status":"open","ping_status":"closed","template":"","meta":{"_et_pb_use_builder":"","_et_pb_old_content":"","_et_gb_content_width":""},"product_brand":[],"product_cat":[292],"product_tag":[437,324,328,128],"class_list":{"0":"post-1116","1":"product","2":"type-product","3":"status-publish","4":"has-post-thumbnail","6":"product_cat-essential-oils","7":"product_tag-essential","8":"product_tag-essential-oil","9":"product_tag-respiratory-system","10":"product_tag-myrtti","12":"first","13":"instock","14":"taxable","15":"shipping-taxable","16":"purchasable","17":"product-type-simple"},"_links":{"self":[{"href":"https:\/\/luontoemo.fi\/en\/wp-json\/wp\/v2\/product\/1116","targetHints":{"allow":["GET"]}}],"collection":[{"href":"https:\/\/luontoemo.fi\/en\/wp-json\/wp\/v2\/product"}],"about":[{"href":"https:\/\/luontoemo.fi\/en\/wp-json\/wp\/v2\/types\/product"}],"replies":[{"embeddable":true,"href":"https:\/\/luontoemo.fi\/en\/wp-json\/wp\/v2\/comments?post=1116"}],"wp:featuredmedia":[{"embeddable":true,"href":"https:\/\/luontoemo.fi\/en\/wp-json\/wp\/v2\/media\/663"}],"wp:attachment":[{"href":"https:\/\/luontoemo.fi\/en\/wp-json\/wp\/v2\/media?parent=1116"}],"wp:term":[{"taxonomy":"product_brand","embeddable":true,"href":"https:\/\/luontoemo.fi\/en\/wp-json\/wp\/v2\/product_brand?post=1116"},{"taxonomy":"product_cat","embeddable":true,"href":"https:\/\/luontoemo.fi\/en\/wp-json\/wp\/v2\/product_cat?post=1116"},{"taxonomy":"product_tag","embeddable":true,"href":"https:\/\/luontoemo.fi\/en\/wp-json\/wp\/v2\/product_tag?post=1116"}],"curies":[{"name":"wp","href":"https:\/\/api.w.org\/{rel}","templated":true}]}}