{"id":1115,"date":"2020-11-08T21:53:41","date_gmt":"2020-11-08T19:53:41","guid":{"rendered":"https:\/\/luontoemo.demo4.xetnet.com\/tuote\/import-placeholder-for-222\/"},"modified":"2026-03-02T21:56:08","modified_gmt":"2026-03-02T19:56:08","slug":"mandariini-eteerinen-oljy","status":"publish","type":"product","link":"https:\/\/luontoemo.fi\/en\/tuote\/mandariini-eteerinen-oljy\/","title":{"rendered":"Mandariini eteerinen \u00f6ljy"},"content":{"rendered":"<p>Muita sitrustuoksuja lempe\u00e4mpi mandariini lievitt\u00e4\u00e4 s\u00e4rky\u00e4 ja levottomuutta lapsilla, sopii hell\u00e4varaisena odottaville \u00e4ideille ja tuo aurinkoa my\u00f6s vanhusten sek\u00e4 toipilaiden el\u00e4m\u00e4\u00e4n. Kuoren ulko-osasta kylm\u00e4puristamalla valmistettava mandariini\u00f6ljy omaa l\u00e4mpim\u00e4n ja makean tuoksun, se sopii hyvin yhteen etenkin nerolin, greipin ja appelsiinin kanssa.<br \/>\n10 ml pullo<\/p>\n<p><strong>K\u00e4ytt\u00f6:<\/strong> Vain ulkoiseen k\u00e4ytt\u00f6\u00f6n. Suoraan pullosta ei saa laittaa iholle, vaan tehd\u00e4\u00e4n laimennos; 1 rkl kylm\u00e4puristettua ruoka\u00f6ljy\u00e4 ja 2 tippaa eteerist\u00e4 \u00f6ljy\u00e4. T\u00e4m\u00e4 on peruslaimennusohje.<\/p>\n<p><strong>Hieronta\u00f6ljy:<\/strong> enint\u00e4\u00e4n 20 tippaa 50 ml:aan perus\u00f6ljy\u00e4<\/p>\n<p><strong>Tuoksulyhtyyn:<\/strong> 1-5 tippaan valittua \u00f6ljy\u00e4 veden pinnalle<\/p>\n<p><strong>Kylpyyn:<\/strong> 3-6 tippaa veteen. Mik\u00e4li haluat emulgoida \u00f6ljyn veden sekaan, siihen k\u00e4y kerma, alkoholi tai valmis kylpy\u00f6ljy.<\/p>\n<p><strong>Jalkakylpyyn:<\/strong> 5-10 tippaa vatiin<\/p>\n<p>Huoneeseen saa tuoksun tuoksulyhdyn kautta. My\u00f6s matoille voit pirskotella muutaman tipan eteerist\u00e4 \u00f6ljy\u00e4. Imuriin tulee hyv\u00e4 tuoksu, kun tiputat suodattimeen muutaman tipan \u00f6ljy\u00e4. Haihtuvaa \u00f6ljy\u00e4 voi my\u00f6s k\u00e4ytt\u00e4\u00e4 parfyymina vaatteisiin ja asusteisiin tiputeltuna tai iholle ihovoiteeseen tai \u00f6ljyyn sekoitettuna.<\/p>\n<p><strong>Maahantuoja:<\/strong> Aduki Oy Valmistaja: Aqua Oleum, UK<\/p>\n","protected":false},"excerpt":{"rendered":"<p>Mandariinin eteerist\u00e4 \u00f6ljy\u00e4 k\u00e4ytet\u00e4\u00e4n edist\u00e4m\u00e4\u00e4n ruoansulatusta sek\u00e4 vatsan, maksan ja sapen toimintaa yleens\u00e4.<\/p>\n","protected":false},"featured_media":659,"comment_status":"open","ping_status":"closed","template":"","meta":{"_et_pb_use_builder":"","_et_pb_old_content":"","_et_gb_content_width":""},"product_brand":[],"product_cat":[28],"product_tag":[51,50,127,124,125,126],"class_list":{"0":"post-1115","1":"product","2":"type-product","3":"status-publish","4":"has-post-thumbnail","6":"product_cat-eteeriset-oljyt","7":"product_tag-eteerinen","8":"product_tag-eteerinen-oljy","9":"product_tag-ilo","10":"product_tag-mandariini","11":"product_tag-ruoansulatus","12":"product_tag-ruuansulatus","14":"first","15":"instock","16":"taxable","17":"shipping-taxable","18":"purchasable","19":"product-type-simple"},"_links":{"self":[{"href":"https:\/\/luontoemo.fi\/en\/wp-json\/wp\/v2\/product\/1115","targetHints":{"allow":["GET"]}}],"collection":[{"href":"https:\/\/luontoemo.fi\/en\/wp-json\/wp\/v2\/product"}],"about":[{"href":"https:\/\/luontoemo.fi\/en\/wp-json\/wp\/v2\/types\/product"}],"replies":[{"embeddable":true,"href":"https:\/\/luontoemo.fi\/en\/wp-json\/wp\/v2\/comments?post=1115"}],"wp:featuredmedia":[{"embeddable":true,"href":"https:\/\/luontoemo.fi\/en\/wp-json\/wp\/v2\/media\/659"}],"wp:attachment":[{"href":"https:\/\/luontoemo.fi\/en\/wp-json\/wp\/v2\/media?parent=1115"}],"wp:term":[{"taxonomy":"product_brand","embeddable":true,"href":"https:\/\/luontoemo.fi\/en\/wp-json\/wp\/v2\/product_brand?post=1115"},{"taxonomy":"product_cat","embeddable":true,"href":"https:\/\/luontoemo.fi\/en\/wp-json\/wp\/v2\/product_cat?post=1115"},{"taxonomy":"product_tag","embeddable":true,"href":"https:\/\/luontoemo.fi\/en\/wp-json\/wp\/v2\/product_tag?post=1115"}],"curies":[{"name":"wp","href":"https:\/\/api.w.org\/{rel}","templated":true}]}}