{"id":1112,"date":"2020-11-08T21:53:40","date_gmt":"2020-11-08T19:53:40","guid":{"rendered":"https:\/\/luontoemo.demo4.xetnet.com\/tuote\/import-placeholder-for-219\/"},"modified":"2026-03-02T21:56:15","modified_gmt":"2026-03-02T19:56:15","slug":"laventeli-eteerinen-oljy","status":"publish","type":"product","link":"https:\/\/luontoemo.fi\/en\/tuote\/laventeli-eteerinen-oljy\/","title":{"rendered":"Laventeli eteerinen \u00f6ljy"},"content":{"rendered":"<p>Ranskalainen laventeli\u00f6ljy (Lavandula Angustifolia)<span class=\"body2\"> hoitaa monia fyysisi\u00e4 ja psyykkisi\u00e4 vaivoja. Se on tehokas \u00f6ljy ihonhoidossa, ja sill\u00e4 voidaan hoitaa esim. palovammoja ja haavoja, joiden arpeutumista se helpottaa. <\/span><span class=\"body2\">Laventeli nopeuttaa ihon uusiutumista ja sit\u00e4 voi lis\u00e4t\u00e4 ihovoiteisiin kaikille ihotyypeille.<\/span> <span class=\"body2\">Laventeli on yksi niist\u00e4 harvoista \u00f6ljyist\u00e4, jota voi k\u00e4ytt\u00e4\u00e4 laimentamattakin. <\/span><br \/>\nSyd\u00e4men toimintaa s\u00e4\u00e4telev\u00e4 laventeli\u00f6ljy on arvokas lis\u00e4apu sepelvaltimotulehduksen, heikon kapillaariverenkierron ja turvotuksen hoidossa. Se rauhoittaa my\u00f6s syd\u00e4mentykytyst\u00e4, lis\u00e4ly\u00f6ntisyytt\u00e4 ja rytmih\u00e4iri\u00f6it\u00e4 ja etenkin hermostollisista syist\u00e4 ja ahdistuksesta johtuvia hengitystievaivoja.<\/p>\n<p><span class=\"body2\">Laventeli suojaa, tyynnytt\u00e4\u00e4 ja rauhoittaa iltakylvyiss\u00e4 tai jalkapohjiin ja solar pleksukseen hierottuna. <\/span><span class=\"body2\">Lempe\u00e4 laventeli\u00f6ljy valmistaa unten maille, eritoten lasta joka her\u00e4\u00e4 \u00f6isin eik\u00e4 saa unenp\u00e4\u00e4st\u00e4 kiinni ilman \u00e4iti\u00e4. <\/span><\/p>\n<p>Laventeli\u00f6ljy <span class=\"body2\">tasapainottaa \u00e4\u00e4rimm\u00e4isi\u00e4 tunnetiloja, levottomuutta, j\u00e4nnittyneisyytt\u00e4, ristiriitaisuutta, hermostuneisuutta, masennusta, h\u00e4mmennyst\u00e4. Se <\/span><span class=\"body2\">k\u00e4y my\u00f6s monien psykosomaattisten sairauksien hoitoon, esim. riippuvuustilat, pakkomielteet ja traumat.\u00a0\u00a0 <\/span><\/p>\n<p>Laventelia voidaan yhdist\u00e4\u00e4 kaikkien muiden eteeristen \u00f6ljyjen kanssa ja siten tehostaa niiden vaikutusta. <span class=\"body2\">Esimerkiksi yhdistettyn\u00e4 geraniumiin sill\u00e4 voidaan hoitaa sienikasvua, rosmariinin kanssa mustelmia. <\/span><span class=\"body2\">Frankinsensin tai ravensaran kanssa sit\u00e4 voi kokeilla astman oireiden helpottamiseen.<\/span><\/p>\n<p>10 ml pullo<\/p>\n<p>K\u00e4ytt\u00f6: Suoraan pullosta ei saa laittaa iholle, vaan tehd\u00e4\u00e4n laimennos; 1 rkl kylm\u00e4puristettua ruoka\u00f6ljy\u00e4 ja 2 tippaa eteerist\u00e4 \u00f6ljy\u00e4. T\u00e4m\u00e4 on peruslaimennusohje.<\/p>\n<p>Hieronta\u00f6ljy: enint\u00e4\u00e4n 20 tippaa 50 ml:aan perus\u00f6ljy\u00e4<\/p>\n<p>Tuoksulyhtyyn: 1-5 tippaan valittua \u00f6ljy\u00e4 veden pinnalle<\/p>\n<p>Kylpyyn: 3-6 tippaa veteen. Mik\u00e4li haluat emulgoida \u00f6ljyn veden sekaan, siihen k\u00e4y kerma,alkoholi tai valmis kylpy\u00f6ljy.<\/p>\n<p>Jalkakylpyyn: 5-15 tippaa vatiin, kermaan emulgoituna<\/p>\n<p>Huoneeseen saa tuoksun tuoksulyhdyn kautta. My\u00f6s matoille voit pirskotella muutaman tipan eteerist\u00e4 \u00f6ljy\u00e4. Imuriin tulee hyv\u00e4 tuoksu, kun tiputat suodattimeen muutaman tipan \u00f6ljy\u00e4.<\/p>\n<p>Maahantuoja: Aduki Oy Valmistaja: Aqua Oleum, UK<\/p>\n","protected":false},"excerpt":{"rendered":"<p>Laventeli on aromaterapian monik\u00e4ytt\u00f6isin \u00f6ljy, mm. tasapainottava, rauhoittava, puhdistava ja kipuja lievitt\u00e4v\u00e4.<\/p>\n","protected":false},"featured_media":651,"comment_status":"open","ping_status":"closed","template":"","meta":{"_et_pb_use_builder":"","_et_pb_old_content":"","_et_gb_content_width":""},"product_brand":[],"product_cat":[28],"product_tag":[51,50,123,118,121,120,97,78,122,119],"class_list":{"0":"post-1112","1":"product","2":"type-product","3":"status-publish","4":"has-post-thumbnail","6":"product_cat-eteeriset-oljyt","7":"product_tag-eteerinen","8":"product_tag-eteerinen-oljy","9":"product_tag-kipuja-lievittava","10":"product_tag-laventeli","11":"product_tag-lepo","12":"product_tag-nukkuminen","13":"product_tag-puhdistava","14":"product_tag-rauhoittava","15":"product_tag-tasapainottava","16":"product_tag-uni","18":"first","19":"instock","20":"taxable","21":"shipping-taxable","22":"purchasable","23":"product-type-variable"},"_links":{"self":[{"href":"https:\/\/luontoemo.fi\/en\/wp-json\/wp\/v2\/product\/1112","targetHints":{"allow":["GET"]}}],"collection":[{"href":"https:\/\/luontoemo.fi\/en\/wp-json\/wp\/v2\/product"}],"about":[{"href":"https:\/\/luontoemo.fi\/en\/wp-json\/wp\/v2\/types\/product"}],"replies":[{"embeddable":true,"href":"https:\/\/luontoemo.fi\/en\/wp-json\/wp\/v2\/comments?post=1112"}],"wp:featuredmedia":[{"embeddable":true,"href":"https:\/\/luontoemo.fi\/en\/wp-json\/wp\/v2\/media\/651"}],"wp:attachment":[{"href":"https:\/\/luontoemo.fi\/en\/wp-json\/wp\/v2\/media?parent=1112"}],"wp:term":[{"taxonomy":"product_brand","embeddable":true,"href":"https:\/\/luontoemo.fi\/en\/wp-json\/wp\/v2\/product_brand?post=1112"},{"taxonomy":"product_cat","embeddable":true,"href":"https:\/\/luontoemo.fi\/en\/wp-json\/wp\/v2\/product_cat?post=1112"},{"taxonomy":"product_tag","embeddable":true,"href":"https:\/\/luontoemo.fi\/en\/wp-json\/wp\/v2\/product_tag?post=1112"}],"curies":[{"name":"wp","href":"https:\/\/api.w.org\/{rel}","templated":true}]}}