{"id":1106,"date":"2020-11-08T21:53:37","date_gmt":"2020-11-08T19:53:37","guid":{"rendered":"https:\/\/luontoemo.demo4.xetnet.com\/tuote\/import-placeholder-for-213\/"},"modified":"2026-03-02T21:56:10","modified_gmt":"2026-03-02T19:56:10","slug":"geranium-eteerinen-oljy","status":"publish","type":"product","link":"https:\/\/luontoemo.fi\/en\/tuote\/geranium-eteerinen-oljy\/","title":{"rendered":"Geranium eteerinen \u00f6ljy"},"content":{"rendered":"<p>Geraniumin tuoksun kerrotaan kohottavan mielialaa, rauhoittavan hermostoa, poistavan j\u00e4nnityst\u00e4 ja masennusta. Geranium\u00f6ljy tasapainottaa ja s\u00e4\u00e4telee hormonituotantoa, jonka vuoksi sill\u00e4 hoidetaan mm. vaihdevuosi- ja pms-oireita. Geranium edist\u00e4\u00e4 lymfakiertoa, hoitaa mustelmia, elvytt\u00e4\u00e4 maksan ja munuaisten toimintaa; sen uskotaan vahvistavan yleisesti elintoimintoja.<br \/>\nIhonhoidossa geraniumista on l\u00f6ytynyt apua kaikille ihotyypeille, koska sen avulla sek\u00e4 rasvaisen ett\u00e4  kuivan ihon kosteustasapainoa ja talintuotantoa on tasapainotettu.<br \/>\nGeranium\u00f6ljyn kaikkia \u00e4\u00e4ritiloja tasapainottava vaikutus muistuttaa laventelin vaikutuksia. Sen k\u00e4yt\u00f6ll\u00e4 on kerrottu saavutetun yleist\u00e4 harmoniaa, sen suojaavien ja onnellisuutta kohottavien voimien ansiosta.<br \/>\n10 ml pullo<\/p>\n<p><strong>K\u00e4ytt\u00f6:<\/strong> Suoraan pullosta ei saa laittaa iholle, vaan tehd\u00e4\u00e4n laimennos; 1 rkl kylm\u00e4puristettua ruoka\u00f6ljy\u00e4 ja 2 tippaa eteerist\u00e4 \u00f6ljy\u00e4. T\u00e4m\u00e4 on peruslaimennusohje.<\/p>\n<p><strong>Hieronta\u00f6ljy:<\/strong> enint\u00e4\u00e4n 20 tippaa 50 ml:aan perus\u00f6ljy\u00e4<\/p>\n<p><strong>Tuoksulyhtyyn:<\/strong> 1-5 tippaan valittua \u00f6ljy\u00e4 veden pinnalle<\/p>\n<p><strong>Kylpyyn:<\/strong> 3-6 tippaa veteen. Mik\u00e4li haluat emulgoida \u00f6ljyn veden sekaan, siihen k\u00e4y kerma,alkoholi tai valmis kylpy\u00f6ljy.<\/p>\n<p><strong>Jalkakylpyyn:<\/strong> 5-15 tippaa vatiin, kermaan emulgoituna<\/p>\n<p>Huoneeseen saa tuoksun tuoksulyhdyn kautta. My\u00f6s matoille voit pirskotella muutaman tipan eteerist\u00e4 \u00f6ljy\u00e4. Imuriin tulee hyv\u00e4 tuoksu, kun tiputat suodattimeen muutaman tipan \u00f6ljy\u00e4.<\/p>\n<p><strong>Maahantuoja:<\/strong> Aduki Oy Valmistaja: Aqua Oleum, UK<\/p>\n","protected":false},"excerpt":{"rendered":"<p>Geranium s\u00e4\u00e4telee hormonituotantoa, kohottaa mielialaa, poistaa nestett\u00e4, turvotusta ja masennusta.<\/p>\n","protected":false},"featured_media":639,"comment_status":"open","ping_status":"closed","template":"","meta":{"_et_pb_use_builder":"","_et_pb_old_content":"","_et_gb_content_width":""},"product_brand":[],"product_cat":[28],"product_tag":[51,50,104,105,101,69,91,106],"class_list":{"0":"post-1106","1":"product","2":"type-product","3":"status-publish","4":"has-post-thumbnail","6":"product_cat-eteeriset-oljyt","7":"product_tag-eteerinen","8":"product_tag-eteerinen-oljy","9":"product_tag-geranium","10":"product_tag-hormonituotanto","11":"product_tag-masennus","12":"product_tag-mieliala","13":"product_tag-nesteenpoisto","14":"product_tag-turvotus","16":"first","17":"instock","18":"taxable","19":"shipping-taxable","20":"purchasable","21":"product-type-simple"},"_links":{"self":[{"href":"https:\/\/luontoemo.fi\/en\/wp-json\/wp\/v2\/product\/1106","targetHints":{"allow":["GET"]}}],"collection":[{"href":"https:\/\/luontoemo.fi\/en\/wp-json\/wp\/v2\/product"}],"about":[{"href":"https:\/\/luontoemo.fi\/en\/wp-json\/wp\/v2\/types\/product"}],"replies":[{"embeddable":true,"href":"https:\/\/luontoemo.fi\/en\/wp-json\/wp\/v2\/comments?post=1106"}],"wp:featuredmedia":[{"embeddable":true,"href":"https:\/\/luontoemo.fi\/en\/wp-json\/wp\/v2\/media\/639"}],"wp:attachment":[{"href":"https:\/\/luontoemo.fi\/en\/wp-json\/wp\/v2\/media?parent=1106"}],"wp:term":[{"taxonomy":"product_brand","embeddable":true,"href":"https:\/\/luontoemo.fi\/en\/wp-json\/wp\/v2\/product_brand?post=1106"},{"taxonomy":"product_cat","embeddable":true,"href":"https:\/\/luontoemo.fi\/en\/wp-json\/wp\/v2\/product_cat?post=1106"},{"taxonomy":"product_tag","embeddable":true,"href":"https:\/\/luontoemo.fi\/en\/wp-json\/wp\/v2\/product_tag?post=1106"}],"curies":[{"name":"wp","href":"https:\/\/api.w.org\/{rel}","templated":true}]}}