{"id":1097,"date":"2020-11-08T21:36:28","date_gmt":"2020-11-08T19:36:28","guid":{"rendered":"https:\/\/luontoemo.demo4.xetnet.com\/tuote\/import-placeholder-for-206\/"},"modified":"2026-03-02T21:56:12","modified_gmt":"2026-03-02T19:56:12","slug":"citronella-eteerinen-oljy","status":"publish","type":"product","link":"https:\/\/luontoemo.fi\/en\/tuote\/citronella-eteerinen-oljy\/","title":{"rendered":"Citronella eteerinen \u00f6ljy"},"content":{"rendered":"<p>Mielialaa kohottava, antiseptinen ja rauhoittava; hy\u00f6nteisten karkotus<br \/>\nCitronellalla on mielialaa nostava vaikutus. \u00d6ljyn ominaisuuksien sanotaan kirkastavan ajatuksia, v\u00e4hent\u00e4v\u00e4n alakuloisuutta ja lis\u00e4\u00e4v\u00e4n mielihyv\u00e4n tunnetta. Citronellan on koettu lievitt\u00e4v\u00e4n p\u00e4\u00e4ns\u00e4rky\u00e4 ja migreeni\u00e4, ja sill\u00e4 hoidetaan reumaattisia kipuja.<br \/>\nCitronellasta voi saada apua hikoileviin ja v\u00e4syneisiin jalkoihin, joiden kautta vaikutus levi\u00e4\u00e4 koko kehoon.Citronella on suosittu my\u00f6s hy\u00f6nteisten torjumiseen (esim. Sri Lankassa moskiittojen torjuntaan), ja my\u00f6s kissoja on sill\u00e4 karkoitettu ep\u00e4toivotuilta paikoilta.<br \/>\n10 ml pullo<\/p>\n<p><strong>K\u00e4ytt\u00f6:<\/strong> Suoraan pullosta ei saa laittaa iholle, vaan tehd\u00e4\u00e4n laimennos; 1 rkl kylm\u00e4puristettua ruoka\u00f6ljy\u00e4 ja 2 tippaa eteerist\u00e4 \u00f6ljy\u00e4. T\u00e4m\u00e4 on peruslaimennusohje.<\/p>\n<p><strong>Hieronta\u00f6ljy:<\/strong> enint\u00e4\u00e4n 20 tippaa 50 ml:aan perus\u00f6ljy\u00e4<\/p>\n<p><strong>Tuoksulyhtyyn:<\/strong> 1-5 tippaan valittua \u00f6ljy\u00e4 veden pinnalle<\/p>\n<p><strong>Kylpyyn:<\/strong> 3-6 tippaa veteen. Mik\u00e4li haluat emulgoida \u00f6ljyn veden sekaan, siihen k\u00e4y kerma,alkoholi tai valmis kylpy\u00f6ljy.<\/p>\n<p><strong>Jalkakylpyyn:<\/strong> 5-15 tippaa vatiin, kermaan emulgoituna<\/p>\n<p>Huoneeseen saa tuoksun tuoksulyhdyn kautta. My\u00f6s matoille voit pirskotella muutaman tipan eteerist\u00e4 \u00f6ljy\u00e4. Imuriin tulee hyv\u00e4 tuoksu, kun tiputat suodattimeen muutaman tipan \u00f6ljy\u00e4.<\/p>\n<p><strong>Maahantuoja:<\/strong> Aduki Oy Valmistaja: Aqua Oleum, UK<\/p>\n","protected":false},"excerpt":{"rendered":"<p>Mielialaa kohottava, antiseptinen ja rauhoittava; hy\u00f6nteisten karkotus<\/p>\n","protected":false},"featured_media":655,"comment_status":"open","ping_status":"closed","template":"","meta":{"_et_pb_use_builder":"","_et_pb_old_content":"","_et_gb_content_width":""},"product_brand":[],"product_cat":[28],"product_tag":[77,75,51,50,79,76,78],"class_list":{"0":"post-1097","1":"product","2":"type-product","3":"status-publish","4":"has-post-thumbnail","6":"product_cat-eteeriset-oljyt","7":"product_tag-antiseptinen","8":"product_tag-citronella","9":"product_tag-eteerinen","10":"product_tag-eteerinen-oljy","11":"product_tag-hyonteisten-karkotus","12":"product_tag-mielialaa-kohottava","13":"product_tag-rauhoittava","15":"first","16":"instock","17":"taxable","18":"shipping-taxable","19":"purchasable","20":"product-type-simple"},"_links":{"self":[{"href":"https:\/\/luontoemo.fi\/en\/wp-json\/wp\/v2\/product\/1097","targetHints":{"allow":["GET"]}}],"collection":[{"href":"https:\/\/luontoemo.fi\/en\/wp-json\/wp\/v2\/product"}],"about":[{"href":"https:\/\/luontoemo.fi\/en\/wp-json\/wp\/v2\/types\/product"}],"replies":[{"embeddable":true,"href":"https:\/\/luontoemo.fi\/en\/wp-json\/wp\/v2\/comments?post=1097"}],"wp:featuredmedia":[{"embeddable":true,"href":"https:\/\/luontoemo.fi\/en\/wp-json\/wp\/v2\/media\/655"}],"wp:attachment":[{"href":"https:\/\/luontoemo.fi\/en\/wp-json\/wp\/v2\/media?parent=1097"}],"wp:term":[{"taxonomy":"product_brand","embeddable":true,"href":"https:\/\/luontoemo.fi\/en\/wp-json\/wp\/v2\/product_brand?post=1097"},{"taxonomy":"product_cat","embeddable":true,"href":"https:\/\/luontoemo.fi\/en\/wp-json\/wp\/v2\/product_cat?post=1097"},{"taxonomy":"product_tag","embeddable":true,"href":"https:\/\/luontoemo.fi\/en\/wp-json\/wp\/v2\/product_tag?post=1097"}],"curies":[{"name":"wp","href":"https:\/\/api.w.org\/{rel}","templated":true}]}}