{"id":1096,"date":"2020-11-08T21:36:27","date_gmt":"2020-11-08T19:36:27","guid":{"rendered":"https:\/\/luontoemo.demo4.xetnet.com\/tuote\/import-placeholder-for-205\/"},"modified":"2026-03-02T21:56:13","modified_gmt":"2026-03-02T19:56:13","slug":"bergamotti-eteerinen-oljy","status":"publish","type":"product","link":"https:\/\/luontoemo.fi\/en\/tuote\/bergamotti-eteerinen-oljy\/","title":{"rendered":"Bergamotti eteerinen \u00f6ljy"},"content":{"rendered":"<p>Bergamotti\u00f6ljy on stressi\u00e4 laukaiseva, todellinen mielialan kohottaja ja hyv\u00e4nmielen tuoja.<br \/>\nSitrusmaisen keve\u00e4n ja virkist\u00e4v\u00e4n tuoksun omaava bergamotti tuo olemukseemme auringon, se kohottaa henke\u00e4 auttaen siten esimerkiksi masennuksen, j\u00e4nnitysten tai univaikeuksien hoitamisessa. Fyysisell\u00e4 tasolla bergamottia k\u00e4ytet\u00e4\u00e4n muun muassa akneihon hoitoihin.<br \/>\n10 ml pullo<\/p>\n<p><strong>K\u00e4ytt\u00f6:<\/strong> Suoraan pullosta ei saa laittaa iholle, vaan tehd\u00e4\u00e4n laimennos; 1 rkl kylm\u00e4puristettua ruoka\u00f6ljy\u00e4 ja 2 tippaa eteerist\u00e4 \u00f6ljy\u00e4. T\u00e4m\u00e4 on peruslaimennusohje.<\/p>\n<p><strong>Hieronta\u00f6ljy:<\/strong> enint\u00e4\u00e4n 20 tippaa 50 ml:aan perus\u00f6ljy\u00e4<\/p>\n<p><strong>Tuoksulyhtyyn:<\/strong> 1-5 tippaan valittua \u00f6ljy\u00e4 veden pinnalle<\/p>\n<p><strong>Kylpyyn:<\/strong> 3-6 tippaa veteen. Mik\u00e4li haluat emulgoida \u00f6ljyn veden sekaan, siihen k\u00e4y kerma,alkoholi tai valmis kylpy\u00f6ljy.<\/p>\n<p><strong>Jalkakylpyyn:<\/strong> 5-15 tippaa vatiin, kermaan emulgoituna<\/p>\n<p>Huoneeseen saa tuoksun tuoksulyhdyn kautta. My\u00f6s matoille voit pirskotella muutaman tipan eteerist\u00e4 \u00f6ljy\u00e4. Imuriin tulee hyv\u00e4 tuoksu, kun tiputat suodattimeen muutaman tipan \u00f6ljy\u00e4.<\/p>\n<p><strong>Maahantuoja:<\/strong> Aduki Oy Valmistaja: Aqua Oleum, UK<\/p>\n","protected":false},"excerpt":{"rendered":"<p>Bergamotti\u00f6ljy on stressi\u00e4 laukaiseva, todellinen mielialan kohottaja ja hyv\u00e4nmielen tuoja.<\/p>\n","protected":false},"featured_media":621,"comment_status":"open","ping_status":"closed","template":"","meta":{"_et_pb_use_builder":"","_et_pb_old_content":"","_et_gb_content_width":""},"product_brand":[],"product_cat":[292],"product_tag":[70,437,324,73,74,72,446,71],"class_list":{"0":"post-1096","1":"product","2":"type-product","3":"status-publish","4":"has-post-thumbnail","6":"product_cat-essential-oils","7":"product_tag-bergamotti","8":"product_tag-essential","9":"product_tag-essential-oil","10":"product_tag-hyva-mieli","11":"product_tag-hyvanmielen","12":"product_tag-iloisuus","13":"product_tag-mood","14":"product_tag-stressi","16":"first","17":"instock","18":"taxable","19":"shipping-taxable","20":"purchasable","21":"product-type-simple"},"_links":{"self":[{"href":"https:\/\/luontoemo.fi\/en\/wp-json\/wp\/v2\/product\/1096","targetHints":{"allow":["GET"]}}],"collection":[{"href":"https:\/\/luontoemo.fi\/en\/wp-json\/wp\/v2\/product"}],"about":[{"href":"https:\/\/luontoemo.fi\/en\/wp-json\/wp\/v2\/types\/product"}],"replies":[{"embeddable":true,"href":"https:\/\/luontoemo.fi\/en\/wp-json\/wp\/v2\/comments?post=1096"}],"wp:featuredmedia":[{"embeddable":true,"href":"https:\/\/luontoemo.fi\/en\/wp-json\/wp\/v2\/media\/621"}],"wp:attachment":[{"href":"https:\/\/luontoemo.fi\/en\/wp-json\/wp\/v2\/media?parent=1096"}],"wp:term":[{"taxonomy":"product_brand","embeddable":true,"href":"https:\/\/luontoemo.fi\/en\/wp-json\/wp\/v2\/product_brand?post=1096"},{"taxonomy":"product_cat","embeddable":true,"href":"https:\/\/luontoemo.fi\/en\/wp-json\/wp\/v2\/product_cat?post=1096"},{"taxonomy":"product_tag","embeddable":true,"href":"https:\/\/luontoemo.fi\/en\/wp-json\/wp\/v2\/product_tag?post=1096"}],"curies":[{"name":"wp","href":"https:\/\/api.w.org\/{rel}","templated":true}]}}