{"id":1094,"date":"2020-11-08T21:36:25","date_gmt":"2020-11-08T19:36:25","guid":{"rendered":"https:\/\/luontoemo.demo4.xetnet.com\/tuote\/import-placeholder-for-203\/"},"modified":"2026-03-02T21:56:13","modified_gmt":"2026-03-02T19:56:13","slug":"basilika-eteerinen-oljy","status":"publish","type":"product","link":"https:\/\/luontoemo.fi\/en\/tuote\/basilika-eteerinen-oljy\/","title":{"rendered":"Basilika eteerinen \u00f6ljy"},"content":{"rendered":"<p>Basilikan sanotaan parantavan keskittymiskyky\u00e4, kirkastavan ajatuksia, lievitt\u00e4v\u00e4n p\u00e4\u00e4ns\u00e4rky\u00e4 ja v\u00e4symyst\u00e4. Basilika (Ocimum Basilicum) on ominaisuuksiltaan my\u00f6s hermoja vahvistava ja j\u00e4nnityksi\u00e4 laukaiseva. \u00d6ljy\u00e4 k\u00e4ytet\u00e4\u00e4n &#8211; aina laimennuttuna esimerkiksi kasvi\u00f6ljyyn &#8211; mm. rentouttamaan lihaksia. L\u00e4\u00e4kinn\u00e4llisten ominaisuuksiensa ansiosta basilika on yksi Ayurvedassa k\u00e4ytetyist\u00e4 kasveista. Intiassa sit\u00e4 k\u00e4ytet\u00e4\u00e4n stressin, astman ja diabeteksen hoidon tukena. Basilikan tuoksun kerrotaan luovan rauhan ja onnellisen ilmapiirin, ja sen sanotaan my\u00f6s vet\u00e4v\u00e4n puoleensa aineellista hyvinvointia.<br \/>\n10 ml pullo<\/p>\n<p><strong>K\u00e4ytt\u00f6:<\/strong> Suoraan pullosta ei saa laittaa iholle, vaan tehd\u00e4\u00e4n laimennos; 1 rkl kylm\u00e4puristettua ruoka\u00f6ljy\u00e4 ja 2 tippaa eteerist\u00e4 \u00f6ljy\u00e4. T\u00e4m\u00e4 on peruslaimennusohje.<\/p>\n<p><strong>Hieronta\u00f6ljy:<\/strong> enint\u00e4\u00e4n 20 tippaa 50 ml:aan perus\u00f6ljy\u00e4<\/p>\n<p><strong>Tuoksulyhtyyn:<\/strong> 1-5 tippaan valittua \u00f6ljy\u00e4 veden pinnalle<\/p>\n<p><strong>Kylpyyn:<\/strong> 3-6 tippaa veteen. Mik\u00e4li haluat emulgoida \u00f6ljyn veden sekaan, siihen k\u00e4y kerma,alkoholi tai valmis kylpy\u00f6ljy.<\/p>\n<p><strong>Jalkakylpyyn:<\/strong> 5-15 tippaa vatiin, kermaan emulgoituna<\/p>\n<p>Huoneeseen saa tuoksun tuoksulyhdyn kautta. My\u00f6s matoille voit pirskotella muutaman tipan eteerist\u00e4 \u00f6ljy\u00e4. Imuriin tulee hyv\u00e4 tuoksu, kun tiputat suodattimeen muutaman tipan \u00f6ljy\u00e4.<\/p>\n<p><strong>Maahantuoja:<\/strong> Aduki Oy Valmistaja: Aqua Oleum, UK<\/p>\n","protected":false},"excerpt":{"rendered":"<p>Basilikan sanotaan parantavan keskittymiskyky\u00e4, kirkastavan ajatuksia, lievitt\u00e4v\u00e4n p\u00e4\u00e4ns\u00e4rky\u00e4 ja v\u00e4symyst\u00e4.<\/p>\n","protected":false},"featured_media":617,"comment_status":"open","ping_status":"closed","template":"","meta":{"_et_pb_use_builder":"","_et_pb_old_content":"","_et_gb_content_width":""},"product_brand":[],"product_cat":[292],"product_tag":[62,437,324,63,65,64],"class_list":{"0":"post-1094","1":"product","2":"type-product","3":"status-publish","4":"has-post-thumbnail","6":"product_cat-essential-oils","7":"product_tag-basilika","8":"product_tag-essential","9":"product_tag-essential-oil","10":"product_tag-keskittymiskyky","11":"product_tag-kirkastava","12":"product_tag-paansarky","14":"first","15":"instock","16":"taxable","17":"shipping-taxable","18":"purchasable","19":"product-type-simple"},"_links":{"self":[{"href":"https:\/\/luontoemo.fi\/en\/wp-json\/wp\/v2\/product\/1094","targetHints":{"allow":["GET"]}}],"collection":[{"href":"https:\/\/luontoemo.fi\/en\/wp-json\/wp\/v2\/product"}],"about":[{"href":"https:\/\/luontoemo.fi\/en\/wp-json\/wp\/v2\/types\/product"}],"replies":[{"embeddable":true,"href":"https:\/\/luontoemo.fi\/en\/wp-json\/wp\/v2\/comments?post=1094"}],"wp:featuredmedia":[{"embeddable":true,"href":"https:\/\/luontoemo.fi\/en\/wp-json\/wp\/v2\/media\/617"}],"wp:attachment":[{"href":"https:\/\/luontoemo.fi\/en\/wp-json\/wp\/v2\/media?parent=1094"}],"wp:term":[{"taxonomy":"product_brand","embeddable":true,"href":"https:\/\/luontoemo.fi\/en\/wp-json\/wp\/v2\/product_brand?post=1094"},{"taxonomy":"product_cat","embeddable":true,"href":"https:\/\/luontoemo.fi\/en\/wp-json\/wp\/v2\/product_cat?post=1094"},{"taxonomy":"product_tag","embeddable":true,"href":"https:\/\/luontoemo.fi\/en\/wp-json\/wp\/v2\/product_tag?post=1094"}],"curies":[{"name":"wp","href":"https:\/\/api.w.org\/{rel}","templated":true}]}}