{"id":1082,"date":"2020-11-08T16:01:47","date_gmt":"2020-11-08T14:01:47","guid":{"rendered":"https:\/\/luontoemo.demo4.xetnet.com\/tuote\/import-placeholder-for-248\/"},"modified":"2026-03-02T21:56:15","modified_gmt":"2026-03-02T19:56:15","slug":"ylang-ylang-eteerinen-oljy","status":"publish","type":"product","link":"https:\/\/luontoemo.fi\/en\/tuote\/ylang-ylang-eteerinen-oljy\/","title":{"rendered":"Ylang ylang eteerinen \u00f6ljy"},"content":{"rendered":"<p>Ylang-ylang-\u00f6ljy\u00e4 on k\u00e4ytetty erityisesti hiustenhoidossa antamaan hiuksille kiiltoa, hoitamaan kuivia hiuslatvoja ja ehk\u00e4isem\u00e4\u00e4n hiustenl\u00e4ht\u00f6\u00e4.<br \/>\nYlang-ylang-\u00f6ljy vaikuttaa stressiin rentouttavasti ja tyynnytt\u00e4v\u00e4sti. Sill\u00e4 on saatu helpotusta korkeaan verenpaineeseeen ja syd\u00e4mentykytykseen. Ylang-ylang rauhoittaa ja kohottaa mielt\u00e4. Sen on sanottu vaikuttavan unettomuuteen, empaattisuuden ja seksuaalisen mielenkiinnon lis\u00e4\u00e4ntymiseen. Sill\u00e4 voidaan lievitt\u00e4\u00e4 my\u00f6s seksuaaliongelmista johtuvia ahdistuksia, pelkoa ja ep\u00e4varmuutta. \u00d6ljyn avulla voidaan lis\u00e4t\u00e4 k\u00e4rsiv\u00e4llisyytt\u00e4 muita kohtaan.<\/p>\n<p>Lemmenkukkana tunnettu ylang-ylangin sanotaan her\u00e4tt\u00e4v\u00e4n rakkautta, jopa ehk\u00e4isev\u00e4n mustasukkaisuudesta johtuvia tunteenpurkauksia. Tuoksu sopii hyvin sekoitettavaksi esim. sitrustuoksujen appelsiinin, sitruunan ja bergamotin sek\u00e4 jasmiinin, santelipuun ja ruusun kanssa.<\/p>\n<p>10 ml pullo<\/p>\n<p><strong>K\u00e4ytt\u00f6:<\/strong> Suoraan pullosta ei saa laittaa iholle, vaan tehd\u00e4\u00e4n laimennos; 1 rkl kylm\u00e4puristettua ruoka\u00f6ljy\u00e4 ja 2 tippaa eteerist\u00e4 \u00f6ljy\u00e4. T\u00e4m\u00e4 on peruslaimennusohje.<\/p>\n<p><strong>Hieronta\u00f6ljy:<\/strong> enint\u00e4\u00e4n 20 tippaa 50 ml:aan perus\u00f6ljy\u00e4<\/p>\n<p><strong>Tuoksulyhtyyn:<\/strong> 1-5 tippaan valittua \u00f6ljy\u00e4 veden pinnalle<\/p>\n<p><strong>Kylpyyn:<\/strong> 3-6 tippaa veteen. Mik\u00e4li haluat emulgoida \u00f6ljyn veden sekaan, siihen k\u00e4y kerma,alkoholi tai valmis kylpy\u00f6ljy.<\/p>\n<p><strong>Jalkakylpyyn:<\/strong> 5-15 tippaa vatiin, kermaan emulgoituna<\/p>\n<p>Huoneeseen saa tuoksun tuoksulyhdyn kautta. My\u00f6s matoille voit pirskotella muutaman tipan eteerist\u00e4 \u00f6ljy\u00e4. Imuriin tulee hyv\u00e4 tuoksu, kun tiputat suodattimeen muutaman tipan \u00f6ljy\u00e4.<\/p>\n<p><strong>Maahantuoja:<\/strong> Aduki Oy<br \/>\n<strong>Valmistaja:<strong> Aqua Oleum, UK<\/strong><\/strong><\/p>\n","protected":false},"excerpt":{"rendered":"<p>Eksoottinen, makea ylang ylangin tuoksu vaikuttaa voimakkaasti mieleen ja syd\u00e4meen.<\/p>\n","protected":false},"featured_media":685,"comment_status":"open","ping_status":"closed","template":"","meta":{"_et_pb_use_builder":"","_et_pb_old_content":"","_et_gb_content_width":""},"product_brand":[],"product_cat":[292],"product_tag":[55,58,437,324,438,57,56,53,54],"class_list":{"0":"post-1082","1":"product","2":"type-product","3":"status-publish","4":"has-post-thumbnail","6":"product_cat-essential-oils","7":"product_tag-eksoottinen","8":"product_tag-empatia","9":"product_tag-essential","10":"product_tag-essential-oil","11":"product_tag-sexuality","12":"product_tag-stressi-rauhoittava","13":"product_tag-tunteet","14":"product_tag-ylang-ylang","15":"product_tag-ylangylang","17":"first","18":"instock","19":"taxable","20":"shipping-taxable","21":"purchasable","22":"product-type-variable"},"_links":{"self":[{"href":"https:\/\/luontoemo.fi\/en\/wp-json\/wp\/v2\/product\/1082","targetHints":{"allow":["GET"]}}],"collection":[{"href":"https:\/\/luontoemo.fi\/en\/wp-json\/wp\/v2\/product"}],"about":[{"href":"https:\/\/luontoemo.fi\/en\/wp-json\/wp\/v2\/types\/product"}],"replies":[{"embeddable":true,"href":"https:\/\/luontoemo.fi\/en\/wp-json\/wp\/v2\/comments?post=1082"}],"wp:featuredmedia":[{"embeddable":true,"href":"https:\/\/luontoemo.fi\/en\/wp-json\/wp\/v2\/media\/685"}],"wp:attachment":[{"href":"https:\/\/luontoemo.fi\/en\/wp-json\/wp\/v2\/media?parent=1082"}],"wp:term":[{"taxonomy":"product_brand","embeddable":true,"href":"https:\/\/luontoemo.fi\/en\/wp-json\/wp\/v2\/product_brand?post=1082"},{"taxonomy":"product_cat","embeddable":true,"href":"https:\/\/luontoemo.fi\/en\/wp-json\/wp\/v2\/product_cat?post=1082"},{"taxonomy":"product_tag","embeddable":true,"href":"https:\/\/luontoemo.fi\/en\/wp-json\/wp\/v2\/product_tag?post=1082"}],"curies":[{"name":"wp","href":"https:\/\/api.w.org\/{rel}","templated":true}]}}