{"id":4442,"date":"2021-09-19T11:59:44","date_gmt":"2021-09-19T08:59:44","guid":{"rendered":"https:\/\/luontoemo.fi\/?page_id=4442"},"modified":"2021-09-22T15:11:02","modified_gmt":"2021-09-22T12:11:02","slug":"puulajimessut22092021","status":"publish","type":"page","link":"https:\/\/luontoemo.fi\/en\/kauppa\/puulajimessut22092021\/","title":{"rendered":"Puulajimessut22092021"},"content":{"rendered":"<p>[et_pb_section fb_built=&#8221;1&#8243; fullwidth=&#8221;on&#8221; _builder_version=&#8221;4.6.5&#8243; _module_preset=&#8221;default&#8221; global_colors_info=&#8221;{}&#8221;][et_pb_fullwidth_header title=&#8221;@ET-DC@eyJkeW5hbWljIjp0cnVlLCJjb250ZW50IjoicG9zdF90aXRsZSIsInNldHRpbmdzIjp7ImJlZm9yZSI6IiIsImFmdGVyIjoiIn19@&#8221; _builder_version=&#8221;4.6.6&#8243; _dynamic_attributes=&#8221;title&#8221; _module_preset=&#8221;default&#8221; background_enable_color=&#8221;off&#8221; background_image=&#8221;https:\/\/luontoemo.fi\/wp-content\/uploads\/2020\/10\/Luontoemo_palvelut_header.jpg&#8221; background_position=&#8221;bottom_right&#8221; custom_padding=&#8221;20vh||20vh||true|false&#8221; custom_css_logo=&#8221;max-width:400px;||margin-bottom:24px;&#8221; global_colors_info=&#8221;{}&#8221; button_one_text__hover_enabled=&#8221;off|desktop&#8221;][\/et_pb_fullwidth_header][\/et_pb_section][et_pb_section fb_built=&#8221;1&#8243; _builder_version=&#8221;4.6.6&#8243; _module_preset=&#8221;default&#8221; background_enable_image=&#8221;off&#8221; global_colors_info=&#8221;{}&#8221;][et_pb_row _builder_version=&#8221;4.6.6&#8243; _module_preset=&#8221;default&#8221; custom_padding=&#8221;0px||||false|false&#8221; global_colors_info=&#8221;{}&#8221;][et_pb_column type=&#8221;4_4&#8243; _builder_version=&#8221;4.6.5&#8243; _module_preset=&#8221;default&#8221; global_colors_info=&#8221;{}&#8221;][et_pb_text _builder_version=&#8221;4.6.6&#8243; _module_preset=&#8221;default&#8221; text_orientation=&#8221;center&#8221; custom_margin=&#8221;||8px||false|false&#8221; global_colors_info=&#8221;{}&#8221;]<\/p>\n<h2>Terveisi\u00e4 Sysm\u00e4st\u00e4!<\/h2>\n<p>[\/et_pb_text][et_pb_divider color=&#8221;#522b2e&#8221; divider_weight=&#8221;3px&#8221; _builder_version=&#8221;4.6.5&#8243; _module_preset=&#8221;default&#8221; global_colors_info=&#8221;{}&#8221;][\/et_pb_divider][\/et_pb_column][\/et_pb_row][et_pb_row column_structure=&#8221;1_2,1_2&#8243; _builder_version=&#8221;4.6.6&#8243; _module_preset=&#8221;default&#8221; background_enable_image=&#8221;off&#8221; custom_padding=&#8221;0px||0px||true|false&#8221; global_colors_info=&#8221;{}&#8221;][et_pb_column type=&#8221;1_2&#8243; _builder_version=&#8221;4.6.5&#8243; _module_preset=&#8221;default&#8221; global_colors_info=&#8221;{}&#8221;][et_pb_cta _builder_version=&#8221;4.6.6&#8243; _module_preset=&#8221;default&#8221; header_level=&#8221;h4&#8243; header_font=&#8221;|||on|||||&#8221; background_enable_color=&#8221;off&#8221; custom_button=&#8221;on&#8221; button_text_color=&#8221;#0b6302&#8243; button_border_width=&#8221;0px&#8221; button_font=&#8221;Averia Serif Libre|700|||||||&#8221; button_custom_padding=&#8221;|||0px|false|false&#8221; text_orientation=&#8221;left&#8221; background_layout=&#8221;light&#8221; animation_style=&#8221;slide&#8221; animation_direction=&#8221;right&#8221; animation_intensity_slide=&#8221;20%&#8221; animation_starting_opacity=&#8221;100%&#8221; global_colors_info=&#8221;{}&#8221; button_bg_color__hover_enabled=&#8221;on|hover&#8221; button_bg_color__hover=&#8221;rgba(255,255,255,0)&#8221; button_bg_enable_color__hover=&#8221;on&#8221;]<\/p>\n<p>Toivottavasti messuilta on l\u00f6ytynyt kiinnostavia juttuja! Luonnosta, mets\u00e4st\u00e4 ja puista l\u00f6ytyy my\u00f6s parantavaa voimaa.\u00a0<\/p>\n<p>T\u00e4ss\u00e4 kiitokseksi k\u00e4ynnist\u00e4 alennuskoodi verkkokauppaamme:<\/p>\n<p>haapaonpuu<\/p>\n<p>Saat sill\u00e4 ilmaisen toimituksen. Alennuskoodi on voimassa 10.10.2021 asti.<\/p>\n<p>Mukavaa syksynjatkoa!\u00a0<\/p>\n<p>&nbsp;<\/p>\n<p>**************************<\/p>\n<p>Alennuskoodin k\u00e4ytt\u00f6ohje:<\/p>\n<p>Kirjoita koodi Ostoskorissa kohtaan &#8220;Kupongin koodi&#8221;, ja paina &#8220;K\u00e4yt\u00e4 kuponki&#8221;.<\/p>\n<p>Kuponki v\u00e4hent\u00e4\u00e4 yhteissummasta toimitusmaksun suuruisen summan. Voit sen j\u00e4lkeen valita haluamasi toimitustavan. Huom. ota huomioon, ett\u00e4 tuotteen pit\u00e4\u00e4 kirjepakettitoimituksessa olla alle 3 cm, eli l\u00e4hinn\u00e4 vain eteeriset \u00f6ljyt, kukkatipat ja homeopaattiset yksitt\u00e4isvalmisteet t\u00e4ytt\u00e4v\u00e4t t\u00e4m\u00e4n kriteerin.<\/p>\n<p>[\/et_pb_cta][\/et_pb_column][et_pb_column type=&#8221;1_2&#8243; _builder_version=&#8221;4.6.5&#8243; _module_preset=&#8221;default&#8221; global_colors_info=&#8221;{}&#8221;][et_pb_image src=&#8221;https:\/\/luontoemo.fi\/wp-content\/uploads\/2021\/01\/Metsan-Rauha-havutee-ja-tuotekortti-shop.jpg&#8221; title_text=&#8221;Mets\u00e4n Rauha havutee ja tuotekortti shop&#8221; _builder_version=&#8221;4.7.4&#8243; _module_preset=&#8221;default&#8221; global_colors_info=&#8221;{}&#8221;][\/et_pb_image][\/et_pb_column][\/et_pb_row][\/et_pb_section]<\/p>\n","protected":false},"excerpt":{"rendered":"<p>Terveisi\u00e4 Sysm\u00e4st\u00e4!Toivottavasti messuilta on l\u00f6ytynyt kiinnostavia juttuja! Luonnosta, mets\u00e4st\u00e4 ja puista l\u00f6ytyy my\u00f6s parantavaa voimaa.\u00a0 T\u00e4ss\u00e4 kiitokseksi k\u00e4ynnist\u00e4 alennuskoodi verkkokauppaamme: haapaonpuu Saat sill\u00e4 ilmaisen toimituksen. Alennuskoodi on voimassa 10.10.2021 asti. Mukavaa syksynjatkoa!\u00a0 &nbsp; ************************** Alennuskoodin k\u00e4ytt\u00f6ohje: Kirjoita koodi Ostoskorissa kohtaan &#8220;Kupongin koodi&#8221;, ja paina &#8220;K\u00e4yt\u00e4 kuponki&#8221;. Kuponki v\u00e4hent\u00e4\u00e4 yhteissummasta toimitusmaksun suuruisen summan. Voit sen j\u00e4lkeen [&hellip;]<\/p>\n","protected":false},"author":7,"featured_media":0,"parent":4430,"menu_order":0,"comment_status":"closed","ping_status":"closed","template":"","meta":{"_et_pb_use_builder":"on","_et_pb_old_content":"","_et_gb_content_width":"","footnotes":""},"dipi_cpt_category":[],"class_list":["post-4442","page","type-page","status-publish","hentry"],"_links":{"self":[{"href":"https:\/\/luontoemo.fi\/en\/wp-json\/wp\/v2\/pages\/4442","targetHints":{"allow":["GET"]}}],"collection":[{"href":"https:\/\/luontoemo.fi\/en\/wp-json\/wp\/v2\/pages"}],"about":[{"href":"https:\/\/luontoemo.fi\/en\/wp-json\/wp\/v2\/types\/page"}],"author":[{"embeddable":true,"href":"https:\/\/luontoemo.fi\/en\/wp-json\/wp\/v2\/users\/7"}],"replies":[{"embeddable":true,"href":"https:\/\/luontoemo.fi\/en\/wp-json\/wp\/v2\/comments?post=4442"}],"version-history":[{"count":9,"href":"https:\/\/luontoemo.fi\/en\/wp-json\/wp\/v2\/pages\/4442\/revisions"}],"predecessor-version":[{"id":4464,"href":"https:\/\/luontoemo.fi\/en\/wp-json\/wp\/v2\/pages\/4442\/revisions\/4464"}],"up":[{"embeddable":true,"href":"https:\/\/luontoemo.fi\/en\/wp-json\/wp\/v2\/pages\/4430"}],"wp:attachment":[{"href":"https:\/\/luontoemo.fi\/en\/wp-json\/wp\/v2\/media?parent=4442"}],"wp:term":[{"taxonomy":"dipi_cpt_category","embeddable":true,"href":"https:\/\/luontoemo.fi\/en\/wp-json\/wp\/v2\/dipi_cpt_category?post=4442"}],"curies":[{"name":"wp","href":"https:\/\/api.w.org\/{rel}","templated":true}]}}