{"id":3155,"date":"2021-01-30T17:15:05","date_gmt":"2021-01-30T15:15:05","guid":{"rendered":"https:\/\/luontoemo.demo4.xetnet.com\/?page_id=3155"},"modified":"2021-02-03T18:25:18","modified_gmt":"2021-02-03T16:25:18","slug":"supermarjat","status":"publish","type":"page","link":"https:\/\/luontoemo.fi\/en\/supermarjat\/","title":{"rendered":"Supermarjat"},"content":{"rendered":"<p>[et_pb_section fb_built=&#8221;1&#8243; fullwidth=&#8221;on&#8221; _builder_version=&#8221;4.6.5&#8243; _module_preset=&#8221;default&#8221;][et_pb_fullwidth_header title=&#8221;@ET-DC@eyJkeW5hbWljIjp0cnVlLCJjb250ZW50IjoicG9zdF90aXRsZSIsInNldHRpbmdzIjp7ImJlZm9yZSI6IiIsImFmdGVyIjoiIn19@&#8221; _builder_version=&#8221;4.7.4&#8243; _dynamic_attributes=&#8221;title&#8221; _module_preset=&#8221;default&#8221; background_enable_color=&#8221;off&#8221; background_image=&#8221;https:\/\/luontoemo.fi\/wp-content\/uploads\/2020\/10\/Luontoemo_palvelut_header.jpg&#8221; background_position=&#8221;bottom_right&#8221; custom_padding=&#8221;20vh||20vh||true|false&#8221; background_last_edited=&#8221;on|phone&#8221; background_position_phone=&#8221;bottom_left&#8221; custom_css_logo=&#8221;max-width:400px;||margin-bottom:24px;&#8221; button_one_text__hover_enabled=&#8221;off|desktop&#8221;][\/et_pb_fullwidth_header][\/et_pb_section][et_pb_section fb_built=&#8221;1&#8243; _builder_version=&#8221;4.6.5&#8243; _module_preset=&#8221;default&#8221;][et_pb_row _builder_version=&#8221;4.6.5&#8243; _module_preset=&#8221;default&#8221;][et_pb_column type=&#8221;4_4&#8243; _builder_version=&#8221;4.6.5&#8243; _module_preset=&#8221;default&#8221;][et_pb_text _builder_version=&#8221;4.7.7&#8243; _module_preset=&#8221;default&#8221; link_font=&#8221;|||on|||||&#8221; text_orientation=&#8221;center&#8221; max_width=&#8221;500px&#8221; module_alignment=&#8221;center&#8221;]<\/p>\n<h6>Luonnonmarjoilla ja erityisesti Pohjolan villimarjoilla on korkea ravintoainetiheys. Ne ovat t\u00e4ynn\u00e4 luonnollisia vitamiineja, mineraaleja, flavonoideja ja muita antioksidantteja.<\/h6>\n<p>[\/et_pb_text][\/et_pb_column][\/et_pb_row][et_pb_row _builder_version=&#8221;4.7.7&#8243; _module_preset=&#8221;default&#8221;][et_pb_column _builder_version=&#8221;4.7.7&#8243; _module_preset=&#8221;default&#8221; type=&#8221;4_4&#8243;][et_pb_text _builder_version=&#8221;4.7.7&#8243; _module_preset=&#8221;default&#8221; hover_enabled=&#8221;0&#8243; sticky_enabled=&#8221;0&#8243;]<\/p>\n<p>Marjat ovat ravitsemuksellisesti mainiota ruokaa, koska niiss\u00e4 on runsaasti vitamiineja, mineraaleja ja polyfenoleja. Eniten terveellisi\u00e4 polyfenoliyhdisteit\u00e4 l\u00f6ytyy marjojen kuoresta. Useimmat luonnonmarjat ovat hyvi\u00e4 ravintokuitujen l\u00e4hteit\u00e4 ja sis\u00e4lt\u00e4v\u00e4t enemm\u00e4n kuitua ja v\u00e4hemm\u00e4n sokeria kuin hedelm\u00e4t. Marjat ovat yksi t\u00e4rkeimmist\u00e4 C-vitamiinil\u00e4hteist\u00e4 pohjoismaisessa ruokavaliossa, ja ne ovat my\u00f6s hyv\u00e4 E-vitamiinin l\u00e4hde. A-vitamiinia marjoissa esiintyy sen esiasteessa, karotenoideissa. Marjojen sis\u00e4lt\u00e4mi\u00e4 kivenn\u00e4isaineita ovat kalium, kalsium, rauta, magnesium, sinkki, seleeni ja mangaani.<\/p>\n<p>[\/et_pb_text][\/et_pb_column][\/et_pb_row][et_pb_row column_structure=&#8221;1_2,1_2&#8243; _builder_version=&#8221;4.7.7&#8243; _module_preset=&#8221;default&#8221;][et_pb_column type=&#8221;1_2&#8243; _builder_version=&#8221;4.7.7&#8243; _module_preset=&#8221;default&#8221;][et_pb_image src=&#8221;https:\/\/luontoemo.fi\/wp-content\/uploads\/2021\/01\/mustikat-luontoemo.jpg&#8221; title_text=&#8221;mustikat luontoemo&#8221; _builder_version=&#8221;4.7.7&#8243; _module_preset=&#8221;default&#8221; hover_enabled=&#8221;0&#8243; sticky_enabled=&#8221;0&#8243;][\/et_pb_image][\/et_pb_column][et_pb_column type=&#8221;1_2&#8243; _builder_version=&#8221;4.7.7&#8243; _module_preset=&#8221;default&#8221;][et_pb_text _builder_version=&#8221;4.7.7&#8243; _module_preset=&#8221;default&#8221; custom_padding=&#8221;3px||0px|||&#8221;]<\/p>\n<p><span style=\"font-weight: 400;\">Mustikka on sis\u00e4lt\u00e4\u00e4 C- ja E-vitamiineja. Lis\u00e4ksi mustikka on hyv\u00e4 ravintokuidun l\u00e4hde. Mustikan valtti on kuitenkin sen sis\u00e4lt\u00e4m\u00e4t antosyaaniyhdisteet, joita luonnonmustikassa on nelinkertaisia m\u00e4\u00e4ri\u00e4 viljeltyyn pensasmustikkaan verrattuna. Luonnonmustikan sininen malto on t\u00e4ynn\u00e4 luonnollisia sinisen v\u00e4rin tuovia antosyaaneja, kun taas pensasmustikka on sis\u00e4lt\u00e4 vaalean v\u00e4rinen.<\/span><\/p>\n<p><span style=\"font-weight: 400;\"><\/span><\/p>\n<p>[\/et_pb_text][\/et_pb_column][\/et_pb_row][et_pb_row _builder_version=&#8221;4.7.4&#8243; _module_preset=&#8221;default&#8221;][et_pb_column type=&#8221;4_4&#8243; _builder_version=&#8221;4.7.4&#8243; _module_preset=&#8221;default&#8221;][et_pb_text _builder_version=&#8221;4.7.7&#8243; _module_preset=&#8221;default&#8221;]<\/p>\n<div>\n<div>\n<p><span style=\"font-weight: 400;\">Mets\u00e4mustikka suojaa tutkimusten mukaan stressin aiheuttamalta maksavauriolta, parantaa verisuonten endoteelin toimintaa, ja niill\u00e4 on antimikrobivaikutusta eli ne est\u00e4v\u00e4t bakteerien kasvua. Mets\u00e4mustikkaa on tutkittu my\u00f6s diabeteksen torjunnassa. Lis\u00e4ksi ne est\u00e4v\u00e4t happiradikaalien toimintaa eli toimivat antioksidantteina, mutta t\u00e4m\u00e4 ei v\u00e4ltt\u00e4m\u00e4tt\u00e4 johdu pelk\u00e4st\u00e4\u00e4n antosyaaneista. My\u00f6s marjojen muilla fenolisilla yhdisteill\u00e4 ja niiden sis\u00e4lt\u00e4m\u00e4ll\u00e4 C-vitamiinilla on antioksidanttivaikutusta. T\u00e4rkein antosyaani mets\u00e4mustikassa on syanidiini, ja kaikki eri antosyaanit huomioiden mets\u00e4mustikassa on monipuolisemmin antosyaanien erilaisia alatyyppej\u00e4 kuin pensasmustikassa.\u00a0<\/span><\/p>\n<\/div>\n<div class=\"content-container\">\u00a0<\/div>\n<\/div>\n<p>[\/et_pb_text][\/et_pb_column][\/et_pb_row][et_pb_row _builder_version=&#8221;4.7.7&#8243; _module_preset=&#8221;default&#8221; column_structure=&#8221;1_2,1_2&#8243;][et_pb_column _builder_version=&#8221;4.7.7&#8243; _module_preset=&#8221;default&#8221; type=&#8221;1_2&#8243;][et_pb_text _builder_version=&#8221;4.7.7&#8243; _module_preset=&#8221;default&#8221; hover_enabled=&#8221;0&#8243; sticky_enabled=&#8221;0&#8243;]<\/p>\n<p>Puolukassa on runsaasti ravintokuitua, A-, B-, C-, E- ja K-vitamiineja sek\u00e4 rautaa, kuparia ja mangaania. Sen antioksidantit, joita kutsutaan polyfenoleiksi, vahvistavat immuunij\u00e4rjestelm\u00e4\u00e4, mukaan lukien lignaanit, proantosyanidiinit, stilbeenit, resveratroli ja kvertsetiini. Puolan virkist\u00e4v\u00e4 maku tulee sitruuna-, omenahappo- ja bentsoehaposta, jotka ovat my\u00f6s luonnollisia s\u00e4il\u00f6nt\u00e4aineita.<\/p>\n<p>&nbsp;<\/p>\n<p>[\/et_pb_text][\/et_pb_column][et_pb_column _builder_version=&#8221;4.7.7&#8243; _module_preset=&#8221;default&#8221; type=&#8221;1_2&#8243;][et_pb_image src=&#8221;https:\/\/luontoemo.fi\/wp-content\/uploads\/2020\/11\/Luontoemo_ravintolisat_t.jpg&#8221; _builder_version=&#8221;4.7.7&#8243; _module_preset=&#8221;default&#8221; alt=&#8221;Luontoemo ravintolis\u00e4t&#8221; title_text=&#8221;Luontoemo_ravintolisat_t&#8221; hover_enabled=&#8221;0&#8243; sticky_enabled=&#8221;0&#8243;][\/et_pb_image][\/et_pb_column][\/et_pb_row][et_pb_row _builder_version=&#8221;4.7.7&#8243; _module_preset=&#8221;default&#8221;][et_pb_column _builder_version=&#8221;4.7.7&#8243; _module_preset=&#8221;default&#8221; type=&#8221;4_4&#8243;][et_pb_text _builder_version=&#8221;4.7.7&#8243; _module_preset=&#8221;default&#8221; hover_enabled=&#8221;0&#8243; sticky_enabled=&#8221;0&#8243;]<\/p>\n<p>Tutkimukset ovat osoittaneet, ett\u00e4 puolukka muun muassa v\u00e4hent\u00e4\u00e4 terveydellisi\u00e4 hy\u00f6tyj\u00e4 verensokeria, verenpainetta, kolesterolia ja maksarasvaa. Resveratrolia &#8211; jota l\u00f6ytyy my\u00f6s purppuran ryp\u00e4leist\u00e4 ja punaviinist\u00e4 &#8211; tutkitaan laajalti sen ennaltaehk\u00e4isevien ominaisuuksien vuoksi syd\u00e4nsairauksia ja insuliiniresistenssi\u00e4 vastaan. Lignaanit, jotka ovat fenolisia fytoestrogeeneja, voivat est\u00e4\u00e4 hormoniin liittyv\u00e4n sy\u00f6v\u00e4n ja syd\u00e4nsairaudet. Quercetin, toinen antioksidantti, voi my\u00f6s v\u00e4hent\u00e4\u00e4 allergisia reaktioita sek\u00e4 verenpainetta. Puolukka on luonnollisesti runsaasti kuitua, mik\u00e4 parantaa ruoansulatusta. Muiden marjojen tapaan sill\u00e4 on ik\u00e4\u00e4ntymist\u00e4 est\u00e4vi\u00e4 ominaisuuksia, ja erityisesti arbutiinipitoisuutensa vuoksi se on erinomainen iholle. Proantosyanidiinien on havaittu est\u00e4v\u00e4n haitallisten bakteerien kasvua virtsateiden, mahalaukun limakalvon ja suun sein\u00e4miss\u00e4. Mets\u00e4marjat sis\u00e4lt\u00e4v\u00e4t v\u00e4ltt\u00e4m\u00e4tt\u00f6mi\u00e4 terveytt\u00e4 edist\u00e4vi\u00e4 rasvahappoja: puolukka yhdell\u00e4 on t\u00e4ydellinen tasapaino omega-3- ja omega-6-rasvahappojen v\u00e4lill\u00e4.<\/p>\n<p>[\/et_pb_text][\/et_pb_column][\/et_pb_row][\/et_pb_section]<\/p>\n","protected":false},"excerpt":{"rendered":"<p>Luonnonmarjoilla ja erityisesti Pohjolan villimarjoilla on korkea ravintoainetiheys. Ne ovat t\u00e4ynn\u00e4 luonnollisia vitamiineja, mineraaleja, flavonoideja ja muita antioksidantteja.Marjat ovat ravitsemuksellisesti mainiota ruokaa, koska niiss\u00e4 on runsaasti vitamiineja, mineraaleja ja polyfenoleja. Eniten terveellisi\u00e4 polyfenoliyhdisteit\u00e4 l\u00f6ytyy marjojen kuoresta. Useimmat luonnonmarjat ovat hyvi\u00e4 ravintokuitujen l\u00e4hteit\u00e4 ja sis\u00e4lt\u00e4v\u00e4t enemm\u00e4n kuitua ja v\u00e4hemm\u00e4n sokeria kuin hedelm\u00e4t. Marjat ovat yksi t\u00e4rkeimmist\u00e4 [&hellip;]<\/p>\n","protected":false},"author":7,"featured_media":0,"parent":0,"menu_order":0,"comment_status":"closed","ping_status":"closed","template":"","meta":{"_et_pb_use_builder":"on","_et_pb_old_content":"","_et_gb_content_width":"","footnotes":""},"dipi_cpt_category":[],"class_list":["post-3155","page","type-page","status-publish","hentry"],"_links":{"self":[{"href":"https:\/\/luontoemo.fi\/en\/wp-json\/wp\/v2\/pages\/3155","targetHints":{"allow":["GET"]}}],"collection":[{"href":"https:\/\/luontoemo.fi\/en\/wp-json\/wp\/v2\/pages"}],"about":[{"href":"https:\/\/luontoemo.fi\/en\/wp-json\/wp\/v2\/types\/page"}],"author":[{"embeddable":true,"href":"https:\/\/luontoemo.fi\/en\/wp-json\/wp\/v2\/users\/7"}],"replies":[{"embeddable":true,"href":"https:\/\/luontoemo.fi\/en\/wp-json\/wp\/v2\/comments?post=3155"}],"version-history":[{"count":0,"href":"https:\/\/luontoemo.fi\/en\/wp-json\/wp\/v2\/pages\/3155\/revisions"}],"wp:attachment":[{"href":"https:\/\/luontoemo.fi\/en\/wp-json\/wp\/v2\/media?parent=3155"}],"wp:term":[{"taxonomy":"dipi_cpt_category","embeddable":true,"href":"https:\/\/luontoemo.fi\/en\/wp-json\/wp\/v2\/dipi_cpt_category?post=3155"}],"curies":[{"name":"wp","href":"https:\/\/api.w.org\/{rel}","templated":true}]}}