{"id":3130,"date":"2021-01-30T13:57:07","date_gmt":"2021-01-30T11:57:07","guid":{"rendered":"https:\/\/luontoemo.demo4.xetnet.com\/?page_id=3130"},"modified":"2021-02-03T18:20:31","modified_gmt":"2021-02-03T16:20:31","slug":"kukkaterapia","status":"publish","type":"page","link":"https:\/\/luontoemo.fi\/en\/kukkaterapia\/","title":{"rendered":"Kukkaterapia"},"content":{"rendered":"<p>[et_pb_section fb_built=&#8221;1&#8243; fullwidth=&#8221;on&#8221; _builder_version=&#8221;4.6.5&#8243; _module_preset=&#8221;default&#8221;][et_pb_fullwidth_header title=&#8221;@ET-DC@eyJkeW5hbWljIjp0cnVlLCJjb250ZW50IjoicG9zdF90aXRsZSIsInNldHRpbmdzIjp7ImJlZm9yZSI6IiIsImFmdGVyIjoiIn19@&#8221; _builder_version=&#8221;4.7.4&#8243; _dynamic_attributes=&#8221;title&#8221; _module_preset=&#8221;default&#8221; background_enable_color=&#8221;off&#8221; background_image=&#8221;https:\/\/luontoemo.fi\/wp-content\/uploads\/2020\/10\/Luontoemo_palvelut_header.jpg&#8221; background_position=&#8221;bottom_right&#8221; custom_padding=&#8221;20vh||20vh||true|false&#8221; background_last_edited=&#8221;on|phone&#8221; background_position_phone=&#8221;bottom_left&#8221; custom_css_logo=&#8221;max-width:400px;||margin-bottom:24px;&#8221; button_one_text__hover_enabled=&#8221;off|desktop&#8221;][\/et_pb_fullwidth_header][\/et_pb_section][et_pb_section fb_built=&#8221;1&#8243; _builder_version=&#8221;4.6.5&#8243; _module_preset=&#8221;default&#8221;][et_pb_row _builder_version=&#8221;4.6.5&#8243; _module_preset=&#8221;default&#8221;][et_pb_column type=&#8221;4_4&#8243; _builder_version=&#8221;4.6.5&#8243; _module_preset=&#8221;default&#8221;][et_pb_text _builder_version=&#8221;4.8.2&#8243; _module_preset=&#8221;default&#8221; link_font=&#8221;|||on|||||&#8221; text_orientation=&#8221;center&#8221; max_width=&#8221;500px&#8221; module_alignment=&#8221;center&#8221; hover_enabled=&#8221;0&#8243; sticky_enabled=&#8221;0&#8243; header_6_font_size=&#8221;20px&#8221;]<\/p>\n<h6>Kukkauutteita k\u00e4ytet\u00e4\u00e4n mielen tasapainottamiseen, tunne-el\u00e4m\u00e4n haastaviin tilanteisiin ja erilaisten asenteiden ja kielteisten tunteiden hoitoon.\u00a0<\/h6>\n<p>[\/et_pb_text][\/et_pb_column][\/et_pb_row][et_pb_row column_structure=&#8221;1_2,1_2&#8243; _builder_version=&#8221;4.7.7&#8243; _module_preset=&#8221;default&#8221;][et_pb_column type=&#8221;1_2&#8243; _builder_version=&#8221;4.7.7&#8243; _module_preset=&#8221;default&#8221;][et_pb_image src=&#8221;https:\/\/luontoemo.fi\/wp-content\/uploads\/2020\/12\/DSC_0244.jpg&#8221; title_text=&#8221;Siank\u00e4rs\u00e4m\u00f6it\u00e4 korissa&#8221; _builder_version=&#8221;4.7.7&#8243; _module_preset=&#8221;default&#8221;][\/et_pb_image][\/et_pb_column][et_pb_column type=&#8221;1_2&#8243; _builder_version=&#8221;4.7.7&#8243; _module_preset=&#8221;default&#8221;][et_pb_text _builder_version=&#8221;4.7.7&#8243; _module_preset=&#8221;default&#8221;]<\/p>\n<p>L\u00e4\u00e4k\u00e4ri, bakteorologi, immunologi ja homeopaatti, tohtori Edward Bach, kehitti jo 1930-luvulla luonnollisen ja tehokkaan hoitomuodon, Bach Flower Remedies -kukkauutteet. Tri Bach uskoi, ett\u00e4 avain sairauksista paranemiseen on terve ja tasapainoinen mieli. Bach-kukkaterapialla ei hoideta mit\u00e4\u00e4n fyysist\u00e4 vaivaa tai sairautta, vaan usein niiden taustalla olevaa henkist\u00e4 ristiriitaa, psyykkist\u00e4 kielteist\u00e4 tilaa kuten pelkoa, ep\u00e4varmuutta, vihaa, huolestuneisuutta, masennusta ja stressi\u00e4. T\u00e4llainen kielteinen tunnetila voi ilmet\u00e4 sek\u00e4 fyysisen\u00e4 ett\u00e4 psyykkisen\u00e4 oireiluna. Hoitamalla n\u00e4it\u00e4 tunnetiloja p\u00e4\u00e4st\u00e4\u00e4n k\u00e4siksi sairauden syihin.<\/p>\n<p>Alla l\u00f6yd\u00e4t lis\u00e4\u00e4 tietoa Bachin kukkauutteista ja suomalaisista Frantsilan kukkaterapiatipoista.<\/p>\n<p>[\/et_pb_text][\/et_pb_column][\/et_pb_row][et_pb_row _builder_version=&#8221;4.7.4&#8243; _module_preset=&#8221;default&#8221;][et_pb_column type=&#8221;4_4&#8243; _builder_version=&#8221;4.7.4&#8243; _module_preset=&#8221;default&#8221;][et_pb_text _builder_version=&#8221;4.7.7&#8243; _module_preset=&#8221;default&#8221;]<\/p>\n<h6>Bachin kukkauutteiden <a title=\"\/tiedonlahde\/kukkaterapia\/kukkauutteet\/\" href=\"https:\/\/www.luontoemo.fi\/tiedonlahde\/12#anchor-147352\">38 kukan valikoimasta<\/a>\u00a0l\u00f6ytyy sopiva jokaiselle eri persoonallisuustyypille.<\/h6>\n<p>Bach-kukkauutteet auttavat hallitsemaan tunteita. Ne vaikuttavat mielen tasapainoon ja hyv\u00e4nolon tunteeseen. Jokaisella Bach-kukkatipalla on oma vaikutuksensa tiettyyn henkiseen tilaan, ja niit\u00e4 voidaan k\u00e4ytt\u00e4\u00e4 yksitt\u00e4in tai yhdist\u00e4en toisiin. Kukkauutteita on k\u00e4ytetty erinomaisin tuloksin ymp\u00e4ri maailman kymmeni\u00e4 vuosia perinteisen ja t\u00e4ydent\u00e4v\u00e4n terveydenhuollon ammattilaisten keskuudessa sek\u00e4 itsehoidossa. Rescue Remedy -aputippoja pidet\u00e4\u00e4n joissain maissa ambulansseissa ensiaputilanteita varten.<\/p>\n<p>Kukkauutteiden kehitt\u00e4j\u00e4n tri Bachin mukaan kukkauutteiden parantava vaikutus perustuu niiden energiav\u00e4r\u00e4htelyyn. H\u00e4n luokitteli emotionaaliset ongelmat seitsem\u00e4\u00e4n p\u00e4\u00e4ryhm\u00e4\u00e4n: pelko, ep\u00e4varmuus ja p\u00e4\u00e4tt\u00e4m\u00e4tt\u00e4myys, puutteellinen kiinnostus nykyhetke\u00e4 kohtaan, yksin\u00e4isyys, liiallinen herkkyys, ep\u00e4toivo sek\u00e4 liiallinen toisista huolehtiminen. Bachin tutkimukset perustuvat oivallukseen siit\u00e4, \u201choidetaanko yksil\u00f6\u00e4 vai sairautta\u201d ihmisten yksil\u00f6llisist\u00e4 eroavaisuuksista ja mielenlaadusta huolimatta.<\/p>\n<p>Bachin kukkauutteet on valmistettu veden, kukkien ja brandyn sekoituksesta. Ne ovat turvallisia kaikkien k\u00e4ytett\u00e4v\u00e4ksi, eik\u00e4 yliannostuksen, sivuvaikutusten tai yhteensopimattomuuden vaaraa muiden hoitomuotojen kanssa ole. Uutteita voidaan k\u00e4ytt\u00e4\u00e4 sek\u00e4 sis\u00e4isesti ett\u00e4 ulkoisesti. Ne sopivat hyvin my\u00f6s lapsille ja el\u00e4imille.<\/p>\n<p>Lapsille voidaan kerrallaan valita korkeintaan kuutta eri kukkauutetta. K\u00e4ytt\u00f6liuos riitt\u00e4\u00e4 kolmeksi viikoksi ja sit\u00e4 otetaan nelj\u00e4 tippaa nelj\u00e4sti p\u00e4iv\u00e4ss\u00e4. Pienille lapsille riitt\u00e4\u00e4 2\u20134 tippaa k\u00e4ytt\u00f6liuosta kolme kertaa p\u00e4iv\u00e4ss\u00e4. Kukkatippoja voi lis\u00e4t\u00e4 my\u00f6s kylpyveteen.<\/p>\n<p>Bach-kukkauutteita voidaan antaa my\u00f6s el\u00e4imille. Valinta tehd\u00e4\u00e4n samaan tapaan kuin ihmisill\u00e4kin, mutta hoito kest\u00e4\u00e4 yleens\u00e4 vain 2\u20133 p\u00e4iv\u00e4\u00e4. My\u00f6s el\u00e4imiss\u00e4 on n\u00e4ht\u00e4viss\u00e4 persoonallisuuden piirteit\u00e4 tai asenteita, esimerkiksi aggressiivisuutta, omistushalua, velttoutta tai mustasukkaisuutta.<\/p>\n<p>Kukkauutteen valinnassa on t\u00e4rke\u00e4\u00e4 tiedostaa oma tunnetilansa mahdollisimman tarkasti. Negatiivisia tunteita saattaa olla vaikeaa my\u00f6nt\u00e4\u00e4 itselleen, mutta kun ne tiedostaa, ollaan jo matkalla kohti omaa tasapainoa.<\/p>\n<p>Voit hankkia Bachin kukkauutteita\u00a0<a title=\"\/verkkokauppa\/kukkauutteet\/\" href=\"https:\/\/luontoemo.fi\/tuote-osasto\/kukkaterapia\/\">t\u00e4\u00e4lt\u00e4<\/a>.<\/p>\n<h2>\u00a0<\/h2>\n<h2>Bachin kukkauutteet<\/h2>\n<div class=\"content-container\">\n<p><b>Bach kukkatippoja on perinteisesti k\u00e4ytetty seuraaviin tunnetiloihin. Valitse n\u00e4ist\u00e4 itsellesi parhaiten sopiva yhdistelm\u00e4.<\/b><\/p>\n<p><b>1. Pelko<\/b><\/p>\n<ul>\n<li>Rock Rose &#8211; koettu kauhu, &#8220;ihminen kauhusta j\u00e4ykk\u00e4n\u00e4&#8221;<\/li>\n<li>Mimulus &#8211; tiedostettu pelko; lento- , l\u00e4\u00e4k\u00e4ri- , esiintymispelko<\/li>\n<li>Cherry Plum &#8211; tilanteen hallinnan menett\u00e4misen pelko<\/li>\n<li>Aspen &#8211; selitt\u00e4m\u00e4tt\u00f6m\u00e4t pelot ja huolet<\/li>\n<li>Red Chestnut &#8211; liiallinen huolehtiminen muista, erityisesti l\u00e4heisist\u00e4<\/li>\n<\/ul>\n<p><b>2. Ep\u00e4varmuus<\/b><\/p>\n<ul>\n<li>Cerato &#8211; tarve hakea neuvoa ja vahvistusta muilta<\/li>\n<li>Scleranthus &#8211; p\u00e4\u00e4tt\u00e4m\u00e4tt\u00f6myys, vaikea valita kahden asian v\u00e4lill\u00e4<\/li>\n<li>Gentian &#8211; rohkeuden puute, lannistuminen<\/li>\n<li>Gorse &#8211; syv\u00e4 ep\u00e4toivo ja toivottomuus<\/li>\n<li>Hornbeam &#8211; ei saa aloitettua, mik\u00e4\u00e4n ei huvita<\/li>\n<li>Wild Oat &#8211; ep\u00e4varmuus el\u00e4m\u00e4n suunnasta, halu kokeilla kaikenlaista<\/li>\n<\/ul>\n<p><b>3. Kiinnostuksen puute nykyhetkeen<\/b><\/p>\n<ul>\n<li>Clematis &#8211; haavemaailmassa el\u00e4minen, &#8221; poissa oleva&#8221;<\/li>\n<li>Honeysuckle &#8211; menneisyydess\u00e4 el\u00e4minen, &#8220;ennen oli paremmin&#8221;<\/li>\n<li>Wild Rose &#8211; apatia, paikoilleen j\u00e4m\u00e4ht\u00e4minen<\/li>\n<li>Olive &#8211; uupumus, voimavarat k\u00e4ytetty loppuun<\/li>\n<li>White Chestnut &#8211; asioiden vatvominen, asiat py\u00f6riv\u00e4t p\u00e4\u00e4ss\u00e4<\/li>\n<li>Mustard &#8211; syv\u00e4 alakuloisuus ilman syyt\u00e4, selitt\u00e4m\u00e4t\u00f6n ep\u00e4toivo<\/li>\n<li>Chestnut Bud &#8211; samojen virheiden toistaminen oppimatta niist\u00e4<\/li>\n<\/ul>\n<p><b>4. Yksin\u00e4isyys<\/b><\/p>\n<ul>\n<li>Water Violet &#8211; yksinolon tarve, ei halua paljastaa sisint\u00e4\u00e4n<\/li>\n<li>Impatiens &#8211; k\u00e4rsim\u00e4tt\u00f6myys, kaiken pit\u00e4\u00e4 tapahtua heti, ei aikaa yst\u00e4ville<\/li>\n<li>Heather &#8211; itsekeskeisyys, huomionkipeys, vain itsest\u00e4\u00e4n puhuminen<\/li>\n<\/ul>\n<p><b>5. Alttius muiden vaikutuksille ja ajatuksille<\/b><\/p>\n<ul>\n<li>Agrimony &#8211; ongelmien k\u00e4tkeminen iloisten kasvojen taakse<\/li>\n<li>Centaury &#8211; halu pit\u00e4\u00e4 muut tyytyv\u00e4isin\u00e4 hinnalla mill\u00e4 hyv\u00e4ns\u00e4<\/li>\n<li>Walnut &#8211; muutostilanteet; ty\u00f6paikanvaihto, muutto, avioero, vaihdevuodet<\/li>\n<li>Holly &#8211; ep\u00e4ily, mustasukkaisuus, kateus, piikikkyys, jopa vihamielisyys<\/li>\n<\/ul>\n<p><b>6. Toivottomuus ja ep\u00e4toivo<\/b><\/p>\n<ul>\n<li>Larch &#8211; itseluottamuksen puute, pelko ep\u00e4onnistumisesta<\/li>\n<li>Pine &#8211; syyllisyyden tunto, h\u00e4pe\u00e4, itsens\u00e4 syytt\u00e4minen muiden virheist\u00e4<\/li>\n<li>Elm &#8211; vastuun taakka ylivoimainen, ylirasittuneisuus velvollisuuksista<\/li>\n<li>Sweet Chestnut &#8211; \u00e4\u00e4rimm\u00e4inen henkinen h\u00e4t\u00e4, syv\u00e4 ep\u00e4toivo<\/li>\n<li>Star of Bethlehem &#8211; shokin, j\u00e4rkytyksen ja surun j\u00e4lkihoito<\/li>\n<li>Willow &#8211; s\u00e4\u00e4lin haku, katkeruus, &#8220;uhri&#8221;<\/li>\n<li>Oak &#8211; &#8221; vaikka l\u00e4pi harmaan kiven&#8221; omasta uupumuksesta huolimatta<\/li>\n<li>Crab Apple &#8211; &#8221; puhdistaja&#8221;, huono itsetunto, itsens\u00e4 tunteminen ep\u00e4miellytt\u00e4v\u00e4ksi<\/li>\n<\/ul>\n<p><b>7. Ylihuolehtiminen toisten hyvinvoinnista<\/b><\/p>\n<ul>\n<li>Chicory &#8211; itsek\u00e4s omistushalu, asioiden tekeminen huomion saamiseksi, manipulointi<\/li>\n<li>Vervain &#8211; yli-innokkuus, yliaktiivisuus, haluaa muut mukaan toimiinsa<\/li>\n<li>Vine &#8211; dominointi, voimakastahtoinen k\u00e4skeminen, joustamattomuus<\/li>\n<li>Beech &#8211; suvaitsemattomuus, kriittisyys , siet\u00e4m\u00e4tt\u00f6myys muiden suhteen<\/li>\n<li>Rock Water &#8211; perfektionismi, korkeitten tavoitteiden asettaminen, joustamattomuus itselle<\/li>\n<\/ul>\n<h2><\/h2>\n<h2><\/h2>\n<h2>Frantsilan kukkaterapiatipat<\/h2>\n<p>\u00a0<span style=\"font-size: 16px;\">Frantsila tekee yhteisty\u00f6t\u00e4 luonnon kanssa saadakseen k\u00e4ytt\u00f6\u00f6n kotimaisten kasvien parantavat voimat.<\/span><\/p>\n<p>\u00a0<span style=\"font-size: 16px;\">Frantsila on suomalainen perheyritys ja yrttien luomuviljelyn edell\u00e4k\u00e4vij\u00e4 Pohjoismaissa. Suomen pohjoinen maaper\u00e4 ja ilmasto, luonnonmukaiset viljelymenetelm\u00e4t sek\u00e4 sadonkorjuun ja kasvien prosessoinnin ihanteellinen ajoitus takaavat tuotteidemme korkean laadun ja tehon.<\/span><\/p>\n<p>Esimerkkej\u00e4 Frantsilan suomalaisista kukkaterapiatipoista:<\/p>\n<p>&nbsp;<\/p>\n<h6>Kuusi kukkaterapiatipat<\/h6>\n<div class=\"ws_description\">Kevent\u00e4m\u00e4\u00e4n mielen taakkoja. Kuusi sopii huolista, velvollisuuksista ja ymp\u00e4rist\u00f6st\u00e4 aiheutuneisiin paineisiin sek\u00e4 stressiin. Se kevent\u00e4\u00e4 el\u00e4m\u00e4n taakkaa hartioilta ja antaa sis\u00e4ist\u00e4 tukea ja turvaa.<\/div>\n<\/div>\n<div>\u00a0<\/div>\n<div class=\"content-container\">\n<div class=\"content-container\">\n<h6>Mesiangervo kukkaterapiatipat<\/h6>\n<div class=\"ws_description\">Auttamaan mielen ja tunteiden tasapainossa<br \/>Mesiangervo auttaa valitsemaan ja vastaanottamaan erilaiset ymp\u00e4rist\u00f6st\u00e4 itselle tulevat viestit. Se selvitt\u00e4\u00e4 levotonta mielt\u00e4, harmonisoi ylikierroksilla k\u00e4yv\u00e4\u00e4 ja liian herk\u00e4sti reagoivaa ihmist\u00e4.<\/div>\n<div>\u00a0<\/div>\n<\/div>\n<\/div>\n<div>\n<h6>Mustikka kukkaterapiatipat<\/h6>\n<div class=\"ws_description\">Auttamaan voimaantumista ja keskittymist\u00e4<br \/>Mustikka vahvistaa sinua omalla polullasi. Se vahvistaa el\u00e4m\u00e4nvoimaa ja kokoaa el\u00e4m\u00e4n rakennusaineita niit\u00e4 tarvitseville. Ota mustikkaa my\u00f6s ruuansulatusvaivoissa.<\/div>\n<\/div>\n<div>\u00a0<\/div>\n<div>\n<div>\n<h6>M\u00e4nty kukkaterapiatipat<\/h6>\n<div class=\"ws_description\">Luomaan juurevaa itseluottamusta<br \/>M\u00e4nty antaa nuorekasta maskuliinista voimaa. Se auttaa ahdistuksessa, itsens\u00e4 v\u00e4h\u00e4ttelyss\u00e4 sek\u00e4 auttaa ymm\u00e4rt\u00e4m\u00e4\u00e4n omia virheit\u00e4. Se avaa rajoittavat suojamuurit ja tunnelukot. M\u00e4nty opettaa seisomaan terveesti omilla juurillaan.<\/div>\n<div class=\"ws_description\"><\/div>\n<\/div>\n<\/div>\n<div>\u00a0<\/div>\n<div>Koko Frantsilan kukkauutevalikoima saatavilla\u00a0<a title=\"\/verkkokauppa\/kukkauutteet\/\" href=\"https:\/\/luontoemo.fi\/tuote-osasto\/kukkaterapia\/frantsilan-kukkaterapia\/\">t\u00e4\u00e4lt\u00e4<\/a>.<\/div>\n<div>\n<div>\u00a0<\/div>\n<div class=\"content-container\">\u00a0<\/div>\n<\/div>\n<p>[\/et_pb_text][\/et_pb_column][\/et_pb_row][\/et_pb_section]<\/p>\n","protected":false},"excerpt":{"rendered":"<p>Kukkauutteita k\u00e4ytet\u00e4\u00e4n mielen tasapainottamiseen, tunne-el\u00e4m\u00e4n haastaviin tilanteisiin ja erilaisten asenteiden ja kielteisten tunteiden hoitoon.\u00a0L\u00e4\u00e4k\u00e4ri, bakteorologi, immunologi ja homeopaatti, tohtori Edward Bach, kehitti jo 1930-luvulla luonnollisen ja tehokkaan hoitomuodon, Bach Flower Remedies -kukkauutteet. Tri Bach uskoi, ett\u00e4 avain sairauksista paranemiseen on terve ja tasapainoinen mieli. Bach-kukkaterapialla ei hoideta mit\u00e4\u00e4n fyysist\u00e4 vaivaa tai sairautta, vaan usein niiden [&hellip;]<\/p>\n","protected":false},"author":7,"featured_media":0,"parent":0,"menu_order":0,"comment_status":"closed","ping_status":"closed","template":"","meta":{"_et_pb_use_builder":"on","_et_pb_old_content":"","_et_gb_content_width":"","footnotes":""},"dipi_cpt_category":[],"class_list":["post-3130","page","type-page","status-publish","hentry"],"_links":{"self":[{"href":"https:\/\/luontoemo.fi\/en\/wp-json\/wp\/v2\/pages\/3130","targetHints":{"allow":["GET"]}}],"collection":[{"href":"https:\/\/luontoemo.fi\/en\/wp-json\/wp\/v2\/pages"}],"about":[{"href":"https:\/\/luontoemo.fi\/en\/wp-json\/wp\/v2\/types\/page"}],"author":[{"embeddable":true,"href":"https:\/\/luontoemo.fi\/en\/wp-json\/wp\/v2\/users\/7"}],"replies":[{"embeddable":true,"href":"https:\/\/luontoemo.fi\/en\/wp-json\/wp\/v2\/comments?post=3130"}],"version-history":[{"count":0,"href":"https:\/\/luontoemo.fi\/en\/wp-json\/wp\/v2\/pages\/3130\/revisions"}],"wp:attachment":[{"href":"https:\/\/luontoemo.fi\/en\/wp-json\/wp\/v2\/media?parent=3130"}],"wp:term":[{"taxonomy":"dipi_cpt_category","embeddable":true,"href":"https:\/\/luontoemo.fi\/en\/wp-json\/wp\/v2\/dipi_cpt_category?post=3130"}],"curies":[{"name":"wp","href":"https:\/\/api.w.org\/{rel}","templated":true}]}}