{"id":2875,"date":"2021-01-08T14:35:00","date_gmt":"2021-01-08T12:35:00","guid":{"rendered":"https:\/\/luontoemo.demo4.xetnet.com\/?page_id=2875"},"modified":"2021-02-04T19:24:04","modified_gmt":"2021-02-04T17:24:04","slug":"luontoemos-origins","status":"publish","type":"page","link":"https:\/\/luontoemo.fi\/en\/luontoemos-origins\/","title":{"rendered":"Luontoemo&#8217;s origins"},"content":{"rendered":"<p>[et_pb_section fb_built=&#8221;1&#8243; fullwidth=&#8221;on&#8221; _builder_version=&#8221;4.6.5&#8243; _module_preset=&#8221;default&#8221;][et_pb_fullwidth_header title=&#8221;@ET-DC@eyJkeW5hbWljIjp0cnVlLCJjb250ZW50IjoicG9zdF90aXRsZSIsInNldHRpbmdzIjp7ImJlZm9yZSI6IiIsImFmdGVyIjoiIn19@&#8221; _builder_version=&#8221;4.7.4&#8243; _dynamic_attributes=&#8221;title&#8221; _module_preset=&#8221;default&#8221; background_enable_color=&#8221;off&#8221; background_image=&#8221;https:\/\/luontoemo.fi\/wp-content\/uploads\/2020\/10\/Luontoemo_palvelut_header.jpg&#8221; background_position=&#8221;bottom_right&#8221; custom_padding=&#8221;20vh||20vh||true|false&#8221; background_last_edited=&#8221;on|tablet&#8221; background_position_tablet=&#8221;bottom_left&#8221; custom_css_logo=&#8221;max-width:400px;||margin-bottom:24px;&#8221; button_one_text__hover_enabled=&#8221;off|desktop&#8221;][\/et_pb_fullwidth_header][\/et_pb_section][et_pb_section fb_built=&#8221;1&#8243; _builder_version=&#8221;4.6.5&#8243; _module_preset=&#8221;default&#8221;][et_pb_row _builder_version=&#8221;4.6.5&#8243; _module_preset=&#8221;default&#8221;][et_pb_column type=&#8221;4_4&#8243; _builder_version=&#8221;4.6.5&#8243; _module_preset=&#8221;default&#8221;][et_pb_text _builder_version=&#8221;4.6.6&#8243; _module_preset=&#8221;default&#8221; link_font=&#8221;|||on|||||&#8221; text_orientation=&#8221;center&#8221; max_width=&#8221;500px&#8221; module_alignment=&#8221;center&#8221;]<\/p>\n<p>Luontoemo, Ma Nature in Finnish, is a manifestation of nature&#8217;s green care. Luontoemo represents the resilient feminine power of nature.<\/p>\n<p>As a company, Luontoemo is a love story of nature and women, and a story about women and herbs from P\u00e4ij\u00e4nne Tavastia, the historical Finnish region bordering with the lake P\u00e4ij\u00e4nne.<\/p>\n<p>[\/et_pb_text][\/et_pb_column][\/et_pb_row][\/et_pb_section][et_pb_section fb_built=&#8221;1&#8243; _builder_version=&#8221;4.6.6&#8243; _module_preset=&#8221;default&#8221; background_image=&#8221;https:\/\/luontoemo.fi\/wp-content\/uploads\/2020\/10\/Luontoemo_paperi_tausta.jpg&#8221;][et_pb_row _builder_version=&#8221;4.6.6&#8243; _module_preset=&#8221;default&#8221; custom_padding=&#8221;0px||||false|false&#8221;][et_pb_column type=&#8221;4_4&#8243; _builder_version=&#8221;4.6.5&#8243; _module_preset=&#8221;default&#8221;][et_pb_text _builder_version=&#8221;4.6.6&#8243; _module_preset=&#8221;default&#8221; text_orientation=&#8221;center&#8221; custom_margin=&#8221;||8px||false|false&#8221;]<\/p>\n<h2>Luontoemo&#8217;s ma and daughter<\/h2>\n<p>[\/et_pb_text][et_pb_divider color=&#8221;#522b2e&#8221; divider_weight=&#8221;3px&#8221; _builder_version=&#8221;4.6.5&#8243; _module_preset=&#8221;default&#8221;][\/et_pb_divider][\/et_pb_column][\/et_pb_row][et_pb_row column_structure=&#8221;1_2,1_2&#8243; _builder_version=&#8221;4.6.6&#8243; _module_preset=&#8221;default&#8221; background_enable_image=&#8221;off&#8221; custom_padding=&#8221;0px||0px||true|false&#8221;][et_pb_column type=&#8221;1_2&#8243; _builder_version=&#8221;4.6.5&#8243; _module_preset=&#8221;default&#8221;][et_pb_cta _builder_version=&#8221;4.7.4&#8243; _module_preset=&#8221;default&#8221; use_background_color=&#8221;off&#8221; background_layout=&#8221;light&#8221;]<\/p>\n<p><span style=\"font-weight: 400;\">Great-grandmother Hongisto is remembered as a legendary figure from the beginning of the last millennium who knew about wild plants and their herbal use and from whom neighbors sought advice. Ritva&#8217;s granny Aino Hongisto lived and worked in Asikkala Kalkkinen in P\u00e4ij\u00e4nne Tavastia.\u00a0<\/span><\/p>\n<p>&nbsp;<\/p>\n<p><span style=\"font-weight: 400;\">Ritva Salminen realized her long-term dream in the early 1990s and founded the natural product store Luontoemo in Sysm\u00e4. In addition to the reference to Mother Nature or Gaia, and the affective way her son called her, &#8220;emo&#8221;, the name has also other mythological meanings in Finnish tradition.<\/span><\/p>\n<p>&nbsp;<\/p>\n<p><span style=\"font-weight: 400;\">The store has been operating for almost 30 years to support the natural health of local residents. The reliable and confidential service has made both locals and summer residents come back to Ritva again and again.<\/span><\/p>\n<p>&nbsp;<\/p>\n<p><span style=\"font-weight: 400;\">In 2010, Ritva&#8217;s daughter Pauliina Silva joined the movement, and today Luontoemo has an online store, product development and services related to edible wild herbs.<\/span><\/p>\n<p><span style=\"font-weight: 400;\">With decades of experience, Ritva can advise on the best products for any purpose, and Pauliina guides you into the world of edible and healing wild plants.<\/span><\/p>\n<p>[\/et_pb_cta][\/et_pb_column][et_pb_column type=&#8221;1_2&#8243; _builder_version=&#8221;4.6.5&#8243; _module_preset=&#8221;default&#8221;][et_pb_image src=&#8221;https:\/\/luontoemo.fi\/wp-content\/uploads\/2020\/12\/Hongiston_mummo_Ritva_Pauliina_yhteiskuva.png&#8221; title_text=&#8221;Hongiston_mummo_Ritva_Pauliina_yhteiskuva&#8221; admin_label=&#8221;Kuva&#8221; _builder_version=&#8221;4.7.4&#8243; _module_preset=&#8221;default&#8221; animation_style=&#8221;fade&#8221;][\/et_pb_image][\/et_pb_column][\/et_pb_row][\/et_pb_section][et_pb_section fb_built=&#8221;1&#8243; _builder_version=&#8221;4.6.6&#8243; _module_preset=&#8221;default&#8221; background_enable_image=&#8221;off&#8221;][et_pb_row _builder_version=&#8221;4.6.6&#8243; _module_preset=&#8221;default&#8221; custom_padding=&#8221;0px||||false|false&#8221;][et_pb_column type=&#8221;4_4&#8243; _builder_version=&#8221;4.6.5&#8243; _module_preset=&#8221;default&#8221;][et_pb_text _builder_version=&#8221;4.6.6&#8243; _module_preset=&#8221;default&#8221; text_orientation=&#8221;center&#8221; custom_margin=&#8221;||8px||false|false&#8221;]<\/p>\n<h2><span style=\"font-weight: 400;\">Luontoemo&#8217;s offspring<\/span><\/h2>\n<p>[\/et_pb_text][et_pb_divider color=&#8221;#522b2e&#8221; divider_weight=&#8221;3px&#8221; _builder_version=&#8221;4.6.5&#8243; _module_preset=&#8221;default&#8221;][\/et_pb_divider][\/et_pb_column][\/et_pb_row][et_pb_row column_structure=&#8221;1_2,1_2&#8243; _builder_version=&#8221;4.6.6&#8243; _module_preset=&#8221;default&#8221; background_enable_image=&#8221;off&#8221; custom_padding=&#8221;0px||0px||true|false&#8221;][et_pb_column type=&#8221;1_2&#8243; _builder_version=&#8221;4.6.5&#8243; _module_preset=&#8221;default&#8221;][et_pb_cta _builder_version=&#8221;4.6.6&#8243; _module_preset=&#8221;default&#8221; header_level=&#8221;h4&#8243; header_font=&#8221;|||on|||||&#8221; background_enable_color=&#8221;off&#8221; custom_button=&#8221;on&#8221; button_text_color=&#8221;#0b6302&#8243; button_border_width=&#8221;0px&#8221; button_font=&#8221;Averia Serif Libre|700|||||||&#8221; button_custom_padding=&#8221;|||0px|false|false&#8221; text_orientation=&#8221;left&#8221; background_layout=&#8221;light&#8221; animation_style=&#8221;slide&#8221; animation_direction=&#8221;right&#8221; animation_intensity_slide=&#8221;20%&#8221; animation_starting_opacity=&#8221;100%&#8221; button_bg_color__hover_enabled=&#8221;on|hover&#8221; button_bg_color__hover=&#8221;rgba(255,255,255,0)&#8221; button_bg_enable_color__hover=&#8221;on&#8221;]<\/p>\n<p><span style=\"font-weight: 400;\">Luontoemo&#8217;s products are born of thought and love. The raw materials have been collected with respect for the plants and with permission. Through these eternal beings, we join a chain under which we have lived and worked with each other, protecting and nurturing each other. We will continue this chain in collaboration with those who follow the same heritage and path, and we want to bring our output to anyone who needs this connection.<\/span><\/p>\n<p><span style=\"font-weight: 400;\"> Wild plants grow their power from land, water, sun and air. They can do without us, too. Will we survive without them?<\/span><\/p>\n<blockquote>\n<p><i><span style=\"font-weight: 400;\"> It is important to enter the world of the forest with respect and listening. The forest has always been sacred to the Finns, an animal kingdom ruled by a bear as a king. Both sages and customary people have sought strength and healing in the forest. Rest for a moment and breathe with the trees.<\/span><\/i><\/p>\n<\/blockquote>\n<p><em><span style=\"font-weight: 400;\">Researcher of Finnish folklore <strong> Dalva Lamminm\u00e4ki <\/strong>, excerpt from the product card Mets\u00e4n Rauha &#8211; Calm of the Forest conifer tea<\/span><span style=\"font-weight: 400;\">e<\/span><\/em><\/p>\n<p><span style=\"font-weight: 400;\"> Luontoemo&#8217;s products are easily recyclable and reusable. Materials consume as little as possible.<\/span>The product content of our products is as simple as possible and all our own products are based on Finnish wild plants. The plants are collected by local wildcrafters from P\u00e4ij\u00e4nne Tavastia and have been treated gently and with expertise.<\/p>\n<p>[\/et_pb_cta][\/et_pb_column][et_pb_column type=&#8221;1_2&#8243; _builder_version=&#8221;4.6.5&#8243; _module_preset=&#8221;default&#8221;][et_pb_image src=&#8221;https:\/\/luontoemo.fi\/wp-content\/uploads\/2020\/11\/net0luontoemo_68.jpg&#8221; title_text=&#8221;net0luontoemo_68&#8243; _builder_version=&#8221;4.6.6&#8243; _module_preset=&#8221;default&#8221;][\/et_pb_image][et_pb_text _builder_version=&#8221;4.7.4&#8243; _module_preset=&#8221;default&#8221;]<\/p>\n<h5>Luontoemo&#8217;s herbs: a piece of land, nature, roots, and identity.<\/h5>\n<p>[\/et_pb_text][et_pb_text _builder_version=&#8221;4.8.2&#8243; _module_preset=&#8221;default&#8221; hover_enabled=&#8221;0&#8243; sticky_enabled=&#8221;0&#8243;]<\/p>\n<p>Read <a href=\"\/en\/sustainable-action\/\">more<\/a> about our values and ideas of sustainability.<\/p>\n<p>[\/et_pb_text][\/et_pb_column][\/et_pb_row][et_pb_row _builder_version=&#8221;4.6.6&#8243; _module_preset=&#8221;default&#8221; background_image=&#8221;https:\/\/luontoemo.fi\/wp-content\/uploads\/2020\/10\/Luontoemo_paperi_tausta.jpg&#8221; custom_padding=&#8221;40px||40px||true|false&#8221; animation_style=&#8221;slide&#8221; animation_direction=&#8221;bottom&#8221; animation_intensity_slide=&#8221;15%&#8221;][et_pb_column type=&#8221;4_4&#8243; _builder_version=&#8221;4.6.5&#8243; _module_preset=&#8221;default&#8221;][et_pb_image src=&#8221;https:\/\/luontoemo.fi\/wp-content\/uploads\/2020\/11\/net0luontoemo_88.jpg&#8221; alt=&#8221;Luontoemon havumets\u00e4&#8221; title_text=&#8221;Havumets\u00e4&#8221; _builder_version=&#8221;4.6.6&#8243; _module_preset=&#8221;default&#8221;][\/et_pb_image][\/et_pb_column][\/et_pb_row][\/et_pb_section][et_pb_section fb_built=&#8221;1&#8243; _builder_version=&#8221;4.6.5&#8243; _module_preset=&#8221;default&#8221;][\/et_pb_section]<\/p>\n","protected":false},"excerpt":{"rendered":"<p>Luontoemo, Ma Nature in Finnish, is a manifestation of nature&#8217;s green care. Luontoemo represents the resilient feminine power of nature. As a company, Luontoemo is a love story of nature and women, and a story about women and herbs from P\u00e4ij\u00e4nne Tavastia, the historical Finnish region bordering with the lake P\u00e4ij\u00e4nne.Luontoemo&#8217;s ma and daughterGreat-grandmother Hongisto [&hellip;]<\/p>\n","protected":false},"author":7,"featured_media":0,"parent":0,"menu_order":0,"comment_status":"closed","ping_status":"closed","template":"","meta":{"_et_pb_use_builder":"on","_et_pb_old_content":"[et_pb_section fb_built=\"1\" fullwidth=\"on\" _builder_version=\"4.6.5\" _module_preset=\"default\"][et_pb_fullwidth_header title=\"@ET-DC@eyJkeW5hbWljIjp0cnVlLCJjb250ZW50IjoicG9zdF90aXRsZSIsInNldHRpbmdzIjp7ImJlZm9yZSI6IiIsImFmdGVyIjoiIn19@\" _builder_version=\"4.7.4\" _dynamic_attributes=\"title\" _module_preset=\"default\" background_enable_color=\"off\" background_image=\"https:\/\/luontoemo.fi\/wp-content\/uploads\/2020\/10\/Luontoemo_palvelut_header.jpg\" background_position=\"bottom_right\" custom_padding=\"20vh||20vh||true|false\" background_last_edited=\"on|tablet\" background_position_tablet=\"bottom_left\" custom_css_logo=\"max-width:400px;||margin-bottom:24px;\" button_one_text__hover_enabled=\"off|desktop\"][\/et_pb_fullwidth_header][\/et_pb_section][et_pb_section fb_built=\"1\" _builder_version=\"4.6.5\" _module_preset=\"default\"][et_pb_row _builder_version=\"4.6.5\" _module_preset=\"default\"][et_pb_column type=\"4_4\" _builder_version=\"4.6.5\" _module_preset=\"default\"][et_pb_text _builder_version=\"4.6.6\" _module_preset=\"default\" link_font=\"|||on|||||\" text_orientation=\"center\" max_width=\"500px\" module_alignment=\"center\"]<p>Luontoemo on luonnon vihre\u00e4n hoivan ilmentym\u00e4. Luontoemo edustaa luonnon sitke\u00e4\u00e4 naisellista voimaa.<\/p>\r\n<p>Luontoemo on yrityksen\u00e4 luonnon ja naisen rakkaustarina ja tarina p\u00e4ij\u00e4t-h\u00e4m\u00e4l\u00e4isist\u00e4 naisista ja rohdoskasveista.<\/p>[\/et_pb_text][\/et_pb_column][\/et_pb_row][\/et_pb_section][et_pb_section fb_built=\"1\" _builder_version=\"4.6.6\" _module_preset=\"default\" background_image=\"https:\/\/luontoemo.fi\/wp-content\/uploads\/2020\/10\/Luontoemo_paperi_tausta.jpg\"][et_pb_row _builder_version=\"4.6.6\" _module_preset=\"default\" custom_padding=\"0px||||false|false\"][et_pb_column type=\"4_4\" _builder_version=\"4.6.5\" _module_preset=\"default\"][et_pb_text _builder_version=\"4.6.6\" _module_preset=\"default\" text_orientation=\"center\" custom_margin=\"||8px||false|false\"]<h2>Luontoemon \u00e4iti ja tyt\u00e4r<\/h2>[\/et_pb_text][et_pb_divider color=\"#522b2e\" divider_weight=\"3px\" _builder_version=\"4.6.5\" _module_preset=\"default\"][\/et_pb_divider][\/et_pb_column][\/et_pb_row][et_pb_row column_structure=\"1_2,1_2\" _builder_version=\"4.6.6\" _module_preset=\"default\" background_enable_image=\"off\" custom_padding=\"0px||0px||true|false\"][et_pb_column type=\"1_2\" _builder_version=\"4.6.5\" _module_preset=\"default\"][et_pb_cta _builder_version=\"4.7.4\" _module_preset=\"default\" use_background_color=\"off\" background_layout=\"light\"]<p><span style=\"font-weight: 400;\">Hongiston mummi on muistoissa legendaarinen hahmo viime vuosituhannen alusta, joka tunsi luonnonkasvit ja niiden rohtok\u00e4yt\u00f6n ja jolta naapurit pyysiv\u00e4t neuvoja. T\u00e4m\u00e4 Ritvan iso\u00e4iti asui ja vaikutti Asikkalan Kalkkisissa.\u00a0<\/span><\/p>\r\n<p>\u00a0<\/p>\r\n<p><span style=\"font-weight: 400;\">Ritva Salminen toteutti 1990-luvun alussa pitk\u00e4aikaisen haaveensa ja perusti Sysm\u00e4\u00e4n luontaistuotekauppa Luontoemon. <\/span><\/p>\r\n<p><span style=\"font-weight: 400;\">Kauppa on toiminut jo l\u00e4hes 30 vuotta sysm\u00e4l\u00e4isten luonnollisen terveyden tukena. Luotettava ja luottamuksellinen palvelu on saanut sek\u00e4 paikalliset ett\u00e4 kes\u00e4asukkaat palaamaan Ritvan luokse aina uudestaan.<\/span><\/p>\r\n<p>\u00a0<\/p>\r\n<p><span style=\"font-weight: 400;\">Vuonna 2010 tyt\u00e4r Pauliina Silva l\u00e4hti mukaan, ja nyky\u00e4\u00e4n Luontoemolla on verkkokauppa, omaa tuotekehityst\u00e4 ja luonnonyrtteihin liittyvi\u00e4 palveluita.\u00a0<\/span><\/p>\r\n<p><span style=\"font-weight: 400;\">Ritva osaa vuosikymmenien kokemuksella neuvoa parhaimmat tuotteet vaivaan kuin vaivaan, ja Pauliina opastaa sy\u00f6t\u00e4vien ja hoitavien luonnonkasvien maailmaan.<\/span><\/p>[\/et_pb_cta][\/et_pb_column][et_pb_column type=\"1_2\" _builder_version=\"4.6.5\" _module_preset=\"default\"][et_pb_image src=\"https:\/\/luontoemo.fi\/wp-content\/uploads\/2020\/12\/Hongiston_mummo_Ritva_Pauliina_yhteiskuva.png\" title_text=\"Hongiston_mummo_Ritva_Pauliina_yhteiskuva\" admin_label=\"Kuva\" _builder_version=\"4.7.4\" _module_preset=\"default\" animation_style=\"fade\"][\/et_pb_image][\/et_pb_column][\/et_pb_row][\/et_pb_section][et_pb_section fb_built=\"1\" _builder_version=\"4.6.6\" _module_preset=\"default\" background_enable_image=\"off\"][et_pb_row _builder_version=\"4.6.6\" _module_preset=\"default\" custom_padding=\"0px||||false|false\"][et_pb_column type=\"4_4\" _builder_version=\"4.6.5\" _module_preset=\"default\"][et_pb_text _builder_version=\"4.6.6\" _module_preset=\"default\" text_orientation=\"center\" custom_margin=\"||8px||false|false\"]<h2><span style=\"font-weight: 400;\">Luontoemon lapset<\/span><\/h2>[\/et_pb_text][et_pb_divider color=\"#522b2e\" divider_weight=\"3px\" _builder_version=\"4.6.5\" _module_preset=\"default\"][\/et_pb_divider][\/et_pb_column][\/et_pb_row][et_pb_row column_structure=\"1_2,1_2\" _builder_version=\"4.6.6\" _module_preset=\"default\" background_enable_image=\"off\" custom_padding=\"0px||0px||true|false\"][et_pb_column type=\"1_2\" _builder_version=\"4.6.5\" _module_preset=\"default\"][et_pb_cta _builder_version=\"4.6.6\" _module_preset=\"default\" header_level=\"h4\" header_font=\"|||on|||||\" background_enable_color=\"off\" custom_button=\"on\" button_text_color=\"#0b6302\" button_border_width=\"0px\" button_font=\"Averia Serif Libre|700|||||||\" button_custom_padding=\"|||0px|false|false\" text_orientation=\"left\" background_layout=\"light\" animation_style=\"slide\" animation_direction=\"right\" animation_intensity_slide=\"20%\" animation_starting_opacity=\"100%\" button_bg_color__hover_enabled=\"on|hover\" button_bg_color__hover=\"rgba(255,255,255,0)\" button_bg_enable_color__hover=\"on\"]<p><span style=\"font-weight: 400;\">Luontoemon tuotteet on synnytetty ajatuksella ja rakkaudella. Raaka-aineet on ker\u00e4tty kasveja kunnioittaen ja lupaa pyyt\u00e4en. N\u00e4iden ikuisten olentojen avulla liitymme ketjuun, jonka suojaamana ja jonka kanssa yhteisty\u00f6ss\u00e4 olemme el\u00e4neet kautta aikojen, suojellen ja raviten toinen toistamme. Jatkamme t\u00e4t\u00e4 ketjua yhteisty\u00f6ss\u00e4 samaa perint\u00f6\u00e4 ja polkua kulkevien kanssa ja haluamme tuoda tuotoksemme kaikille t\u00e4t\u00e4 yhteytt\u00e4 kaipaaville.<\/span><\/p>\r\n<p><span style=\"font-weight: 400;\">Villin\u00e4 kasvavat luonnonkasvit ker\u00e4\u00e4v\u00e4t itseens\u00e4 voiman maasta, vedest\u00e4, auringosta ja ilmasta. Ne p\u00e4rj\u00e4\u00e4v\u00e4t my\u00f6s ilman meit\u00e4. Tulemmeko me toimeen ilman niit\u00e4?<\/span><\/p>\r\n<blockquote><p><i><span style=\"font-weight: 400;\">Mets\u00e4n maailmaan on t\u00e4rke\u00e4 astua kunnioituksella ja kuunnellen. Mets\u00e4 on suomalaisille ollut aina pyh\u00e4, el\u00e4inten valtakunta, jonka kuninkaana karhu hallitsee. Mets\u00e4st\u00e4 voimia ja parannusta ovat etsineet niin tiet\u00e4j\u00e4t kuin tavan ihmiset. Huokaise hetki ja hengit\u00e4 puiden kanssa.\u00a0<\/span><\/i><\/p>\r\n<\/blockquote>\r\n<p><em><span style=\"font-weight: 400;\">Perinteentutkija <strong>Dalva Lamminm\u00e4ki<\/strong>, ote tuotekortista Mets\u00e4n Rauha havuhauduk<\/span><span style=\"font-weight: 400;\">e<\/span><\/em><\/p>\r\n<p><span style=\"font-weight: 400;\">Luontoemon tuotteet ovat helposti kierr\u00e4tett\u00e4viss\u00e4 ja uudelleenk\u00e4ytett\u00e4viss\u00e4. Materialit kuluttavat luontoa niin v\u00e4h\u00e4n kuin mahdollista. <\/span>Tuotteidemme tuotesis\u00e4lt\u00f6 on mahdollisimman yksinkertainen ja kaikki omat tuotteemme perustuvat suomalaisiin villin\u00e4 kasvaviin luonnonkasveihin. Paikallisten poimijoiden ker\u00e4\u00e4m\u00e4t kasvit ovat kotoisin P\u00e4ij\u00e4t-H\u00e4meest\u00e4, ja ne on k\u00e4sitelty hell\u00e4sti ja asiantuntevasti.<\/p>[\/et_pb_cta][\/et_pb_column][et_pb_column type=\"1_2\" _builder_version=\"4.6.5\" _module_preset=\"default\"][et_pb_image src=\"https:\/\/luontoemo.fi\/wp-content\/uploads\/2020\/11\/net0luontoemo_68.jpg\" title_text=\"net0luontoemo_68\" _builder_version=\"4.6.6\" _module_preset=\"default\"][\/et_pb_image][et_pb_text _builder_version=\"4.7.4\" _module_preset=\"default\"]<h5>Luontoemon yrtit on pala maata, luontoa, juuria ja identiteetti\u00e4.<\/h5>[\/et_pb_text][et_pb_text _builder_version=\"4.7.4\" _module_preset=\"default\" hover_enabled=\"0\" sticky_enabled=\"0\"]<p>Lue <a href=\"https:\/\/luontoemo.fi\/kestavaa-toimintaa\/\">lis\u00e4\u00e4<\/a> toimintamme ja tuotteidemme ajatus- ja arvomaailmasta ja vastuusta.<\/p>[\/et_pb_text][\/et_pb_column][\/et_pb_row][et_pb_row _builder_version=\"4.6.6\" _module_preset=\"default\" background_image=\"https:\/\/luontoemo.fi\/wp-content\/uploads\/2020\/10\/Luontoemo_paperi_tausta.jpg\" custom_padding=\"40px||40px||true|false\" animation_style=\"slide\" animation_direction=\"bottom\" animation_intensity_slide=\"15%\"][et_pb_column type=\"4_4\" _builder_version=\"4.6.5\" _module_preset=\"default\"][et_pb_image src=\"https:\/\/luontoemo.fi\/wp-content\/uploads\/2020\/11\/net0luontoemo_88.jpg\" alt=\"Luontoemon havumets\u00e4\" title_text=\"Havumets\u00e4\" _builder_version=\"4.6.6\" _module_preset=\"default\"][\/et_pb_image][\/et_pb_column][\/et_pb_row][\/et_pb_section][et_pb_section fb_built=\"1\" _builder_version=\"4.6.5\" _module_preset=\"default\"][\/et_pb_section]","_et_gb_content_width":"","footnotes":""},"dipi_cpt_category":[],"class_list":["post-2875","page","type-page","status-publish","hentry"],"_links":{"self":[{"href":"https:\/\/luontoemo.fi\/en\/wp-json\/wp\/v2\/pages\/2875","targetHints":{"allow":["GET"]}}],"collection":[{"href":"https:\/\/luontoemo.fi\/en\/wp-json\/wp\/v2\/pages"}],"about":[{"href":"https:\/\/luontoemo.fi\/en\/wp-json\/wp\/v2\/types\/page"}],"author":[{"embeddable":true,"href":"https:\/\/luontoemo.fi\/en\/wp-json\/wp\/v2\/users\/7"}],"replies":[{"embeddable":true,"href":"https:\/\/luontoemo.fi\/en\/wp-json\/wp\/v2\/comments?post=2875"}],"version-history":[{"count":0,"href":"https:\/\/luontoemo.fi\/en\/wp-json\/wp\/v2\/pages\/2875\/revisions"}],"wp:attachment":[{"href":"https:\/\/luontoemo.fi\/en\/wp-json\/wp\/v2\/media?parent=2875"}],"wp:term":[{"taxonomy":"dipi_cpt_category","embeddable":true,"href":"https:\/\/luontoemo.fi\/en\/wp-json\/wp\/v2\/dipi_cpt_category?post=2875"}],"curies":[{"name":"wp","href":"https:\/\/api.w.org\/{rel}","templated":true}]}}