{"id":2871,"date":"2021-01-08T14:31:45","date_gmt":"2021-01-08T12:31:45","guid":{"rendered":"https:\/\/luontoemo.demo4.xetnet.com\/?page_id=2871"},"modified":"2021-02-03T18:40:28","modified_gmt":"2021-02-03T16:40:28","slug":"sustainable-action","status":"publish","type":"page","link":"https:\/\/luontoemo.fi\/en\/sustainable-action\/","title":{"rendered":"Sustainable action"},"content":{"rendered":"<p>[et_pb_section fb_built=&#8221;1&#8243; fullwidth=&#8221;on&#8221; _builder_version=&#8221;4.6.5&#8243; _module_preset=&#8221;default&#8221;][et_pb_fullwidth_header title=&#8221;@ET-DC@eyJkeW5hbWljIjp0cnVlLCJjb250ZW50IjoicG9zdF90aXRsZSIsInNldHRpbmdzIjp7ImJlZm9yZSI6IiIsImFmdGVyIjoiIn19@&#8221; _builder_version=&#8221;4.6.6&#8243; _dynamic_attributes=&#8221;title&#8221; _module_preset=&#8221;default&#8221; background_enable_color=&#8221;off&#8221; background_image=&#8221;https:\/\/luontoemo.fi\/wp-content\/uploads\/2020\/10\/Luontoemo_palvelut_header.jpg&#8221; background_position=&#8221;bottom_right&#8221; custom_padding=&#8221;20vh||20vh||true|false&#8221; custom_css_logo=&#8221;max-width:400px;||margin-bottom:24px;&#8221; button_one_text__hover_enabled=&#8221;off|desktop&#8221;][\/et_pb_fullwidth_header][\/et_pb_section][et_pb_section fb_built=&#8221;1&#8243; _builder_version=&#8221;4.6.6&#8243; _module_preset=&#8221;default&#8221; background_enable_image=&#8221;off&#8221;][et_pb_row _builder_version=&#8221;4.6.6&#8243; _module_preset=&#8221;default&#8221; custom_padding=&#8221;0px||||false|false&#8221;][et_pb_column type=&#8221;4_4&#8243; _builder_version=&#8221;4.6.5&#8243; _module_preset=&#8221;default&#8221;][et_pb_text _builder_version=&#8221;4.6.6&#8243; _module_preset=&#8221;default&#8221; text_orientation=&#8221;center&#8221; custom_margin=&#8221;||8px||false|false&#8221;]<\/p>\n<h2>Luontoemo&#8217;s responsibility<\/h2>\n<p>[\/et_pb_text][et_pb_divider color=&#8221;#522b2e&#8221; divider_weight=&#8221;3px&#8221; _builder_version=&#8221;4.6.5&#8243; _module_preset=&#8221;default&#8221;][\/et_pb_divider][\/et_pb_column][\/et_pb_row][et_pb_row column_structure=&#8221;1_2,1_2&#8243; _builder_version=&#8221;4.6.6&#8243; _module_preset=&#8221;default&#8221; background_enable_image=&#8221;off&#8221; custom_padding=&#8221;0px||0px||true|false&#8221;][et_pb_column type=&#8221;1_2&#8243; _builder_version=&#8221;4.6.5&#8243; _module_preset=&#8221;default&#8221;][et_pb_cta _builder_version=&#8221;4.6.6&#8243; _module_preset=&#8221;default&#8221; header_level=&#8221;h4&#8243; header_font=&#8221;|||on|||||&#8221; background_enable_color=&#8221;off&#8221; custom_button=&#8221;on&#8221; button_text_color=&#8221;#0b6302&#8243; button_border_width=&#8221;0px&#8221; button_font=&#8221;Averia Serif Libre|700|||||||&#8221; button_custom_padding=&#8221;|||0px|false|false&#8221; text_orientation=&#8221;left&#8221; background_layout=&#8221;light&#8221; animation_style=&#8221;slide&#8221; animation_direction=&#8221;right&#8221; animation_intensity_slide=&#8221;20%&#8221; animation_starting_opacity=&#8221;100%&#8221; button_bg_color__hover_enabled=&#8221;on|hover&#8221; button_bg_color__hover=&#8221;rgba(255,255,255,0)&#8221; button_bg_enable_color__hover=&#8221;on&#8221;]<\/p>\n<p> Luontoemo is responsible. We pay attention to ecology and ethics. When you do business with us, you know you are acting responsibly. <\/p>\n<p> Luontoemo&#8217;s products are easily recyclable because they are packed in a paper bag and \/ or a beautiful linen bag with a separate cardboard label. <\/p>\n<p> Glass bottles and jars can be easily washed after use and reused. When they are no longer needed, they can be taken to a glass recycling bin. <\/p>\n<p> The label and product card are made from recycled cardboard. The only colour used for printing is dark brown which also consumes the environment as little as possible. No plastic has been used in the packaging except in the drip lock of the soon-to-be-launched tincture. <\/p>\n<p> <span style = \"font-weight: 400;\"> The product content is as simple as possible, that is, they contain only a few raw materials. All products are based on Finnish wild plants. <\/span> <\/p>\n<p> <span style = \"font-weight: 400;\"> The plants collected by local wildcrafters are from P\u00e4ij\u00e4nne Tavastia and have been treated gently and expertly. <\/span> <\/p>\n<p> Products are versatile in their use. The same brew or tincture can be used for many different purposes &#8211; internally or externally. <\/p>\n<p> &#038; nbsp; <\/p>\n<p>[\/et_pb_cta][\/et_pb_column][et_pb_column type=&#8221;1_2&#8243; _builder_version=&#8221;4.6.5&#8243; _module_preset=&#8221;default&#8221;][et_pb_image src=&#8221;https:\/\/luontoemo.fi\/wp-content\/uploads\/2020\/12\/0-muut-hoitotuotteet-luontoemo.jpg&#8221; title_text=&#8221;Product materials used by Luontoemo&#8221; _builder_version=&#8221;4.7.4&#8243; _module_preset=&#8221;default&#8221;][\/et_pb_image][et_pb_image src=&#8221;https:\/\/luontoemo.fi\/wp-content\/uploads\/2021\/01\/Metsan-Rauha-havutee-ja-tuotekortti-shop.jpg&#8221; title_text=&#8221;Calm of the Forest conifer tea&#8221; _builder_version=&#8221;4.7.4&#8243; _module_preset=&#8221;default&#8221;][\/et_pb_image][\/et_pb_column][\/et_pb_row][\/et_pb_section]<\/p>\n","protected":false},"excerpt":{"rendered":"<p>Luontoemo&#8217;s responsibility Luontoemo is responsible. We pay attention to ecology and ethics. When you do business with us, you know you are acting responsibly. Luontoemo&#8217;s products are easily recyclable because they are packed in a paper bag and \/ or a beautiful linen bag with a separate cardboard label. Glass bottles and jars can be [&hellip;]<\/p>\n","protected":false},"author":7,"featured_media":0,"parent":0,"menu_order":0,"comment_status":"closed","ping_status":"closed","template":"","meta":{"_et_pb_use_builder":"on","_et_pb_old_content":"[et_pb_section fb_built=\"1\" fullwidth=\"on\" _builder_version=\"4.6.5\" _module_preset=\"default\"][et_pb_fullwidth_header title=\"@ET-DC@eyJkeW5hbWljIjp0cnVlLCJjb250ZW50IjoicG9zdF90aXRsZSIsInNldHRpbmdzIjp7ImJlZm9yZSI6IiIsImFmdGVyIjoiIn19@\" _builder_version=\"4.6.6\" _dynamic_attributes=\"title\" _module_preset=\"default\" background_enable_color=\"off\" background_image=\"https:\/\/luontoemo.fi\/wp-content\/uploads\/2020\/10\/Luontoemo_palvelut_header.jpg\" background_position=\"bottom_right\" custom_padding=\"20vh||20vh||true|false\" custom_css_logo=\"max-width:400px;||margin-bottom:24px;\" button_one_text__hover_enabled=\"off|desktop\"][\/et_pb_fullwidth_header][\/et_pb_section][et_pb_section fb_built=\"1\" _builder_version=\"4.6.6\" _module_preset=\"default\" background_enable_image=\"off\"][et_pb_row _builder_version=\"4.6.6\" _module_preset=\"default\" custom_padding=\"0px||||false|false\"][et_pb_column type=\"4_4\" _builder_version=\"4.6.5\" _module_preset=\"default\"][et_pb_text _builder_version=\"4.6.6\" _module_preset=\"default\" text_orientation=\"center\" custom_margin=\"||8px||false|false\"]<h2><span style=\"font-weight: 400;\">Kest\u00e4v\u00e4\u00e4 kehityst\u00e4 ja toimintaa<\/span><\/h2>[\/et_pb_text][et_pb_divider color=\"#522b2e\" divider_weight=\"3px\" _builder_version=\"4.6.5\" _module_preset=\"default\"][\/et_pb_divider][\/et_pb_column][\/et_pb_row][et_pb_row column_structure=\"1_2,1_2\" _builder_version=\"4.6.6\" _module_preset=\"default\" background_enable_image=\"off\" custom_padding=\"0px||0px||true|false\"][et_pb_column type=\"1_2\" _builder_version=\"4.6.5\" _module_preset=\"default\"][et_pb_cta _builder_version=\"4.6.6\" _module_preset=\"default\" header_level=\"h4\" header_font=\"|||on|||||\" background_enable_color=\"off\" custom_button=\"on\" button_text_color=\"#0b6302\" button_border_width=\"0px\" button_font=\"Averia Serif Libre|700|||||||\" button_custom_padding=\"|||0px|false|false\" text_orientation=\"left\" background_layout=\"light\" animation_style=\"slide\" animation_direction=\"right\" animation_intensity_slide=\"20%\" animation_starting_opacity=\"100%\" button_bg_color__hover_enabled=\"on|hover\" button_bg_color__hover=\"rgba(255,255,255,0)\" button_bg_enable_color__hover=\"on\"]<p>Luontoemo kantaa vastuuta. Kiinnit\u00e4mme huomiota ekologisuuteen ja eettisyyteen. Meid\u00e4n kanssasi asioidessasi tied\u00e4t itsekin toimivasi vastuullisesti.<\/p>\r\n<p>Luontoemon tuotteet ovat helposti kierr\u00e4tett\u00e4viss\u00e4, koska ne on pakattu paperipussiin ja\/tai kauniiseen pellavapussiin, jonka pahvinen etiketti on irrallinen.<\/p>\r\n<p>Lasiset pullot ja purkit voi k\u00e4yt\u00f6n j\u00e4lkeen pest\u00e4 helposti ja k\u00e4ytt\u00e4\u00e4 uudestaan haluamaansa tarkoitukseen. Kun niit\u00e4 ei en\u00e4\u00e4 tarvita, ne voi vied\u00e4 lasinker\u00e4ykseen.<\/p>\r\n<p>Etiketti ja tuotekortti on tehty kierr\u00e4tetyst\u00e4 kartongista. Painov\u00e4ri - ainoastaan tummanruskea - kuluttaa sekin ymp\u00e4rist\u00f6\u00e4 mahdollisimman v\u00e4h\u00e4n. Pakkauksissa ei ole k\u00e4ytetty muovia muutoin kuin pian lanseerattavan tinktuuran tippalukossa.<\/p>\r\n<p><span style=\"font-weight: 400;\">Tuotteiden tuotesis\u00e4lt\u00f6 on mahdollisimman yksinkertainen, eli ne sis\u00e4lt\u00e4v\u00e4t vain muutamaa raaka-ainetta. Kaikki tuotteet perustuvat suomalaisiin villin\u00e4 kasvaviin luonnonkasveihin. <\/span><\/p>\r\n<p><span style=\"font-weight: 400;\">Paikallisten poimijoiden ker\u00e4\u00e4m\u00e4t kasvit ovat kotoisin P\u00e4ij\u00e4t-H\u00e4meest\u00e4, ja ne on k\u00e4sitelty hell\u00e4sti ja asiantuntevasti.\u00a0<\/span><\/p>\r\n<p>Tuotteet ovat monik\u00e4ytt\u00f6isi\u00e4. Samaa hauduketta tai tinktuuraa voi k\u00e4ytt\u00e4\u00e4 moniin eri tarkoituksiin - sis\u00e4isesti tai ulkoisesti.\u00a0<\/p>\r\n<p>\u00a0<\/p>[\/et_pb_cta][\/et_pb_column][et_pb_column type=\"1_2\" _builder_version=\"4.6.5\" _module_preset=\"default\"][et_pb_image src=\"https:\/\/luontoemo.fi\/wp-content\/uploads\/2020\/12\/0-muut-hoitotuotteet-luontoemo.jpg\" _builder_version=\"4.7.4\" _module_preset=\"default\" title_text=\"luontoemon tuotemateriaalit\" hover_enabled=\"0\" sticky_enabled=\"0\"][\/et_pb_image][et_pb_image src=\"https:\/\/luontoemo.fi\/wp-content\/uploads\/2021\/01\/Metsan-Rauha-havutee-ja-tuotekortti-shop.jpg\" title_text=\"Mets\u00e4n Rauha havutee ja tuotekortti shop\" _builder_version=\"4.7.4\" _module_preset=\"default\" hover_enabled=\"0\" sticky_enabled=\"0\"][\/et_pb_image][\/et_pb_column][\/et_pb_row][\/et_pb_section]","_et_gb_content_width":"","footnotes":""},"dipi_cpt_category":[],"class_list":["post-2871","page","type-page","status-publish","hentry"],"_links":{"self":[{"href":"https:\/\/luontoemo.fi\/en\/wp-json\/wp\/v2\/pages\/2871","targetHints":{"allow":["GET"]}}],"collection":[{"href":"https:\/\/luontoemo.fi\/en\/wp-json\/wp\/v2\/pages"}],"about":[{"href":"https:\/\/luontoemo.fi\/en\/wp-json\/wp\/v2\/types\/page"}],"author":[{"embeddable":true,"href":"https:\/\/luontoemo.fi\/en\/wp-json\/wp\/v2\/users\/7"}],"replies":[{"embeddable":true,"href":"https:\/\/luontoemo.fi\/en\/wp-json\/wp\/v2\/comments?post=2871"}],"version-history":[{"count":0,"href":"https:\/\/luontoemo.fi\/en\/wp-json\/wp\/v2\/pages\/2871\/revisions"}],"wp:attachment":[{"href":"https:\/\/luontoemo.fi\/en\/wp-json\/wp\/v2\/media?parent=2871"}],"wp:term":[{"taxonomy":"dipi_cpt_category","embeddable":true,"href":"https:\/\/luontoemo.fi\/en\/wp-json\/wp\/v2\/dipi_cpt_category?post=2871"}],"curies":[{"name":"wp","href":"https:\/\/api.w.org\/{rel}","templated":true}]}}