{"id":2509,"date":"2020-12-28T17:22:50","date_gmt":"2020-12-28T15:22:50","guid":{"rendered":"https:\/\/luontoemo.demo4.xetnet.com\/?page_id=2509"},"modified":"2021-02-03T18:23:12","modified_gmt":"2021-02-03T16:23:12","slug":"turvesauna","status":"publish","type":"page","link":"https:\/\/luontoemo.fi\/en\/palvelut\/turvesauna\/","title":{"rendered":"Turvesauna"},"content":{"rendered":"<p>[et_pb_section fb_built=&#8221;1&#8243; fullwidth=&#8221;on&#8221; _builder_version=&#8221;4.6.5&#8243; _module_preset=&#8221;default&#8221;][et_pb_fullwidth_header title=&#8221;@ET-DC@eyJkeW5hbWljIjp0cnVlLCJjb250ZW50IjoicG9zdF90aXRsZSIsInNldHRpbmdzIjp7ImJlZm9yZSI6IiIsImFmdGVyIjoiIn19@&#8221; _builder_version=&#8221;4.7.4&#8243; _dynamic_attributes=&#8221;title&#8221; _module_preset=&#8221;default&#8221; background_enable_color=&#8221;off&#8221; background_image=&#8221;https:\/\/luontoemo.fi\/wp-content\/uploads\/2020\/10\/Luontoemo_palvelut_header.jpg&#8221; background_position=&#8221;bottom_right&#8221; custom_padding=&#8221;20vh||20vh||true|false&#8221; background_last_edited=&#8221;on|phone&#8221; background_position_phone=&#8221;bottom_left&#8221; custom_css_logo=&#8221;max-width:400px;||margin-bottom:24px;&#8221; button_one_text__hover_enabled=&#8221;off|desktop&#8221;][\/et_pb_fullwidth_header][\/et_pb_section][et_pb_section fb_built=&#8221;1&#8243; _builder_version=&#8221;4.6.5&#8243; _module_preset=&#8221;default&#8221;][et_pb_row _builder_version=&#8221;4.6.5&#8243; _module_preset=&#8221;default&#8221;][et_pb_column type=&#8221;4_4&#8243; _builder_version=&#8221;4.6.5&#8243; _module_preset=&#8221;default&#8221;][et_pb_text _builder_version=&#8221;4.7.4&#8243; _module_preset=&#8221;default&#8221; link_font=&#8221;|||on|||||&#8221; text_orientation=&#8221;center&#8221; max_width=&#8221;500px&#8221; module_alignment=&#8221;center&#8221;]<\/p>\n<p><span>Turvesaunalla on rentouttava ja stressi\u00e4 lievitt\u00e4v\u00e4 vaikutus. Turvehoidot sopivat erilaisten iho-ongelmien, lihas- ja nivelkipujen, stressin, selluliitin sek\u00e4 vaihdevuosivaivojen hoitoon.<\/span><\/p>\n<p>[\/et_pb_text][\/et_pb_column][\/et_pb_row][et_pb_row column_structure=&#8221;1_3,1_3,1_3&#8243; _builder_version=&#8221;4.7.4&#8243; _module_preset=&#8221;default&#8221;][et_pb_column type=&#8221;1_3&#8243; _builder_version=&#8221;4.7.4&#8243; _module_preset=&#8221;default&#8221;][et_pb_image src=&#8221;https:\/\/luontoemo.fi\/wp-content\/uploads\/2020\/12\/turvesauna_web_231x.jpg&#8221; title_text=&#8221;turvesauna_web_231x&#8221; _builder_version=&#8221;4.7.4&#8243; _module_preset=&#8221;default&#8221; max_width=&#8221;230px&#8221; module_alignment=&#8221;center&#8221;][\/et_pb_image][\/et_pb_column][et_pb_column type=&#8221;1_3&#8243; _builder_version=&#8221;4.7.4&#8243; _module_preset=&#8221;default&#8221;][et_pb_image src=&#8221;https:\/\/luontoemo.fi\/wp-content\/uploads\/2020\/12\/turvetta-vadissa.jpg&#8221; title_text=&#8221;turvetta vadissa&#8221; _builder_version=&#8221;4.8.2&#8243; _module_preset=&#8221;default&#8221; max_width=&#8221;230px&#8221; module_alignment=&#8221;center&#8221;][\/et_pb_image][\/et_pb_column][et_pb_column type=&#8221;1_3&#8243; _builder_version=&#8221;4.7.4&#8243; _module_preset=&#8221;default&#8221;][et_pb_image src=&#8221;https:\/\/luontoemo.fi\/wp-content\/uploads\/2020\/12\/Tervalepikon-torpat-Rantasauna_2_2500px_361x.jpg&#8221; title_text=&#8221;Tervalepikon torpat Rantasauna_2_2500px_361x&#8221; _builder_version=&#8221;4.7.4&#8243; _module_preset=&#8221;default&#8221; max_width=&#8221;230px&#8221; module_alignment=&#8221;center&#8221;][\/et_pb_image][\/et_pb_column][\/et_pb_row][et_pb_row column_structure=&#8221;1_2,1_2&#8243; _builder_version=&#8221;4.7.4&#8243; _module_preset=&#8221;default&#8221;][et_pb_column type=&#8221;1_2&#8243; _builder_version=&#8221;4.7.4&#8243; _module_preset=&#8221;default&#8221;][et_pb_text _builder_version=&#8221;4.7.4&#8243; _module_preset=&#8221;default&#8221;]<\/p>\n<div class=\"kvgmc6g5 cxmmr5t8 oygrvhab hcukyx3x c1et5uql\">Turvesaunassamme k\u00e4ytet\u00e4\u00e4n Lehtosuon tutkittua, puhdasta ja kotimaista hoitoturvetta.<\/div>\n<div class=\"kvgmc6g5 cxmmr5t8 oygrvhab hcukyx3x c1et5uql\">\u00a0<\/div>\n<div class=\"kvgmc6g5 cxmmr5t8 oygrvhab hcukyx3x c1et5uql\">Turpeeseen on yli 5000 vuoden aikan maatunut useita l\u00e4\u00e4kinn\u00e4llisi\u00e4 ominaisuuksia sis\u00e4lt\u00e4vi\u00e4 kasveja.\u00a0<span>Hoitoturpeen vaikutus perustuu sen antiseptisuuteen, turpeessa olevien biologisten ainesosien aktivoivaan vaikutukseen ja hoidossa k\u00e4ytett\u00e4v\u00e4\u00e4n l\u00e4mp\u00f6tilaan.<\/span><\/div>\n<div class=\"kvgmc6g5 cxmmr5t8 oygrvhab hcukyx3x c1et5uql\">\u00a0<\/div>\n<div class=\"kvgmc6g5 cxmmr5t8 oygrvhab hcukyx3x c1et5uql\">Turvesaunan aikana voit keskitty\u00e4 itse hoitoon ja rentouttavaan saunael\u00e4mykseen, kun koulutuksen k\u00e4ynyt ohjaaja pit\u00e4\u00e4 huolta saunotuksen kulusta.<\/div>\n<div class=\"kvgmc6g5 cxmmr5t8 oygrvhab hcukyx3x c1et5uql\">\n<p>&nbsp;<\/p>\n<\/div>\n<p>[\/et_pb_text][\/et_pb_column][et_pb_column type=&#8221;1_2&#8243; _builder_version=&#8221;4.7.4&#8243; _module_preset=&#8221;default&#8221;][et_pb_text _builder_version=&#8221;4.7.4&#8243; _module_preset=&#8221;default&#8221;]<strong>Hinta<\/strong>: Pyyd\u00e4 tarjousta, riippuu paikasta<br \/>\n<strong>Hinta sis\u00e4lt\u00e4\u00e4:<\/strong> Ohjattu ja hemmotteleva turvesaunahoito, sis. saunotuksen, pyyhkeet, hoitoturpeen vartalolle ja kasvoille,\u00a0uintimahdollisuuden sek\u00e4 rentoutumishetken v\u00e4lipalan kanssa<\/p>\n<div><strong>Ryhm\u00e4n koko<\/strong>: 1-6 henke\u00e4<\/div>\n<div><strong>Kesto<\/strong>: n. 2 tuntia<\/div>\n<div><strong>Aika<\/strong>: Ymp\u00e4ri vuoden<\/div>\n<div><strong>Kielet<\/strong>: Suomi, englanti, ranska, portugali<\/div>\n<div><strong>Paikka<\/strong>: Sysm\u00e4ss\u00e4 esim. Camping Sysm\u00e4n rantasauna tai <a href=\"http:\/\/tervalepikontorpat.fi\/\">Tervalepikon Torppien<\/a>\u00a0puusauna j\u00e4rven rannalla<\/div>\n<div><strong>Varustus<\/strong>:\u00a0 Halutessa omat bikinit\/uimahousut<\/div>\n<div><strong>Huomioitavaa<\/strong>:\u00a0 Ei \u00a0sovi, jos syd\u00e4nsairaus, epilepsia tai raskaana<\/div>\n<p>[\/et_pb_text][\/et_pb_column][\/et_pb_row][\/et_pb_section][et_pb_section fb_built=&#8221;1&#8243; custom_padding_last_edited=&#8221;on|tablet&#8221; _builder_version=&#8221;4.7.4&#8243; _module_preset=&#8221;default&#8221; custom_padding_tablet=&#8221;0px||||false|false&#8221; custom_padding_phone=&#8221;&#8221;][et_pb_row _builder_version=&#8221;4.6.6&#8243; _module_preset=&#8221;default&#8221; background_image=&#8221;https:\/\/luontoemo.fi\/wp-content\/uploads\/2020\/10\/Luontoemo_paperi_tausta.jpg&#8221; custom_padding=&#8221;40px||40px||true|false&#8221; animation_style=&#8221;slide&#8221; animation_direction=&#8221;bottom&#8221; animation_intensity_slide=&#8221;15%&#8221;][et_pb_column type=&#8221;4_4&#8243; _builder_version=&#8221;4.6.5&#8243; _module_preset=&#8221;default&#8221;][et_pb_text _builder_version=&#8221;4.7.4&#8243; _module_preset=&#8221;default&#8221; link_font=&#8221;|||on|||||&#8221; text_orientation=&#8221;center&#8221; max_width=&#8221;500px&#8221; module_alignment=&#8221;center&#8221; custom_padding=&#8221;|16px||16px|false|true&#8221;]<\/p>\n<h4>Tiedustelut ja varaukset:<\/h4>\n<p>Luontoemo, Pauliina Silva<br \/>\n<my-email data-user=\"pauliina.silva\" data-domain=\"luontoemo.fi\"><\/my-email><br \/>\npuh &#038; WA: <a href=\"tel:+358505424542\">+358 50 542 4542<\/a>[\/et_pb_text][\/et_pb_column][\/et_pb_row][et_pb_row _builder_version=&#8221;4.7.4&#8243; _module_preset=&#8221;default&#8221;][et_pb_column type=&#8221;4_4&#8243; _builder_version=&#8221;4.7.4&#8243; _module_preset=&#8221;default&#8221;][et_pb_text _builder_version=&#8221;4.7.4&#8243; _module_preset=&#8221;default&#8221;]<\/p>\n<div class=\"madpages_component\">\n<div class=\"kskpage_title_comp\">\n<h5 id=\"madpages_element_title_7_1\" class=\"madpages_element\" data-ksk-type=\"title\" data-ksk-el-id=\"7_1\">Hoitoturpeet<\/h5>\n<p class=\"madpages_element\" data-ksk-type=\"title\" data-ksk-el-id=\"7_1\">Luontoemon verkkokaupasta kotimaista hoitoturvetta omaan k\u00e4ytt\u00f6\u00f6n:<\/p>\n<\/div>\n<\/div>\n<div class=\"madpages_component\">\n<div class=\"kskpage_text_comp\">\n<div id=\"madpages_element_paragraph_8_1\" class=\"madpages_element madpages_paragraph           \" data-ksk-type=\"paragraph\" data-ksk-el-id=\"8_1\">\n<div><a href=\"https:\/\/luontoemo.fi\/tuote\/hoitoturvepurkki\/\" target=\"_blank\" rel=\"noopener noreferrer\">Hoitoturvepurkki<\/a><\/div>\n<div><a href=\"https:\/\/luontoemo.fi\/tuote\/hiushoitoturve\/\">Hiushoitoturve<\/a><\/div>\n<\/div>\n<\/div>\n<\/div>\n<p>[\/et_pb_text][\/et_pb_column][\/et_pb_row][\/et_pb_section]<\/p>\n","protected":false},"excerpt":{"rendered":"<p>Turvesaunalla on rentouttava ja stressi\u00e4 lievitt\u00e4v\u00e4 vaikutus. Turvehoidot sopivat erilaisten iho-ongelmien, lihas- ja nivelkipujen, stressin, selluliitin sek\u00e4 vaihdevuosivaivojen hoitoon.Turvesaunassamme k\u00e4ytet\u00e4\u00e4n Lehtosuon tutkittua, puhdasta ja kotimaista hoitoturvetta. \u00a0 Turpeeseen on yli 5000 vuoden aikan maatunut useita l\u00e4\u00e4kinn\u00e4llisi\u00e4 ominaisuuksia sis\u00e4lt\u00e4vi\u00e4 kasveja.\u00a0Hoitoturpeen vaikutus perustuu sen antiseptisuuteen, turpeessa olevien biologisten ainesosien aktivoivaan vaikutukseen ja hoidossa k\u00e4ytett\u00e4v\u00e4\u00e4n l\u00e4mp\u00f6tilaan. \u00a0 Turvesaunan [&hellip;]<\/p>\n","protected":false},"author":7,"featured_media":0,"parent":27,"menu_order":0,"comment_status":"closed","ping_status":"closed","template":"","meta":{"_et_pb_use_builder":"on","_et_pb_old_content":"","_et_gb_content_width":"","footnotes":""},"dipi_cpt_category":[],"class_list":["post-2509","page","type-page","status-publish","hentry"],"_links":{"self":[{"href":"https:\/\/luontoemo.fi\/en\/wp-json\/wp\/v2\/pages\/2509","targetHints":{"allow":["GET"]}}],"collection":[{"href":"https:\/\/luontoemo.fi\/en\/wp-json\/wp\/v2\/pages"}],"about":[{"href":"https:\/\/luontoemo.fi\/en\/wp-json\/wp\/v2\/types\/page"}],"author":[{"embeddable":true,"href":"https:\/\/luontoemo.fi\/en\/wp-json\/wp\/v2\/users\/7"}],"replies":[{"embeddable":true,"href":"https:\/\/luontoemo.fi\/en\/wp-json\/wp\/v2\/comments?post=2509"}],"version-history":[{"count":0,"href":"https:\/\/luontoemo.fi\/en\/wp-json\/wp\/v2\/pages\/2509\/revisions"}],"up":[{"embeddable":true,"href":"https:\/\/luontoemo.fi\/en\/wp-json\/wp\/v2\/pages\/27"}],"wp:attachment":[{"href":"https:\/\/luontoemo.fi\/en\/wp-json\/wp\/v2\/media?parent=2509"}],"wp:term":[{"taxonomy":"dipi_cpt_category","embeddable":true,"href":"https:\/\/luontoemo.fi\/en\/wp-json\/wp\/v2\/dipi_cpt_category?post=2509"}],"curies":[{"name":"wp","href":"https:\/\/api.w.org\/{rel}","templated":true}]}}